{"id":9225,"date":"2026-03-31T11:06:13","date_gmt":"2026-03-31T09:06:13","guid":{"rendered":"https:\/\/www.corso-saunamanufaktur.com\/agb\/"},"modified":"2026-03-31T11:06:16","modified_gmt":"2026-03-31T09:06:16","slug":"cgv","status":"publish","type":"page","link":"https:\/\/www.corso-saunamanufaktur.com\/fr\/cgv\/","title":{"rendered":"CGV"},"content":{"rendered":"\n<div class=\"wp-block-jetpack-layout-grid column1-desktop-grid__span-8 column1-desktop-grid__row-1 column2-desktop-grid__span-4 column2-desktop-grid__start-9 column2-desktop-grid__row-1 column1-tablet-grid__span-4 column1-tablet-grid__row-1 column2-tablet-grid__span-4 column2-tablet-grid__start-5 column2-tablet-grid__row-1 column1-mobile-grid__span-4 column1-mobile-grid__row-1 column2-mobile-grid__span-4 column2-mobile-grid__row-2\">\n<div class=\"wp-block-jetpack-layout-grid-column wp-block-jetpack-layout-grid__padding-none\">\n<figure class=\"wp-block-image size-large\"><img decoding=\"async\" width=\"1280\" height=\"854\" src=\"https:\/\/www.corso-saunamanufaktur.com\/wp-content\/uploads\/2020\/06\/premium-sauna-dampfbad-kombi-corso-3-1280x854.jpg\" alt=\"\" class=\"wp-image-8180\" title=\"\" srcset=\"https:\/\/www.corso-saunamanufaktur.com\/wp-content\/uploads\/2020\/06\/premium-sauna-dampfbad-kombi-corso-3-1280x854.jpg 1280w, https:\/\/www.corso-saunamanufaktur.com\/wp-content\/uploads\/2020\/06\/premium-sauna-dampfbad-kombi-corso-3-640x427.jpg 640w, https:\/\/www.corso-saunamanufaktur.com\/wp-content\/uploads\/2020\/06\/premium-sauna-dampfbad-kombi-corso-3-768x512.jpg 768w, https:\/\/www.corso-saunamanufaktur.com\/wp-content\/uploads\/2020\/06\/premium-sauna-dampfbad-kombi-corso-3-300x200.jpg 300w, https:\/\/www.corso-saunamanufaktur.com\/wp-content\/uploads\/2020\/06\/premium-sauna-dampfbad-kombi-corso-3-1024x683.jpg 1024w, https:\/\/www.corso-saunamanufaktur.com\/wp-content\/uploads\/2020\/06\/premium-sauna-dampfbad-kombi-corso-3.jpg 1400w\" sizes=\"(max-width: 1280px) 100vw, 1280px\" \/><\/figure>\n<\/div>\n\n\n\n<div class=\"wp-block-jetpack-layout-grid-column is-style-border wp-block-jetpack-layout-grid__padding-none\">\n<h3 class=\"wp-block-heading\"><strong>Conditions g\u00e9n\u00e9rales pour la construction de saunas :<\/strong><\/h3>\n\n\n\n<p><br>Nous vous enverrons <a href=\"http:\/\/kontakt\" class=\"rank-math-link\">volontiers sur demande<\/a> les conditions g\u00e9n\u00e9rales actuelles de la corso sauna manufaktur gmbh pour le secteur <strong>construction de saunas. <\/strong><\/p>\n<\/div>\n<\/div>\n\n\n<div id=\"crsx-mb-block-f8fa3419-033e-4a88-8d9b-9b0eda84af3c\" class=\"crsx-testimonnial-image \" style=\"background-image: url(https:\/\/www.corso-saunamanufaktur.com\/wp-content\/uploads\/2020\/06\/Corso-Zitate_Yoga_2000x600.jpg)\">\n\t\t<div class=\"icon\">\n\t\t<img decoding=\"async\" class=\"img-icon\" src=\"https:\/\/www.corso-saunamanufaktur.com\/wp-content\/uploads\/2020\/06\/CORSO-5013_s_empfehlung.svg\" alt=\"\" title=\"\">\n\t<\/div>\n\t\t<div class=\"panel\">\n\t\t<div class=\"intro\">clients satisfaits<\/div>\n\t\t<blockquote class=\"quote\">Merci beaucoup et f\u00e9licitations \u00e0 toute votre \u00e9quipe pour notre magnifique sauna.<\/blockquote>\n\t\t<div class=\"source\">Alexander K.<\/div>\n\t\t\t<\/div>\n<\/div>\n","protected":false},"excerpt":{"rendered":"<p>Conditions g\u00e9n\u00e9rales pour la construction de saunas : Nous vous enverrons volontiers sur demande les conditions g\u00e9n\u00e9rales actuelles de la corso sauna manufaktur gmbh pour le secteur construction de saunas.<\/p>\n","protected":false},"author":5,"featured_media":8180,"parent":0,"menu_order":0,"comment_status":"closed","ping_status":"closed","template":"","meta":{"om_disable_all_campaigns":false,"footnotes":""},"class_list":["post-9225","page","type-page","status-publish","has-post-thumbnail"],"_links":{"self":[{"href":"https:\/\/www.corso-saunamanufaktur.com\/fr\/wp-json\/wp\/v2\/pages\/9225","targetHints":{"allow":["GET"]}}],"collection":[{"href":"https:\/\/www.corso-saunamanufaktur.com\/fr\/wp-json\/wp\/v2\/pages"}],"about":[{"href":"https:\/\/www.corso-saunamanufaktur.com\/fr\/wp-json\/wp\/v2\/types\/page"}],"author":[{"embeddable":true,"href":"https:\/\/www.corso-saunamanufaktur.com\/fr\/wp-json\/wp\/v2\/users\/5"}],"replies":[{"embeddable":true,"href":"https:\/\/www.corso-saunamanufaktur.com\/fr\/wp-json\/wp\/v2\/comments?post=9225"}],"version-history":[{"count":0,"href":"https:\/\/www.corso-saunamanufaktur.com\/fr\/wp-json\/wp\/v2\/pages\/9225\/revisions"}],"wp:featuredmedia":[{"embeddable":true,"href":"https:\/\/www.corso-saunamanufaktur.com\/fr\/wp-json\/wp\/v2\/media\/8180"}],"wp:attachment":[{"href":"https:\/\/www.corso-saunamanufaktur.com\/fr\/wp-json\/wp\/v2\/media?parent=9225"}],"curies":[{"name":"wp","href":"https:\/\/api.w.org\/{rel}","templated":true}]}}