{"id":8836,"date":"2025-10-09T08:13:08","date_gmt":"2025-10-09T06:13:08","guid":{"rendered":"https:\/\/www.corso-saunamanufaktur.com\/manufaktur\/kontakt\/"},"modified":"2025-10-09T08:13:11","modified_gmt":"2025-10-09T06:13:11","slug":"contact","status":"publish","type":"page","link":"https:\/\/www.corso-saunamanufaktur.com\/fr\/manufacture\/contact\/","title":{"rendered":"Contact"},"content":{"rendered":"\n<div class=\"wp-block-jetpack-layout-grid column1-desktop-grid__span-6 column1-desktop-grid__row-1 column2-desktop-grid__span-6 column2-desktop-grid__start-7 column2-desktop-grid__row-1 column1-tablet-grid__span-4 column1-tablet-grid__row-1 column2-tablet-grid__span-4 column2-tablet-grid__start-5 column2-tablet-grid__row-1 column1-mobile-grid__span-4 column1-mobile-grid__row-1 column2-mobile-grid__span-4 column2-mobile-grid__row-2\">\n<div class=\"wp-block-jetpack-layout-grid-column wp-block-jetpack-layout-grid__padding-none\">\n<figure class=\"wp-block-image size-large\"><img decoding=\"async\" width=\"1400\" height=\"934\" src=\"https:\/\/www.corso-saunamanufaktur.com\/wp-content\/uploads\/2020\/06\/Au\u00dfensauna-Gartensauna-corso-Rhombus-7.jpg\" alt=\"\" class=\"wp-image-6409\" title=\"\" srcset=\"https:\/\/www.corso-saunamanufaktur.com\/wp-content\/uploads\/2020\/06\/Au\u00dfensauna-Gartensauna-corso-Rhombus-7.jpg 1400w, https:\/\/www.corso-saunamanufaktur.com\/wp-content\/uploads\/2020\/06\/Au\u00dfensauna-Gartensauna-corso-Rhombus-7-640x427.jpg 640w, https:\/\/www.corso-saunamanufaktur.com\/wp-content\/uploads\/2020\/06\/Au\u00dfensauna-Gartensauna-corso-Rhombus-7-1280x854.jpg 1280w, https:\/\/www.corso-saunamanufaktur.com\/wp-content\/uploads\/2020\/06\/Au\u00dfensauna-Gartensauna-corso-Rhombus-7-768x512.jpg 768w, https:\/\/www.corso-saunamanufaktur.com\/wp-content\/uploads\/2020\/06\/Au\u00dfensauna-Gartensauna-corso-Rhombus-7-300x200.jpg 300w, https:\/\/www.corso-saunamanufaktur.com\/wp-content\/uploads\/2020\/06\/Au\u00dfensauna-Gartensauna-corso-Rhombus-7-1024x683.jpg 1024w\" sizes=\"(max-width: 1400px) 100vw, 1400px\" \/><\/figure>\n<\/div>\n\n\n\n<div class=\"wp-block-jetpack-layout-grid-column is-style-border wp-block-jetpack-layout-grid__padding-none\">\n<p>corso sauna manufaktur gmbh<br>Industriestra\u00dfe 37 | 49565 Bramsche (Pay-Bas)  | ALLEMAGNE<br>T <a href=\"tel:+495461603990\">+49 5461 603990<\/a>  <br>M<a class=\"rank-math-link\" href=\"mailto:info@corso-saunamanufaktur.com\"> info@corso-saunamanufaktur.com<\/a><\/p>\n\n\n\n<p><strong>HEURES D&rsquo;OUVERTURE<\/strong><br>Lundi \u00e0 Jeudi 8 \u00e0 18 h<br>Vendredi 8 \u00e0 16 h<br><br>Pour les consultations \u00e0 l&rsquo;exposition, veuillez prendre rendez-vous afin que nous puissions vous consacrer suffisamment de temps. (Nous proposons \u00e9galement des consultations par vid\u00e9o\/t\u00e9l\u00e9phone).<br><\/p>\n\n\n\n<p><strong>NOTRE RECOMMANDATION<\/strong><br>Une visite \u00e0 <a href=\"https:\/\/www.corso-saunamanufaktur.com\/fr\/expositions-sauna\/expositions-sauna-france\/\" data-type=\"page\" data-id=\"14228\">l&rsquo;exposition de corso sauna manufacture<\/a> vaut la peine &#8211; mettez la main dessus! Laissez-vous inspirer, sentez l&rsquo;odeur du bois de sauna et laissez-vous conseiller de mani\u00e8re intensive par un professionnel du sauna.<\/p>\n<\/div>\n<\/div>\n\n\n\n<!-- Begin Brevo Form -->\n<!-- START - We recommend to place the below code in head tag of your website html  -->\n<style>\n  \n  #sib-container input:-ms-input-placeholder {\n    text-align: left;\n    font-family: \"Futura\", sans-serif;\n    color: #000000;\n  }\n\n  #sib-container input::placeholder {\n    text-align: left;\n    font-family: \"Futura\", sans-serif;\n    color: #000000;\n  }\n.navigation-stick:not(.gen-sidebar-nav) {\n  position: relative !important;\n}\n\n<\/style>\n<link rel=\"stylesheet\" href=\"https:\/\/sibforms.com\/forms\/end-form\/build\/sib-styles.css\">\n<!--  END - We recommend to place the above code in head tag of your website html -->\n\n<!-- START - We recommend to place the below code where you want the form in your website html  -->\n<div class=\"sib-form\" style=\"text-align: center;\n         background-color: transparent;                                           \">\n  <div id=\"sib-form-container\" class=\"sib-form-container\">\n    <div id=\"sib-container\" class=\"sib-container--large sib-container--vertical\" style=\"text-align:center; background-color:transparent; max-width:80%; border-width:0px; border-color:#C0CCD9; border-style:solid;\">\n      <form id=\"sib-form\" method=\"POST\" action=\"https:\/\/564602f7.sibforms.com\/serve\/MUIFAGIJB7SWwMsJ02VoH4POJhhEtTVaAvBbS3nFJhpLLe0yPSzdJumALm3xkX918iN_R9ZezCf2ycIMfKkTRsJiSSSHpEhvIJXDD_M4AqEMFOpDLZIbO0erc3mnceGg2t2lYOMaInYcBFyvqmJ9y5tC3Qu36Ra_1JhOPzPY05ByiD12doKuV5oUbS6rRGvtQTdszHmewJhVzvk8\">\n        <div style=\"padding: 8px 0;\">\n          <div class=\"sib-form-block\" style=\"font-size:32px; text-align:left; font-weight:700; font-family:&quot;Futura&quot;, sans-serif; color:#000000; background-color:transparent; text-align:left\">\n            <p>VOS DONN\u00c9S DE CONTACT<\/p>\n          <\/div>\n        <\/div>\n        <div style=\"padding: 8px 0;\">\n          <div class=\"sib-input sib-form-block\">\n            <div class=\"form__entry entry_block\">\n              <div class=\"form__label-row \">\n\n                <div class=\"entry__field\">\n                  <input class=\"input \" maxlength=\"200\" type=\"text\" id=\"FIRMA\" name=\"FIRMA\" autocomplete=\"off\" placeholder=\"Entreprise\" \/>\n                <\/div>\n              <\/div>\n\n              <label class=\"entry__error entry__error--primary\" style=\"font-size:16px; text-align:left; font-family:&quot;RopaSansPTT-Light&quot;, sans-serif; color:#661d1d; background-color:#ffeded; border-radius:3px; border-color:#ff4949;\">\n              <\/label>\n            <\/div>\n          <\/div>\n        <\/div>\n        <div style=\"padding: 8px 0;\">\n          <div class=\"sib-input sib-form-block\">\n            <div class=\"form__entry entry_block\">\n              <div class=\"form__label-row \">\n\n                <div class=\"entry__field\">\n                  <input class=\"input \" maxlength=\"200\" type=\"text\" id=\"TITEL\" name=\"TITEL\" autocomplete=\"off\" placeholder=\"Titre\" \/>\n                <\/div>\n              <\/div>\n\n              <label class=\"entry__error entry__error--primary\" style=\"font-size:16px; text-align:left; font-family:&quot;RopaSansPTT-Light&quot;, sans-serif; color:#661d1d; background-color:#ffeded; border-radius:3px; border-color:#ff4949;\">\n              <\/label>\n            <\/div>\n          <\/div>\n        <\/div>\n        <div style=\"padding: 8px 0;\">\n          <div class=\"sib-select sib-form-block\" data-required=\"true\">\n            <div class=\"form__entry entry_block\">\n              <div class=\"form__label-row \">\n                <label class=\"entry__label\" style=\"font-weight: 500; text-align:left; font-size:16px; text-align:left; font-family:&quot;Futura&quot;, sans-serif; color:#000000;\" for=\"CSM_ANREDE\" data-required=\"*\">Formule d&#039;appel<\/label>\n                <div class=\"entry__field\">\n                  <select class=\"input\" id=\"CSM_ANREDE\" name=\"CSM_ANREDE\" data-required=\"true\">\n                    <option value=\"\" disabled selected hidden>S\u00e9lectionnez s.v.p.<\/option>\n\n                    <option class=\"sib-menu__item\" value=\"1\">\n                      Pas de donn\u00e9es\n                    <\/option>\n                    <option class=\"sib-menu__item\" value=\"2\">\n                      Madame\n                    <\/option>\n                    <option class=\"sib-menu__item\" value=\"3\">\n                      Monsieur\n                    <\/option>\n                  <\/select>\n                <\/div>\n              <\/div>\n              <label class=\"entry__error entry__error--primary\" style=\"font-size:16px; text-align:left; font-family:&quot;RopaSansPTT-Light&quot;, sans-serif; color:#661d1d; background-color:#ffeded; border-radius:3px; border-color:#ff4949;\">\n              <\/label>\n            <\/div>\n          <\/div>\n        <\/div>\n        <div style=\"padding: 8px 0;\">\n          <div class=\"sib-input sib-form-block\">\n            <div class=\"form__entry entry_block\">\n              <div class=\"form__label-row \">\n\n                <div class=\"entry__field\">\n                  <input class=\"input \" maxlength=\"200\" type=\"text\" id=\"VORNAME\" name=\"VORNAME\" autocomplete=\"off\" placeholder=\"Pr\u00e9nom*\" data-required=\"true\" required \/>\n                <\/div>\n              <\/div>\n\n              <label class=\"entry__error entry__error--primary\" style=\"font-size:16px; text-align:left; font-family:&quot;RopaSansPTT-Light&quot;, sans-serif; color:#661d1d; background-color:#ffeded; border-radius:3px; border-color:#ff4949;\">\n              <\/label>\n            <\/div>\n          <\/div>\n        <\/div>\n        <div style=\"padding: 8px 0;\">\n          <div class=\"sib-input sib-form-block\">\n            <div class=\"form__entry entry_block\">\n              <div class=\"form__label-row \">\n\n                <div class=\"entry__field\">\n                  <input class=\"input \" maxlength=\"200\" type=\"text\" id=\"NACHNAME\" name=\"NACHNAME\" autocomplete=\"off\" placeholder=\"Nom*\" data-required=\"true\" required \/>\n                <\/div>\n              <\/div>\n\n              <label class=\"entry__error entry__error--primary\" style=\"font-size:16px; text-align:left; font-family:&quot;RopaSansPTT-Light&quot;, sans-serif; color:#661d1d; background-color:#ffeded; border-radius:3px; border-color:#ff4949;\">\n              <\/label>\n            <\/div>\n          <\/div>\n        <\/div>\n        <div style=\"padding: 8px 0;\">\n          <div class=\"sib-input sib-form-block\">\n            <div class=\"form__entry entry_block\">\n              <div class=\"form__label-row \">\n\n                <div class=\"entry__field\">\n                  <input class=\"input \" maxlength=\"200\" type=\"text\" id=\"STRASSE\" name=\"STRASSE\" autocomplete=\"off\" placeholder=\"Rue et num\u00e9ro de maison\" \/>\n                <\/div>\n              <\/div>\n\n              <label class=\"entry__error entry__error--primary\" style=\"font-size:16px; text-align:left; font-family:&quot;RopaSansPTT-Light&quot;, sans-serif; color:#661d1d; background-color:#ffeded; border-radius:3px; border-color:#ff4949;\">\n              <\/label>\n            <\/div>\n          <\/div>\n        <\/div>\n        <div style=\"padding: 8px 0;\">\n          <div class=\"sib-input sib-form-block\">\n            <div class=\"form__entry entry_block\">\n              <div class=\"form__label-row \">\n\n                <div class=\"entry__field\">\n                  <input class=\"input \" maxlength=\"200\" type=\"text\" id=\"PLZ\" name=\"PLZ\" autocomplete=\"off\" placeholder=\"Code postal*\" data-required=\"true\" required \/>\n                <\/div>\n              <\/div>\n\n              <label class=\"entry__error entry__error--primary\" style=\"font-size:16px; text-align:left; font-family:&quot;RopaSansPTT-Light&quot;, sans-serif; color:#661d1d; background-color:#ffeded; border-radius:3px; border-color:#ff4949;\">\n              <\/label>\n            <\/div>\n          <\/div>\n        <\/div>\n        <div style=\"padding: 8px 0;\">\n          <div class=\"sib-input sib-form-block\">\n            <div class=\"form__entry entry_block\">\n              <div class=\"form__label-row \">\n\n                <div class=\"entry__field\">\n                  <input class=\"input \" maxlength=\"200\" type=\"text\" id=\"ORT\" name=\"ORT\" autocomplete=\"off\" placeholder=\"Ville*\" data-required=\"true\" required \/>\n                <\/div>\n              <\/div>\n\n              <label class=\"entry__error entry__error--primary\" style=\"font-size:16px; text-align:left; font-family:&quot;RopaSansPTT-Light&quot;, sans-serif; color:#661d1d; background-color:#ffeded; border-radius:3px; border-color:#ff4949;\">\n              <\/label>\n            <\/div>\n          <\/div>\n        <\/div>\n        <div style=\"padding: 8px 0;\">\n          <div class=\"sib-select sib-form-block\" data-required=\"true\">\n            <div class=\"form__entry entry_block\">\n              <div class=\"form__label-row \">\n                <label class=\"entry__label\" style=\"font-weight: 500; text-align:left; font-size:16px; text-align:left; font-family:&quot;Futura&quot;, sans-serif; color:#000000;\" for=\"CSM_LAND\" data-required=\"*\">Pays<\/label>\n                <div class=\"entry__field\">\n                  <select class=\"input\" id=\"CSM_LAND\" name=\"CSM_LAND\" data-required=\"true\">\n                    <option value=\"\" disabled selected hidden>S\u00e9lectionnez s.v.p.<\/option>\n\n                   <option class=\"sib-menu__item\" value=\"8\">\n                      France\n                    <\/option>\n                    <option class=\"sib-menu__item\" value=\"5\">\n                      Liechtenstein\n                    <\/option>\n                    <option class=\"sib-menu__item\" value=\"12\">\n                      Luxembourg\n                    <\/option>\n                    <option class=\"sib-menu__item\" value=\"7\">\n                      Belgique\n                    <\/option>\n     <option class=\"sib-menu__item\" value=\"1\">\n                      Allemagne\n                    <\/option>\n     <option class=\"sib-menu__item\" value=\"2\">\n                      Autriche\n                    <\/option>\n                    <option class=\"sib-menu__item\" value=\"3\">\n                      Suisse\n                    <\/option>\n                    <option class=\"sib-menu__item\" value=\"4\">\n                      Pays-Bas\n                    <\/option>\n                    <option class=\"sib-menu__item\" value=\"6\">\n                      Italie\n                    <\/option>\n                    <option class=\"sib-menu__item\" value=\"11\">\n                      Espagne\n                    <\/option>\n     <option class=\"sib-menu__item\" value=\"9\">\n                      Grande-Bretagne\n                    <\/option>\n     <option class=\"sib-menu__item\" value=\"10\">\n                      \u00c9tats-Unis\n                    <\/option>\n                    <option class=\"sib-menu__item\">\n                      Autres\n                    <\/option>\n                  <\/select>\n                <\/div>\n              <\/div>\n              <label class=\"entry__error entry__error--primary\" style=\"font-size:16px; text-align:left; font-family:&quot;RopaSansPTT-Light&quot;, sans-serif; color:#661d1d; background-color:#ffeded; border-radius:3px; border-color:#ff4949;\">\n              <\/label>\n            <\/div>\n          <\/div>\n        <\/div>\n        <div style=\"padding: 8px 0;\">\n          <div class=\"sib-input sib-form-block\">\n            <div class=\"form__entry entry_block\">\n              <div class=\"form__label-row \">\n\n                <div class=\"entry__field\">\n                  <input class=\"input \" type=\"text\" id=\"EMAIL\" name=\"EMAIL\" autocomplete=\"off\" placeholder=\"E-Mail*\" data-required=\"true\" required \/>\n                <\/div>\n              <\/div>\n\n              <label class=\"entry__error entry__error--primary\" style=\"font-size:16px; text-align:left; font-family:&quot;RopaSansPTT-Light&quot;, sans-serif; color:#661d1d; background-color:#ffeded; border-radius:3px; border-color:#ff4949;\">\n              <\/label>\n            <\/div>\n          <\/div>\n        <\/div>\n        <div style=\"padding: 8px 0;\">\n          <div class=\"sib-input sib-form-block\">\n            <div class=\"form__entry entry_block\">\n              <div class=\"form__label-row \">\n\n                <div class=\"entry__field\">\n                  <input class=\"input \" maxlength=\"200\" type=\"text\" id=\"TELEFON\" name=\"TELEFON\" autocomplete=\"off\" placeholder=\"T\u00e9l\u00e9phone*\" data-required=\"true\" required \/>\n                <\/div>\n              <\/div>\n\n              <label class=\"entry__error entry__error--primary\" style=\"font-size:16px; text-align:left; font-family:&quot;RopaSansPTT-Light&quot;, sans-serif; color:#661d1d; background-color:#ffeded; border-radius:3px; border-color:#ff4949;\">\n              <\/label>\n            <\/div>\n          <\/div>\n        <\/div>\n        <div style=\"padding: 8px 0;\">\n          <div class=\"sib-form-block\" style=\"font-size:32px; text-align:left; font-weight:700; font-family:&quot;Futura&quot;, sans-serif; color:#000000; background-color:transparent; text-align:left\">\n            <p>COMMENT POUVONS-NOUS VOUS AIDER?<\/p>\n          <\/div>\n        <\/div>\n        <div style=\"padding: 8px 0;\">\n          <div class=\"sib-input sib-form-block\">\n            <div class=\"form__entry entry_block\">\n              <div class=\"form__label-row \">\n                <label class=\"entry__label\" style=\"font-weight: 500; text-align:left; font-size:16px; text-align:left; font-family:&quot;Futura&quot;, sans-serif; color:#000000;\" for=\"NACHRICHT\" data-required=\"*\">Notification<\/label>\n\n                <div class=\"entry__field\">\n                  <textarea rows=\"2\" class=\"input \" maxlength=\"500\" id=\"NACHRICHT\" name=\"NACHRICHT\" autocomplete=\"off\" placeholder=\"Votre message*\" data-required=\"true\" required><\/textarea>\n                <\/div>\n              <\/div>\n\n              <label class=\"entry__error entry__error--primary\" style=\"font-size:16px; text-align:left; font-family:&quot;RopaSansPTT-Light&quot;, sans-serif; color:#661d1d; background-color:#ffeded; border-radius:3px; border-color:#ff4949;\">\n              <\/label>\n            <\/div>\n          <\/div>\n        <\/div>\n        <div style=\"padding: 8px 0;\">\n          <div class=\"sib-optin sib-form-block\" data-required=\"true\">\n            <div class=\"form__entry entry_mcq\">\n              <div class=\"form__label-row \">\n                <div class=\"entry__choice\" style=\"\">\n                  <label>\n                    <input type=\"checkbox\" class=\"input_replaced\" value=\"1\" id=\"DATENVERARBEITUNG\" name=\"DATENVERARBEITUNG\" required \/>\n                    <span class=\"checkbox checkbox_tick_positive\"\n            style=\"margin-left:\"\n            ><\/span><span style=\"font-size:14px; text-align:left; font-family:&quot;RopaSansPTT-Light&quot;, sans-serif; color:#3C4858; background-color:transparent;\"><p>Oui, je suis d&rsquo;accord avec le traitement de mes donn\u00e9es et j&rsquo;ai pris connaissance de la <a href=\"https:\/\/www.corso-saunamanufaktur.com\/fr\/politique-confidentialite\/\">d\u00e9claration de confidentialit\u00e9<\/a>.<\/p><span data-required=\"*\" style=\"display: inline;\" class=\"entry__label entry__label_optin\"><\/span><\/span> <\/label>\n                <\/div>\n              <\/div>\n              <label class=\"entry__error entry__error--primary\" style=\"font-size:16px; text-align:left; font-family:&quot;RopaSansPTT-Light&quot;, sans-serif; color:#661d1d; background-color:#ffeded; border-radius:3px; border-color:#ff4949;\">\n              <\/label>\n            <\/div>\n          <\/div>\n\n        <\/div>\n        <div style=\"padding: 8px 0;\">\n        <\/div>\n        <div style=\"padding: 8px 0;\">\n          <div class=\"sib-form-block\" style=\"text-align: left\">\n            <button class=\"sib-form-block__button sib-form-block__button-with-loader\" style=\"font-size:16px; text-align:left; font-weight:700; font-family:&quot;RopaSansPTT-Light&quot;, sans-serif; color:#000000; background-color:#f1ab1e; border-width:0px;\" form=\"sib-form\" type=\"submit\">\n              <svg class=\"icon clickable__icon progress-indicator__icon sib-hide-loader-icon\" viewBox=\"0 0 512 512\">\n                <path d=\"M460.116 373.846l-20.823-12.022c-5.541-3.199-7.54-10.159-4.663-15.874 30.137-59.886 28.343-131.652-5.386-189.946-33.641-58.394-94.896-95.833-161.827-99.676C261.028 55.961 256 50.751 256 44.352V20.309c0-6.904 5.808-12.337 12.703-11.982 83.556 4.306 160.163 50.864 202.11 123.677 42.063 72.696 44.079 162.316 6.031 236.832-3.14 6.148-10.75 8.461-16.728 5.01z\" \/>\n              <\/svg>\n              Envoyer\n            <\/button>\n          <\/div>\n        <\/div>\n        <input type=\"text\" name=\"email_address_check\" value=\"\" class=\"input--hidden\">\n        <input type=\"hidden\" name=\"locale\" value=\"de\">\n        <input type=\"hidden\" name=\"html_type\" value=\"simple\">\n      <\/form>\n    <\/div>\n  <\/div>\n<\/div>\n<!-- END - We recommend to place the below code where you want the form in your website html  -->\n<!-- End Brevo Form -->\n","protected":false},"excerpt":{"rendered":"<p>corso sauna manufaktur gmbhIndustriestra\u00dfe 37 | 49565 Bramsche (Pay-Bas) | ALLEMAGNET +49 5461 603990 M info@corso-saunamanufaktur.com HEURES D&rsquo;OUVERTURELundi \u00e0 Jeudi 8 \u00e0 18 hVendredi 8 \u00e0 16 h Pour les consultations \u00e0 l&rsquo;exposition, veuillez prendre rendez-vous afin que nous puissions vous consacrer suffisamment de temps. (Nous proposons \u00e9galement des consultations par vid\u00e9o\/t\u00e9l\u00e9phone). NOTRE RECOMMANDATIONUne visite &#8230; <a title=\"Contact\" class=\"read-more\" href=\"https:\/\/www.corso-saunamanufaktur.com\/fr\/manufacture\/contact\/\" aria-label=\"En savoir plus sur Contact\">Lire la suite<\/a><\/p>\n","protected":false},"author":1,"featured_media":6409,"parent":8508,"menu_order":50,"comment_status":"closed","ping_status":"closed","template":"template_back_white.php","meta":{"om_disable_all_campaigns":false,"footnotes":""},"class_list":["post-8836","page","type-page","status-publish","has-post-thumbnail"],"_links":{"self":[{"href":"https:\/\/www.corso-saunamanufaktur.com\/fr\/wp-json\/wp\/v2\/pages\/8836","targetHints":{"allow":["GET"]}}],"collection":[{"href":"https:\/\/www.corso-saunamanufaktur.com\/fr\/wp-json\/wp\/v2\/pages"}],"about":[{"href":"https:\/\/www.corso-saunamanufaktur.com\/fr\/wp-json\/wp\/v2\/types\/page"}],"author":[{"embeddable":true,"href":"https:\/\/www.corso-saunamanufaktur.com\/fr\/wp-json\/wp\/v2\/users\/1"}],"replies":[{"embeddable":true,"href":"https:\/\/www.corso-saunamanufaktur.com\/fr\/wp-json\/wp\/v2\/comments?post=8836"}],"version-history":[{"count":0,"href":"https:\/\/www.corso-saunamanufaktur.com\/fr\/wp-json\/wp\/v2\/pages\/8836\/revisions"}],"up":[{"embeddable":true,"href":"https:\/\/www.corso-saunamanufaktur.com\/fr\/wp-json\/wp\/v2\/pages\/8508"}],"wp:featuredmedia":[{"embeddable":true,"href":"https:\/\/www.corso-saunamanufaktur.com\/fr\/wp-json\/wp\/v2\/media\/6409"}],"wp:attachment":[{"href":"https:\/\/www.corso-saunamanufaktur.com\/fr\/wp-json\/wp\/v2\/media?parent=8836"}],"curies":[{"name":"wp","href":"https:\/\/api.w.org\/{rel}","templated":true}]}}