{"id":8579,"date":"2020-11-17T12:11:26","date_gmt":"2020-11-17T12:11:26","guid":{"rendered":"https:\/\/www.corso-saunamanufaktur.com\/manufaktur\/qualitaet\/"},"modified":"2020-11-21T10:46:14","modified_gmt":"2020-11-21T10:46:14","slug":"qualite","status":"publish","type":"page","link":"https:\/\/www.corso-saunamanufaktur.com\/fr\/manufacture\/qualite\/","title":{"rendered":"Qualit\u00e9"},"content":{"rendered":"<div id=\"crsx-mb-block-264bb9dc-139c-442f-872e-448c1f48f399\" class=\"page-hero crsx-header alignfull \">\n\n\t<img decoding=\"async\" class=\"img-back\" src=\"https:\/\/www.corso-saunamanufaktur.com\/wp-content\/uploads\/2020\/08\/corso-Designsauna-Nussbaum-Staebchenoptik-1.jpg\" srcset=\"https:\/\/www.corso-saunamanufaktur.com\/wp-content\/uploads\/2020\/08\/corso-Designsauna-Nussbaum-Staebchenoptik-1-480x280.jpg 480w, https:\/\/www.corso-saunamanufaktur.com\/wp-content\/uploads\/2020\/08\/corso-Designsauna-Nussbaum-Staebchenoptik-1-1280x746.jpg 1280w, https:\/\/www.corso-saunamanufaktur.com\/wp-content\/uploads\/2020\/08\/corso-Designsauna-Nussbaum-Staebchenoptik-1-768x448.jpg 768w, https:\/\/www.corso-saunamanufaktur.com\/wp-content\/uploads\/2020\/08\/corso-Designsauna-Nussbaum-Staebchenoptik-1-1600x933.jpg 1600w, https:\/\/www.corso-saunamanufaktur.com\/wp-content\/uploads\/2020\/08\/corso-Designsauna-Nussbaum-Staebchenoptik-1-1536x896.jpg 1536w, https:\/\/www.corso-saunamanufaktur.com\/wp-content\/uploads\/2020\/08\/corso-Designsauna-Nussbaum-Staebchenoptik-1-2048x1194.jpg 2048w, https:\/\/www.corso-saunamanufaktur.com\/wp-content\/uploads\/2020\/08\/corso-Designsauna-Nussbaum-Staebchenoptik-1-640x373.jpg 640w\" alt=\"\" title=\"\">\n\n\t<div class=\"header-content\">\n\t\t<h1 class=\"entry-title\">L&rsquo;art de l&rsquo;artisanat<br\/><\/h1>\n\t\t<div  class=\"entry-subtitle\">Made in Germany. Avec beaucoup <br> de sens pour le design. Depuis 1968.<\/div>\n\t\n\t\t\t<\/div>\n<\/div>\n\n\n\n\n\n<p><\/p>\n\n\n\n<div class=\"wp-block-jetpack-layout-grid column1-desktop-grid__span-8 column1-desktop-grid__row-1 column2-desktop-grid__span-4 column2-desktop-grid__start-9 column2-desktop-grid__row-1 column1-tablet-grid__span-4 column1-tablet-grid__row-1 column2-tablet-grid__span-4 column2-tablet-grid__start-5 column2-tablet-grid__row-1 column1-mobile-grid__span-4 column1-mobile-grid__row-1 column2-mobile-grid__span-4 column2-mobile-grid__row-2\">\n<div class=\"wp-block-jetpack-layout-grid-column wp-block-jetpack-layout-grid__padding-none\">\n<figure class=\"wp-block-image size-large\"><img decoding=\"async\" width=\"1024\" height=\"576\" src=\"https:\/\/www.corso-saunamanufaktur.com\/wp-content\/uploads\/2020\/07\/Saunaholz-Holzarten-Saunahersteller-1024x576.jpg\" alt=\"\" class=\"wp-image-8615\" title=\"\" srcset=\"https:\/\/www.corso-saunamanufaktur.com\/wp-content\/uploads\/2020\/07\/Saunaholz-Holzarten-Saunahersteller-1024x576.jpg 1024w, https:\/\/www.corso-saunamanufaktur.com\/wp-content\/uploads\/2020\/07\/Saunaholz-Holzarten-Saunahersteller-640x360.jpg 640w, https:\/\/www.corso-saunamanufaktur.com\/wp-content\/uploads\/2020\/07\/Saunaholz-Holzarten-Saunahersteller-1280x720.jpg 1280w, https:\/\/www.corso-saunamanufaktur.com\/wp-content\/uploads\/2020\/07\/Saunaholz-Holzarten-Saunahersteller-768x432.jpg 768w, https:\/\/www.corso-saunamanufaktur.com\/wp-content\/uploads\/2020\/07\/Saunaholz-Holzarten-Saunahersteller-300x169.jpg 300w, https:\/\/www.corso-saunamanufaktur.com\/wp-content\/uploads\/2020\/07\/Saunaholz-Holzarten-Saunahersteller.jpg 1400w\" sizes=\"(max-width: 1024px) 100vw, 1024px\" \/><\/figure>\n<\/div>\n\n\n\n<div class=\"wp-block-jetpack-layout-grid-column is-style-border wp-block-jetpack-layout-grid__padding-none\">\n<h3 class=\"wp-block-heading\">La nature et l&rsquo;homme en harmonie.  <\/h3>\n\n\n\n<p>Chez nous, il y a des gens qui comprennent leur m\u00e9tier et qui aiment leur travail. C\u2019est comme s\u2019ils construisaient chaque sauna pour eux-m\u00eames. Ma\u00eetriser toutes les poign\u00e9es et prendre en charge de grandes sections de fabrication : cela va de soi pour un menuisier dans l\u2019\u00e9quipe corso. Parce que chacun se sent responsable de la construction du sauna.<\/p>\n\n\n\n<div class=\"wp-block-buttons is-layout-flex wp-block-buttons-is-layout-flex\">\n<div class=\"wp-block-button\"><a class=\"wp-block-button__link no-border-radius\" href=\"https:\/\/www.corso-saunamanufaktur.com\/fr\/manufacture\/contact\/\"><strong>PLANIFICATION DU PROJET  &gt;<\/strong><\/a><\/div>\n<\/div>\n\n\n\n<p><\/p>\n<\/div>\n<\/div>\n\n\n<div id=\"crsx-mb-block-73b17a5d-c202-4949-8edd-e7948ce08270\" class=\"crsx-testimonnial-image is-style-alignfull\" style=\"background-image: url(https:\/\/www.corso-saunamanufaktur.com\/wp-content\/uploads\/2020\/09\/Corso-Zitate_MA-schwarz-1.jpg)\">\n\t\t<div class=\"panel\">\n\t\t<div class=\"intro\">Que disent nos employ\u00e9es &#8230;<\/div>\n\t\t<blockquote class=\"quote\">Mon projet pr\u00e9f\u00e9r\u00e9:<br\/> le sauna ext\u00e9rieur CHALET avec son vieux bois.<\/blockquote>\n\t\t<div class=\"source\">Valentin, menuisier dans la team corso <\/div>\n\t\t\t<\/div>\n<\/div>\n\n\n\n<div class=\"wp-block-jetpack-layout-grid column1-desktop-grid__span-6 column1-desktop-grid__row-1 column2-desktop-grid__span-6 column2-desktop-grid__start-7 column2-desktop-grid__row-1 column1-tablet-grid__span-4 column1-tablet-grid__row-1 column2-tablet-grid__span-4 column2-tablet-grid__start-5 column2-tablet-grid__row-1 column1-mobile-grid__span-4 column1-mobile-grid__row-1 column2-mobile-grid__span-4 column2-mobile-grid__row-2\">\n<div class=\"wp-block-jetpack-layout-grid-column is-style-border wp-block-jetpack-layout-grid__padding-none\">\n<h3 class=\"wp-block-heading\">La qualit\u00e9? Se d\u00e9veloppe avec nous par la passion.  <\/h3>\n\n\n\n<p>Notre sens du design ne se trouve pas seulement dans nos <a href=\"https:\/\/www.corso-saunamanufaktur.com\/fr\/sauna-inspirations-references\/\" class=\"rank-math-link\">cr\u00e9ations de sauna.<\/a> D\u00e8s la premi\u00e8re conversation, vous remarquerez ce qu\u2019est corso. Essayez, nous sommes impatients de conna\u00eetre vos souhaits : nous vous aidons \u00e0 choisir le <a href=\"https:\/\/www.corso-saunamanufaktur.com\/fr\/quel-bois-pour-sauna\/\" class=\"rank-math-link\">bois <\/a>et nous vous proposons des id\u00e9es de conception adapt\u00e9es aux mat\u00e9riaux afin que le sauna corresponde au caract\u00e8re de votre bois souhait\u00e9s. Lors de la d\u00e9coupe, nos ma\u00eetres menuisiers font attention aux plus petites nuances, comme le trac\u00e9 du grain. Le menuisier surveille minutieusement chaque \u00e9tape du travail. En bref, il s\u2019occupe de votre sauna jusqu\u2019\u00e0 ce que votre bijou soit construit chez vous et que vous soyez tout \u00e0 fait heureux.<\/p>\n\n\n\n<p><\/p>\n<\/div>\n\n\n\n<div class=\"wp-block-jetpack-layout-grid-column wp-block-jetpack-layout-grid__padding-none\">\n<figure class=\"wp-block-image size-large\"><img decoding=\"async\" width=\"1024\" height=\"684\" src=\"https:\/\/www.corso-saunamanufaktur.com\/wp-content\/uploads\/2020\/06\/saunabau-sauna-hersteller-corso-65-1024x684.jpg\" alt=\"\" class=\"wp-image-8618\" title=\"\" srcset=\"https:\/\/www.corso-saunamanufaktur.com\/wp-content\/uploads\/2020\/06\/saunabau-sauna-hersteller-corso-65-1024x684.jpg 1024w, https:\/\/www.corso-saunamanufaktur.com\/wp-content\/uploads\/2020\/06\/saunabau-sauna-hersteller-corso-65-640x427.jpg 640w, https:\/\/www.corso-saunamanufaktur.com\/wp-content\/uploads\/2020\/06\/saunabau-sauna-hersteller-corso-65-1280x855.jpg 1280w, https:\/\/www.corso-saunamanufaktur.com\/wp-content\/uploads\/2020\/06\/saunabau-sauna-hersteller-corso-65-768x513.jpg 768w, https:\/\/www.corso-saunamanufaktur.com\/wp-content\/uploads\/2020\/06\/saunabau-sauna-hersteller-corso-65-300x200.jpg 300w, https:\/\/www.corso-saunamanufaktur.com\/wp-content\/uploads\/2020\/06\/saunabau-sauna-hersteller-corso-65.jpg 1400w\" sizes=\"(max-width: 1024px) 100vw, 1024px\" \/><\/figure>\n\n\n\n<p><\/p>\n<\/div>\n<\/div>\n\n\n\n<div class=\"wp-block-jetpack-layout-grid column1-desktop-grid__span-8 column1-desktop-grid__row-1 column2-desktop-grid__span-4 column2-desktop-grid__start-9 column2-desktop-grid__row-1 column1-tablet-grid__span-4 column1-tablet-grid__row-1 column2-tablet-grid__span-4 column2-tablet-grid__start-5 column2-tablet-grid__row-1 column1-mobile-grid__span-4 column1-mobile-grid__row-1 column2-mobile-grid__span-4 column2-mobile-grid__row-2\">\n<div class=\"wp-block-jetpack-layout-grid-column wp-block-jetpack-layout-grid__padding-none\">\n<figure class=\"wp-block-gallery columns-1 is-cropped wp-block-gallery-1 is-layout-flex wp-block-gallery-is-layout-flex\"><ul class=\"blocks-gallery-grid\"><li class=\"blocks-gallery-item\"><figure><a href=\"https:\/\/www.corso-saunamanufaktur.com\/wp-content\/uploads\/2020\/06\/saunabau-sauna-hersteller-corso-63-1024x684.jpg\"><img decoding=\"async\" width=\"1024\" height=\"684\" src=\"https:\/\/www.corso-saunamanufaktur.com\/wp-content\/uploads\/2020\/06\/saunabau-sauna-hersteller-corso-63-1024x684.jpg\" alt=\"\" data-id=\"1298\" data-full-url=\"https:\/\/www.corso-saunamanufaktur.com\/wp-content\/uploads\/2020\/06\/saunabau-sauna-hersteller-corso-63.jpg\" data-link=\"https:\/\/www.corso-saunamanufaktur.com\/saunabau-sauna-hersteller-corso-63\/\" class=\"wp-image-8621\" title=\"\" srcset=\"https:\/\/www.corso-saunamanufaktur.com\/wp-content\/uploads\/2020\/06\/saunabau-sauna-hersteller-corso-63-1024x684.jpg 1024w, https:\/\/www.corso-saunamanufaktur.com\/wp-content\/uploads\/2020\/06\/saunabau-sauna-hersteller-corso-63-640x427.jpg 640w, https:\/\/www.corso-saunamanufaktur.com\/wp-content\/uploads\/2020\/06\/saunabau-sauna-hersteller-corso-63-1280x855.jpg 1280w, https:\/\/www.corso-saunamanufaktur.com\/wp-content\/uploads\/2020\/06\/saunabau-sauna-hersteller-corso-63-768x513.jpg 768w, https:\/\/www.corso-saunamanufaktur.com\/wp-content\/uploads\/2020\/06\/saunabau-sauna-hersteller-corso-63-300x200.jpg 300w, https:\/\/www.corso-saunamanufaktur.com\/wp-content\/uploads\/2020\/06\/saunabau-sauna-hersteller-corso-63.jpg 1400w\" sizes=\"(max-width: 1024px) 100vw, 1024px\" \/><\/a><\/figure><\/li><li class=\"blocks-gallery-item\"><figure><a href=\"https:\/\/www.corso-saunamanufaktur.com\/wp-content\/uploads\/2020\/08\/ausstellung-hortus-hochbeete-4-1024x684.jpg\"><img decoding=\"async\" width=\"1024\" height=\"684\" src=\"https:\/\/www.corso-saunamanufaktur.com\/wp-content\/uploads\/2020\/08\/ausstellung-hortus-hochbeete-4-1024x684.jpg\" alt=\"Hortus Design Hochbeet in der corso Ausstellung in Bramsche\" data-id=\"3448\" data-full-url=\"https:\/\/www.corso-saunamanufaktur.com\/wp-content\/uploads\/2020\/08\/ausstellung-hortus-hochbeete-4.jpg\" data-link=\"https:\/\/www.corso-saunamanufaktur.com\/ausstellungen\/ausstellung-bramsche\/ausstellung-hortus-hochbeete-4\/#main\" class=\"wp-image-8415\" title=\"\" srcset=\"https:\/\/www.corso-saunamanufaktur.com\/wp-content\/uploads\/2020\/08\/ausstellung-hortus-hochbeete-4-1024x684.jpg 1024w, https:\/\/www.corso-saunamanufaktur.com\/wp-content\/uploads\/2020\/08\/ausstellung-hortus-hochbeete-4-640x427.jpg 640w, https:\/\/www.corso-saunamanufaktur.com\/wp-content\/uploads\/2020\/08\/ausstellung-hortus-hochbeete-4-1280x855.jpg 1280w, https:\/\/www.corso-saunamanufaktur.com\/wp-content\/uploads\/2020\/08\/ausstellung-hortus-hochbeete-4-768x513.jpg 768w, https:\/\/www.corso-saunamanufaktur.com\/wp-content\/uploads\/2020\/08\/ausstellung-hortus-hochbeete-4-300x200.jpg 300w, https:\/\/www.corso-saunamanufaktur.com\/wp-content\/uploads\/2020\/08\/ausstellung-hortus-hochbeete-4.jpg 1400w\" sizes=\"(max-width: 1024px) 100vw, 1024px\" \/><\/a><\/figure><\/li><\/ul><\/figure>\n<\/div>\n\n\n\n<div class=\"wp-block-jetpack-layout-grid-column is-style-background-yellow wp-block-jetpack-layout-grid__padding-none\">\n<h2 class=\"wp-block-heading\">Durabilit\u00e9? \u00c7a va de soi pour nous.<\/h2>\n\n\n\n<p>En fabriquant votre sauna, nous agissons dans le respect de l\u2019environnement. Reli\u00e9s au bois de la ressource naturelle, nous veillons d\u00e9j\u00e0 \u00e0 une utilisation aussi efficace que possible du mat\u00e9riel lors de la planification du sauna. Nous utilisons des tron\u00e7ons de bois in\u00e9vitables pour produire de l\u2019\u00e9nergie dans le respect de l\u2019environnement, ce que nous traitons de toute fa\u00e7on avec soin. Ainsi, notre nouvelle entreprise satisfait entre autres aux normes d\u2019isolation thermique selon le programme d\u2019efficacit\u00e9 \u00e9nerg\u00e9tique de la KfW.  <\/p>\n\n\n\n<p>Nous produisons une grande partie de l\u2019\u00e9nergie dont nous avons besoin avec notre propre installation photovolta\u00efque sur le toit de notre manufacture.  <\/p>\n\n\n\n<p><strong>&lt;corso goes green&gt; <\/strong><\/p>\n\n\n\n<p>Nous remettons constamment en question notre comportement et optimisons les petits et grands aspects pour rendre notre exploitation toujours plus \u00abverte\u00bb : de la pr\u00e9vention des d\u00e9chets \u00e0 l\u2019utilisation de produits de nettoyage respectueux de l\u2019environnement, en passant par la culture de nos propres l\u00e9gumes biologiques dans nos parterres sur\u00e9lev\u00e9s. [Un projet lanc\u00e9 \u00e0 l\u2019initiative de l\u2019\u00e9quipe des apprentis corso.]  <\/p>\n\n\n\n<div class=\"wp-block-buttons is-layout-flex wp-block-buttons-is-layout-flex\">\n<div class=\"wp-block-button\"><a class=\"wp-block-button__link has-very-dark-gray-color has-very-light-gray-background-color has-text-color has-background no-border-radius\" href=\"http:\/\/hortus-manufaktur.com\" target=\"_blank\" rel=\"noopener\"><strong>HORTUS parterres sur\u00e9lev\u00e9s  &gt;<\/strong><\/a><\/div>\n<\/div>\n\n\n\n<p><\/p>\n<\/div>\n<\/div>\n","protected":false},"excerpt":{"rendered":"<p>La nature et l&rsquo;homme en harmonie. Chez nous, il y a des gens qui comprennent leur m\u00e9tier et qui aiment leur travail. C\u2019est comme s\u2019ils construisaient chaque sauna pour eux-m\u00eames. Ma\u00eetriser toutes les poign\u00e9es et prendre en charge de grandes sections de fabrication : cela va de soi pour un menuisier dans l\u2019\u00e9quipe corso. Parce &#8230; <a title=\"Qualit\u00e9\" class=\"read-more\" href=\"https:\/\/www.corso-saunamanufaktur.com\/fr\/manufacture\/qualite\/\" aria-label=\"En savoir plus sur Qualit\u00e9\">Lire la suite<\/a><\/p>\n","protected":false},"author":5,"featured_media":8581,"parent":8508,"menu_order":50,"comment_status":"closed","ping_status":"closed","template":"template_back_white.php","meta":{"om_disable_all_campaigns":false,"footnotes":""},"class_list":["post-8579","page","type-page","status-publish","has-post-thumbnail"],"_links":{"self":[{"href":"https:\/\/www.corso-saunamanufaktur.com\/fr\/wp-json\/wp\/v2\/pages\/8579","targetHints":{"allow":["GET"]}}],"collection":[{"href":"https:\/\/www.corso-saunamanufaktur.com\/fr\/wp-json\/wp\/v2\/pages"}],"about":[{"href":"https:\/\/www.corso-saunamanufaktur.com\/fr\/wp-json\/wp\/v2\/types\/page"}],"author":[{"embeddable":true,"href":"https:\/\/www.corso-saunamanufaktur.com\/fr\/wp-json\/wp\/v2\/users\/5"}],"replies":[{"embeddable":true,"href":"https:\/\/www.corso-saunamanufaktur.com\/fr\/wp-json\/wp\/v2\/comments?post=8579"}],"version-history":[{"count":0,"href":"https:\/\/www.corso-saunamanufaktur.com\/fr\/wp-json\/wp\/v2\/pages\/8579\/revisions"}],"up":[{"embeddable":true,"href":"https:\/\/www.corso-saunamanufaktur.com\/fr\/wp-json\/wp\/v2\/pages\/8508"}],"wp:featuredmedia":[{"embeddable":true,"href":"https:\/\/www.corso-saunamanufaktur.com\/fr\/wp-json\/wp\/v2\/media\/8581"}],"wp:attachment":[{"href":"https:\/\/www.corso-saunamanufaktur.com\/fr\/wp-json\/wp\/v2\/media?parent=8579"}],"curies":[{"name":"wp","href":"https:\/\/api.w.org\/{rel}","templated":true}]}}