{"id":8259,"date":"2020-11-17T13:37:25","date_gmt":"2020-11-17T13:37:25","guid":{"rendered":"https:\/\/www.corso-saunamanufaktur.com\/ausstellungen\/"},"modified":"2022-12-19T11:59:13","modified_gmt":"2022-12-19T11:59:13","slug":"expositions-sauna","status":"publish","type":"page","link":"https:\/\/www.corso-saunamanufaktur.com\/fr\/expositions-sauna\/","title":{"rendered":"Expositions"},"content":{"rendered":"<div id=\"crsx-mb-block-d975a4dd-d218-4499-87f2-1a234b01c93b\" class=\"page-hero crsx-header alignfull \">\n\n\t<img decoding=\"async\" class=\"img-back\" src=\"https:\/\/www.corso-saunamanufaktur.com\/wp-content\/uploads\/2020\/09\/corso-design-aussensauna-gartensauna.jpg\" srcset=\"https:\/\/www.corso-saunamanufaktur.com\/wp-content\/uploads\/2020\/09\/corso-design-aussensauna-gartensauna-480x333.jpg 480w, https:\/\/www.corso-saunamanufaktur.com\/wp-content\/uploads\/2020\/09\/corso-design-aussensauna-gartensauna-1280x887.jpg 1280w, https:\/\/www.corso-saunamanufaktur.com\/wp-content\/uploads\/2020\/09\/corso-design-aussensauna-gartensauna-768x532.jpg 768w, https:\/\/www.corso-saunamanufaktur.com\/wp-content\/uploads\/2020\/09\/corso-design-aussensauna-gartensauna-1600x1108.jpg 1600w, https:\/\/www.corso-saunamanufaktur.com\/wp-content\/uploads\/2020\/09\/corso-design-aussensauna-gartensauna-1536x1064.jpg 1536w, https:\/\/www.corso-saunamanufaktur.com\/wp-content\/uploads\/2020\/09\/corso-design-aussensauna-gartensauna-2048x1419.jpg 2048w, https:\/\/www.corso-saunamanufaktur.com\/wp-content\/uploads\/2020\/09\/corso-design-aussensauna-gartensauna-640x443.jpg 640w\" alt=\"\" title=\"\">\n\n\t<div class=\"header-content\">\n\t\t<h1 class=\"entry-title\">expositions de saunas<\/h1>\n\t\t<div  class=\"entry-subtitle\">Inspiration pure + les meilleurs conseils<\/div>\n\t\n\t\t\t<\/div>\n<\/div>\n\n\n\n<div class=\"wp-block-jetpack-layout-grid column1-desktop-grid__span-3 column1-desktop-grid__row-1 column2-desktop-grid__span-8 column2-desktop-grid__start-5 column2-desktop-grid__row-1 column1-tablet-grid__span-4 column1-tablet-grid__row-1 column2-tablet-grid__span-4 column2-tablet-grid__start-5 column2-tablet-grid__row-1 column1-mobile-grid__span-4 column1-mobile-grid__row-1 column2-mobile-grid__span-4 column2-mobile-grid__row-2 is-style-border\">\n<div class=\"wp-block-jetpack-layout-grid-column wp-block-jetpack-layout-grid__padding-none\"><div class=\"wp-block-image\">\n<figure class=\"aligncenter size-large is-resized\"><img decoding=\"async\" src=\"https:\/\/www.corso-saunamanufaktur.com\/wp-content\/uploads\/\/2020\/06\/Icon_Corso_w_beratung.svg\" alt=\"\" class=\"wp-image-552\" width=\"300\" height=\"100\" title=\"\"><\/figure>\n<\/div><\/div>\n\n\n\n<div class=\"wp-block-jetpack-layout-grid-column wp-block-jetpack-layout-grid__padding-none\">\n<p>Laissez-vous inspirer. Voir, sentir et toucher le bois du sauna &#8211; avec les meilleurs conseils. En plus de nos propres expositions, il y a des partenaires de corso dans toute l&rsquo;Allemagne, la France et \u00e0 Majorque. Nous serions heureux de vous recommander un contact dans votre r\u00e9gion: <a href=\"https:\/\/www.corso-saunamanufaktur.com\/fr\/manufacture\/contact\/\" class=\"rank-math-link\">DEMANDEZ DES CONSEILS &gt; <\/a> <\/p>\n<\/div>\n<\/div>\n\n\n\n<div class=\"wp-block-jetpack-layout-grid column1-desktop-grid__span-4 column1-desktop-grid__row-1 column2-desktop-grid__span-4 column2-desktop-grid__start-5 column2-desktop-grid__row-1 column3-desktop-grid__span-4 column3-desktop-grid__start-9 column3-desktop-grid__row-1 column1-tablet-grid__span-4 column1-tablet-grid__row-1 column2-tablet-grid__span-4 column2-tablet-grid__start-5 column2-tablet-grid__row-1 column3-tablet-grid__span-8 column3-tablet-grid__row-2 column1-mobile-grid__span-4 column1-mobile-grid__row-1 column2-mobile-grid__span-4 column2-mobile-grid__row-2 column3-mobile-grid__span-4 column3-mobile-grid__row-3 is-style-border-bottom\">\n<div class=\"wp-block-jetpack-layout-grid-column wp-block-jetpack-layout-grid__padding-none\">\n<figure class=\"wp-block-image size-large\"><a href=\"https:\/\/www.corso-saunamanufaktur.com\/fr\/expositions-sauna\/expositions-sauna-france\/\"><img decoding=\"async\" width=\"1280\" height=\"853\" src=\"https:\/\/www.corso-saunamanufaktur.com\/wp-content\/uploads\/2021\/01\/expositions-sauna-france-1280x853.jpg\" alt=\"Expositions de saunas en France - les distributeurs de corso saunas\" class=\"wp-image-14246\" title=\"\" srcset=\"https:\/\/www.corso-saunamanufaktur.com\/wp-content\/uploads\/2021\/01\/expositions-sauna-france-1280x853.jpg 1280w, https:\/\/www.corso-saunamanufaktur.com\/wp-content\/uploads\/2021\/01\/expositions-sauna-france-640x427.jpg 640w, https:\/\/www.corso-saunamanufaktur.com\/wp-content\/uploads\/2021\/01\/expositions-sauna-france-768x512.jpg 768w, https:\/\/www.corso-saunamanufaktur.com\/wp-content\/uploads\/2021\/01\/expositions-sauna-france.jpg 1400w\" sizes=\"(max-width: 1280px) 100vw, 1280px\" \/><\/a><\/figure>\n\n\n\n<p><strong><a href=\"https:\/\/www.corso-saunamanufaktur.com\/fr\/expositions-sauna\/expositions-sauna-france\/\" class=\"rank-math-link\">Expositions de saunas en FRANCE:<\/a><\/strong><br><strong><a href=\"https:\/\/www.corso-saunamanufaktur.com\/fr\/expositions-sauna\/expositions-sauna-france\/\" class=\"rank-math-link\">adresses + heures d\u2019ouverture  &gt;<\/a><\/strong><\/p>\n\n\n\n<p class=\"osnabrueck\">En France, corso travaille avec des concessionnaires s\u00e9lectionn\u00e9s qui seront heureux de vous accueillir dans leurs salles d\u2019expositions.<\/p>\n\n\n\n<p><\/p>\n<\/div>\n\n\n\n<div class=\"wp-block-jetpack-layout-grid-column wp-block-jetpack-layout-grid__padding-none\">\n<figure class=\"wp-block-image size-large\"><a href=\"https:\/\/www.corso-saunamanufaktur.com\/fr\/expositions-sauna\/exposition-siege-bramsche\/\"><img decoding=\"async\" width=\"1280\" height=\"851\" src=\"https:\/\/www.corso-saunamanufaktur.com\/wp-content\/uploads\/2020\/06\/Sauna-Ausstellung-corso-1-1280x851.jpg\" alt=\"Exposition sauna. Conseil professionnel directement chez le fabricant de sauna.\" class=\"wp-image-6406\" title=\"\" srcset=\"https:\/\/www.corso-saunamanufaktur.com\/wp-content\/uploads\/2020\/06\/Sauna-Ausstellung-corso-1-1280x851.jpg 1280w, https:\/\/www.corso-saunamanufaktur.com\/wp-content\/uploads\/2020\/06\/Sauna-Ausstellung-corso-1-640x426.jpg 640w, https:\/\/www.corso-saunamanufaktur.com\/wp-content\/uploads\/2020\/06\/Sauna-Ausstellung-corso-1-768x511.jpg 768w, https:\/\/www.corso-saunamanufaktur.com\/wp-content\/uploads\/2020\/06\/Sauna-Ausstellung-corso-1-300x200.jpg 300w, https:\/\/www.corso-saunamanufaktur.com\/wp-content\/uploads\/2020\/06\/Sauna-Ausstellung-corso-1-1024x681.jpg 1024w, https:\/\/www.corso-saunamanufaktur.com\/wp-content\/uploads\/2020\/06\/Sauna-Ausstellung-corso-1.jpg 1400w\" sizes=\"(max-width: 1280px) 100vw, 1280px\" \/><\/a><\/figure>\n\n\n\n<p><strong><a href=\"https:\/\/www.corso-saunamanufaktur.com\/fr\/expositions-sauna\/exposition-siege-bramsche\/\" class=\"rank-math-link\">Si\u00e8ge principal \u00e0 OSNABR\u00dcCK:<\/a><\/strong><br><strong><a href=\"https:\/\/www.corso-saunamanufaktur.com\/fr\/expositions-sauna\/exposition-siege-bramsche\/\" class=\"rank-math-link\">adresse + heures d\u2019ouverture  &gt;<\/a><\/strong><\/p>\n\n\n\n<p class=\"osnabrueck\">A Bramsche, nous concevons et fabriquons tous les projets de sauna et de bain de vapeur. Vaste exposition de sauna juste \u00e0 c\u00f4t\u00e9 de notre manufacture.<\/p>\n<\/div>\n\n\n\n<div class=\"wp-block-jetpack-layout-grid-column wp-block-jetpack-layout-grid__padding-none\">\n<figure class=\"wp-block-image size-large\"><a href=\"https:\/\/www.corso-saunamanufaktur.com\/fr\/expositions-sauna\/sauna-exposition-munich\/\"><img decoding=\"async\" width=\"1280\" height=\"854\" src=\"https:\/\/www.corso-saunamanufaktur.com\/wp-content\/uploads\/2020\/08\/sauna-ausstellung-muenchen-hofquartier-2-1280x854.jpg\" alt=\"Sauna exposition Munich sauna ext\u00e9rieur et piscine\" class=\"wp-image-8288\" title=\"\" srcset=\"https:\/\/www.corso-saunamanufaktur.com\/wp-content\/uploads\/2020\/08\/sauna-ausstellung-muenchen-hofquartier-2-1280x854.jpg 1280w, https:\/\/www.corso-saunamanufaktur.com\/wp-content\/uploads\/2020\/08\/sauna-ausstellung-muenchen-hofquartier-2-640x427.jpg 640w, https:\/\/www.corso-saunamanufaktur.com\/wp-content\/uploads\/2020\/08\/sauna-ausstellung-muenchen-hofquartier-2-768x512.jpg 768w, https:\/\/www.corso-saunamanufaktur.com\/wp-content\/uploads\/2020\/08\/sauna-ausstellung-muenchen-hofquartier-2-300x200.jpg 300w, https:\/\/www.corso-saunamanufaktur.com\/wp-content\/uploads\/2020\/08\/sauna-ausstellung-muenchen-hofquartier-2-1024x683.jpg 1024w, https:\/\/www.corso-saunamanufaktur.com\/wp-content\/uploads\/2020\/08\/sauna-ausstellung-muenchen-hofquartier-2.jpg 1300w\" sizes=\"(max-width: 1280px) 100vw, 1280px\" \/><\/a><\/figure>\n\n\n\n<p><strong><a href=\"https:\/\/www.corso-saunamanufaktur.com\/fr\/expositions-sauna\/sauna-exposition-munich\/\" class=\"rank-math-link\">Exposition \u00e0 MUNICH: <\/a><\/strong><br><strong><a href=\"https:\/\/www.corso-saunamanufaktur.com\/fr\/expositions-sauna\/sauna-exposition-munich\/\" class=\"rank-math-link\">adresse + heures d\u2019ouverture  &gt;<\/a><\/strong><\/p>\n\n\n\n<p class=\"muenchen\">Exposition au HOFQUARTIER \u00e0 Taufkirchen. Juste \u00e0 c\u00f4t\u00e9: La plus grande exposition de piscines et d\u2019\u00e9tangs de natation d\u2019Allemagne.<\/p>\n<\/div>\n<\/div>\n\n\n\n<div class=\"wp-block-jetpack-layout-grid column1-desktop-grid__span-4 column1-desktop-grid__row-1 column2-desktop-grid__span-4 column2-desktop-grid__start-5 column2-desktop-grid__row-1 column3-desktop-grid__span-4 column3-desktop-grid__start-9 column3-desktop-grid__row-1 column1-tablet-grid__span-4 column1-tablet-grid__row-1 column2-tablet-grid__span-4 column2-tablet-grid__start-5 column2-tablet-grid__row-1 column3-tablet-grid__span-8 column3-tablet-grid__row-2 column1-mobile-grid__span-4 column1-mobile-grid__row-1 column2-mobile-grid__span-4 column2-mobile-grid__row-2 column3-mobile-grid__span-4 column3-mobile-grid__row-3 is-style-border-bottom\">\n<div class=\"wp-block-jetpack-layout-grid-column wp-block-jetpack-layout-grid__padding-none\">\n<figure class=\"wp-block-image size-large\"><a href=\"https:\/\/www.corso-saunamanufaktur.com\/fr\/expositions-sauna\/exposition-sauna-cologne\/\"><img decoding=\"async\" width=\"1280\" height=\"853\" src=\"https:\/\/www.corso-saunamanufaktur.com\/wp-content\/uploads\/2020\/08\/premium-sauna-glasfront-corso-1280x853.jpg\" alt=\"Sauna design lumineux avec fa\u00e7ade en verre et mur en pierre naturelle derri\u00e8re le po\u00eale de sauna\" class=\"wp-image-16693\" title=\"\" srcset=\"https:\/\/www.corso-saunamanufaktur.com\/wp-content\/uploads\/2020\/08\/premium-sauna-glasfront-corso-1280x853.jpg 1280w, https:\/\/www.corso-saunamanufaktur.com\/wp-content\/uploads\/2020\/08\/premium-sauna-glasfront-corso-480x320.jpg 480w, https:\/\/www.corso-saunamanufaktur.com\/wp-content\/uploads\/2020\/08\/premium-sauna-glasfront-corso-768x512.jpg 768w, https:\/\/www.corso-saunamanufaktur.com\/wp-content\/uploads\/2020\/08\/premium-sauna-glasfront-corso-1600x1067.jpg 1600w, https:\/\/www.corso-saunamanufaktur.com\/wp-content\/uploads\/2020\/08\/premium-sauna-glasfront-corso-1536x1024.jpg 1536w, https:\/\/www.corso-saunamanufaktur.com\/wp-content\/uploads\/2020\/08\/premium-sauna-glasfront-corso-640x427.jpg 640w, https:\/\/www.corso-saunamanufaktur.com\/wp-content\/uploads\/2020\/08\/premium-sauna-glasfront-corso-300x200.jpg 300w, https:\/\/www.corso-saunamanufaktur.com\/wp-content\/uploads\/2020\/08\/premium-sauna-glasfront-corso-1024x683.jpg 1024w, https:\/\/www.corso-saunamanufaktur.com\/wp-content\/uploads\/2020\/08\/premium-sauna-glasfront-corso.jpg 1800w\" sizes=\"(max-width: 1280px) 100vw, 1280px\" \/><\/a><\/figure>\n\n\n\n<p><a href=\"https:\/\/www.corso-saunamanufaktur.com\/fr\/expositions-sauna\/exposition-sauna-cologne\/\" data-type=\"page\" data-id=\"17307\"><strong>Exposition \u00e0 COLOGNE:<\/strong><\/a><br><a href=\"https:\/\/www.corso-saunamanufaktur.com\/fr\/expositions-sauna\/exposition-sauna-cologne\/\" data-type=\"page\" data-id=\"17307\"><strong>adresse + <strong>heures d\u2019ouverture<\/strong><\/strong> <strong>><\/strong><\/a><\/p>\n\n\n\n<p class=\"hamburg\">Exposition \u00e0 Cologne. D\u00e9couvrez le monde de \u00ab\u00a0wellness\u00a0\u00bb et profitez des conseils des sauna professionnels.<\/p>\n\n\n\n<p><\/p>\n<\/div>\n\n\n\n<div class=\"wp-block-jetpack-layout-grid-column wp-block-jetpack-layout-grid__padding-none\">\n<figure class=\"wp-block-image size-large\"><a href=\"https:\/\/www.corso-saunamanufaktur.com\/fr\/expositions-sauna\/exposition-pres-de-stuttgart\/\"><img decoding=\"async\" width=\"1280\" height=\"853\" src=\"https:\/\/www.corso-saunamanufaktur.com\/wp-content\/uploads\/2022\/01\/sauna-ausstellung-stuttgart-1-1280x853.jpg\" alt=\"Sauna Exhibition Stuttgart: Piscine + Maison \u00e0 Kirchheim unter Teck\" class=\"wp-image-16977\" title=\"\" srcset=\"https:\/\/www.corso-saunamanufaktur.com\/wp-content\/uploads\/2022\/01\/sauna-ausstellung-stuttgart-1-1280x853.jpg 1280w, https:\/\/www.corso-saunamanufaktur.com\/wp-content\/uploads\/2022\/01\/sauna-ausstellung-stuttgart-1-480x320.jpg 480w, https:\/\/www.corso-saunamanufaktur.com\/wp-content\/uploads\/2022\/01\/sauna-ausstellung-stuttgart-1-768x512.jpg 768w, https:\/\/www.corso-saunamanufaktur.com\/wp-content\/uploads\/2022\/01\/sauna-ausstellung-stuttgart-1.jpg 1400w\" sizes=\"(max-width: 1280px) 100vw, 1280px\" \/><\/a><\/figure>\n\n\n\n<p><a href=\"https:\/\/www.corso-saunamanufaktur.com\/fr\/expositions-sauna\/exposition-pres-de-stuttgart\/\" data-type=\"page\" data-id=\"16965\"><strong>Exposition pr\u00e8s de STUTTGART:<\/strong><\/a><br><a class=\"rank-math-link\" href=\"https:\/\/www.corso-saunamanufaktur.com\/fr\/expositions-sauna\/sauna-exposition-hambourg\/\"><strong>adresse + <strong>heures d\u2019ouverture<\/strong><\/strong> <strong>&gt;<\/strong><\/a><\/p>\n\n\n\n<p>Grande exposition de saunas et pools. R\u00e9alisez votre r\u00eave de bien-\u00eatre avec un professionnel \u00e0 vos c\u00f4t\u00e9s.<\/p>\n<\/div>\n\n\n\n<div class=\"wp-block-jetpack-layout-grid-column wp-block-jetpack-layout-grid__padding-none\">\n<h3 class=\"wp-block-heading\">Le meilleur conseil : directement dans le salon du sauna<\/h3>\n\n\n\n<p>Ne manquez pas l&rsquo;occasion de vous faire une id\u00e9e \u00e0 l&rsquo;avance: de la qualit\u00e9 de nos solutions de sauna et de nos conseils. Dans nos expositions de saunas, des professionnels du sauna form\u00e9s vous aideront \u00e0 planifier votre projet. Vous pouvez voir, sentir et palper le bois sur place. Vous pouvez \u00ab\u00a0tester le lit de sauna\u00a0\u00bb pour d\u00e9velopper une id\u00e9e et un sentiment pour le sauna de vos r\u00eaves.<\/p>\n\n\n\n<p>Vous trouverez les expositions de sauna de corso \u00e0 Bramsche pr\u00e8s d&rsquo;Osnabr\u00fcck (si\u00e8ge social), \u00e0 Taufkirchen pr\u00e8s de Munich, \u00e0 Cologne et \u00e0 Kirchheim pr\u00e8s de Stuttgart.<\/p>\n\n\n\n<p>Nous nous r\u00e9jouissons de vous rencontrer!<\/p>\n<\/div>\n<\/div>\n\n\n\n<p><\/p>\n","protected":false},"excerpt":{"rendered":"<p>Laissez-vous inspirer. Voir, sentir et toucher le bois du sauna &#8211; avec les meilleurs conseils. En plus de nos propres expositions, il y a des partenaires de corso dans toute l&rsquo;Allemagne, la France et \u00e0 Majorque. Nous serions heureux de vous recommander un contact dans votre r\u00e9gion: DEMANDEZ DES CONSEILS &gt; Expositions de saunas en &#8230; <a title=\"Expositions\" class=\"read-more\" href=\"https:\/\/www.corso-saunamanufaktur.com\/fr\/expositions-sauna\/\" aria-label=\"En savoir plus sur Expositions\">Lire la suite<\/a><\/p>\n","protected":false},"author":1,"featured_media":6406,"parent":0,"menu_order":40,"comment_status":"closed","ping_status":"closed","template":"","meta":{"om_disable_all_campaigns":false,"footnotes":""},"class_list":["post-8259","page","type-page","status-publish","has-post-thumbnail"],"_links":{"self":[{"href":"https:\/\/www.corso-saunamanufaktur.com\/fr\/wp-json\/wp\/v2\/pages\/8259","targetHints":{"allow":["GET"]}}],"collection":[{"href":"https:\/\/www.corso-saunamanufaktur.com\/fr\/wp-json\/wp\/v2\/pages"}],"about":[{"href":"https:\/\/www.corso-saunamanufaktur.com\/fr\/wp-json\/wp\/v2\/types\/page"}],"author":[{"embeddable":true,"href":"https:\/\/www.corso-saunamanufaktur.com\/fr\/wp-json\/wp\/v2\/users\/1"}],"replies":[{"embeddable":true,"href":"https:\/\/www.corso-saunamanufaktur.com\/fr\/wp-json\/wp\/v2\/comments?post=8259"}],"version-history":[{"count":0,"href":"https:\/\/www.corso-saunamanufaktur.com\/fr\/wp-json\/wp\/v2\/pages\/8259\/revisions"}],"wp:featuredmedia":[{"embeddable":true,"href":"https:\/\/www.corso-saunamanufaktur.com\/fr\/wp-json\/wp\/v2\/media\/6406"}],"wp:attachment":[{"href":"https:\/\/www.corso-saunamanufaktur.com\/fr\/wp-json\/wp\/v2\/media?parent=8259"}],"curies":[{"name":"wp","href":"https:\/\/api.w.org\/{rel}","templated":true}]}}