{"id":17307,"date":"2022-03-22T10:28:31","date_gmt":"2022-03-22T10:28:31","guid":{"rendered":"https:\/\/www.corso-saunamanufaktur.com\/?page_id=17307"},"modified":"2025-06-30T07:33:59","modified_gmt":"2025-06-30T05:33:59","slug":"exposition-sauna-cologne","status":"publish","type":"page","link":"https:\/\/www.corso-saunamanufaktur.com\/fr\/expositions-sauna\/exposition-sauna-cologne\/","title":{"rendered":"Exposition de sauna Cologne"},"content":{"rendered":"\n<div class=\"wp-block-jetpack-layout-grid column1-desktop-grid__span-8 column1-desktop-grid__row-1 column2-desktop-grid__span-4 column2-desktop-grid__start-9 column2-desktop-grid__row-1 column1-tablet-grid__span-4 column1-tablet-grid__row-1 column2-tablet-grid__span-4 column2-tablet-grid__start-5 column2-tablet-grid__row-1 column1-mobile-grid__span-4 column1-mobile-grid__row-1 column2-mobile-grid__span-4 column2-mobile-grid__row-2\">\n<div class=\"wp-block-jetpack-layout-grid-column wp-block-jetpack-layout-grid__padding-none\">\n <div class=\"brlbs-cmpnt-container brlbs-cmpnt-content-blocker brlbs-cmpnt-with-individual-styles\" data-borlabs-cookie-content-blocker-id=\"google-maps\" data-borlabs-cookie-content=\"PGlmcmFtZSBzcmM9Imh0dHBzOi8vd3d3Lmdvb2dsZS5jb20vbWFwcy9lbWJlZD9wYj0hMW0xOCExbTEyITFtMyExZDI1MTQuMTc2OTAzNzY3MzgwMyEyZDYuOTUxODQyMDUxNzE3NjY3ITNkNTAuOTM4OTQxMzc5NDQ1MjYhMm0zITFmMCEyZjAhM2YwITNtMiExaTEwMjQhMmk3NjghNGYxMy4xITNtMyExbTIhMXMweDQ3YmYyNWJiMzdhMTc1YzklM0EweGY0OGI2MzA3ODQxZTkyZTUhMnNIYXNlbmthbXAlMjBCYWRhdXNzdGVsbHVuZyUyMEJhZCUyME9hc2UlMjAoTmllZGVybGFzc3VuZyUyMEslQzMlQjZsbikhNWUwITNtMiExc2RlITJzZGUhNHYxNjQ3NDI1NDQwNjU2ITVtMiExc2RlITJzZGUiIHN0eWxlPSJib3JkZXI6MDsiIGFsbG93ZnVsbHNjcmVlbj0iIiBsb2FkaW5nPSJsYXp5IiB3aWR0aD0iMTAwJSIgaGVpZ2h0PSIxMDAlIj48L2lmcmFtZT4=\"><div class=\"brlbs-cmpnt-cb-preset-b brlbs-cmpnt-cb-google-maps\"> <div class=\"brlbs-cmpnt-cb-thumbnail\" style=\"background-image: url('https:\/\/www.corso-saunamanufaktur.com\/wp-content\/uploads\/borlabs-cookie\/1\/brlbs-cb-google-maps-main.png')\"><\/div> <div class=\"brlbs-cmpnt-cb-main\"> <div class=\"brlbs-cmpnt-cb-content\"> <p class=\"brlbs-cmpnt-cb-description\">Vous \u00eates actuellement en train de consulter le contenu d&rsquo;un espace r\u00e9serv\u00e9 de <strong>Google Maps<\/strong>. Pour acc\u00e9der au contenu r\u00e9el, cliquez sur le bouton ci-dessous. Veuillez noter que ce faisant, des donn\u00e9es seront partag\u00e9es avec des providers tiers.<\/p> <a class=\"brlbs-cmpnt-cb-provider-toggle\" href=\"#\" data-borlabs-cookie-show-provider-information role=\"button\">Plus d&rsquo;informations<\/a> <\/div> <div class=\"brlbs-cmpnt-cb-buttons\"> <a class=\"brlbs-cmpnt-cb-btn\" href=\"#\" data-borlabs-cookie-unblock role=\"button\">D\u00e9bloquer le contenu<\/a> <a class=\"brlbs-cmpnt-cb-btn\" href=\"#\" data-borlabs-cookie-accept-service role=\"button\" style=\"display: inherit\">Accepter le service requis et d\u00e9bloquer les contenus<\/a> <\/div> <\/div> <\/div><\/div>\n<\/div>\n\n\n\n<div class=\"wp-block-jetpack-layout-grid-column is-style-border wp-block-jetpack-layout-grid__padding-none\">\n<p><strong>HEURES D\u2019OUVERTURE<\/strong><br>Du lundi au vendredi de 11 h \u00e0 18 h<br>Samedi 11 h \u2013 15 h<\/p>\n\n\n\n<p>CONSEIL DANS L&rsquo;EXPOSITION<br>Veuillez prendre rendez-vous afin que nous puissions vous consacrer suffisamment de temps. (Alternative : consultation par vid\u00e9o\/t\u00e9l\u00e9phone.)<\/p>\n\n\n\n<p><strong>ADRESSE<\/strong><br>Manufacture de bien-\u00eatre Hasenkamp<br>Kolumbastrasse 10<br>50667 Cologne<br>T\u00e9l\u00e9phone <strong>0221 83790335<\/strong><br>Parking: Parking \u00e0 plusieurs \u00e9tages Br\u00fcckenstra\u00dfe (Ludwigstra\u00dfe 4, 50667 Cologne)<\/p>\n\n\n\n<div class=\"wp-block-buttons is-layout-flex wp-block-buttons-is-layout-flex\">\n<div class=\"wp-block-button is-style-width-100\"><a class=\"wp-block-button__link has-very-dark-gray-color has-text-color has-background no-border-radius wp-element-button\" href=\"https:\/\/www.corso-saunamanufaktur.com\/fr\/manufacture\/contact\/\" style=\"background-color:#f1ab1e\"><strong>CONTACT &gt;<\/strong><\/a><\/div>\n<\/div>\n<\/div>\n<\/div>\n\n\n\n<div class=\"wp-block-jetpack-layout-grid column1-desktop-grid__span-4 column1-desktop-grid__row-1 column2-desktop-grid__span-8 column2-desktop-grid__start-5 column2-desktop-grid__row-1 column1-tablet-grid__span-4 column1-tablet-grid__row-1 column2-tablet-grid__span-4 column2-tablet-grid__start-5 column2-tablet-grid__row-1 column1-mobile-grid__span-4 column1-mobile-grid__row-1 column2-mobile-grid__span-4 column2-mobile-grid__row-2\">\n<div class=\"wp-block-jetpack-layout-grid-column wp-block-jetpack-layout-grid__padding-none\">\n<h3 class=\"wp-block-heading\">Exposition de sauna corso Cologne chez  \u00abWellness-Manufaktur Hasenkamp\u00bb<\/h3>\n\n\n\n<p>Votre propre sauna ne doit pas rester un r\u00eave&#8230;! Le Wellness-Manufaktur Hasenkamp est votre interlocuteur pour les saunas individuels, les bains de vapeur, les cabines infrarouges, les bains \u00e0 remous et les bains de r\u00eave pour le secteur priv\u00e9 ou commercial. Au c\u0153ur de la vieille ville de Cologne, vous trouverez quatre saunas design et de nombreuses id\u00e9es de salles de bains sur plus de 450 m\u00e8tres carr\u00e9s d\u2019espace d\u2019exposition.<\/p>\n\n\n\n<h3 class=\"wp-block-heading\">Conseils comp\u00e9tents directement dans l\u2019exposition de sauna Cologne:<\/h3>\n\n\n\n<p>De la planification \u00e0 l\u2019assemblage en passant par la maintenance, le ma\u00eetre artisan Hasenkamp offre tous les services commerciaux \u00e0 partir d\u2019une source unique dans tous les m\u00e9tiers &#8211; avec un prix fixe et une garantie de d\u00e9lai. Avec vous, l\u2019\u00e9quipe de conception de la salle de bain d\u00e9veloppe votre solution de bien-\u00eatre individuelle et holistique. Laissez-vous inspirer par la belle manufacture de bien-\u00eatre et conseill\u00e9 par les professionnels du sauna.<\/p>\n\n\n\n<p><\/p>\n\n\n\n<div class=\"wp-block-buttons is-layout-flex wp-block-buttons-is-layout-flex\">\n<div class=\"wp-block-button is-style-width-100\"><a class=\"wp-block-button__link has-very-dark-gray-color has-text-color has-background no-border-radius wp-element-button\" href=\"https:\/\/www.corso-saunamanufaktur.com\/fr\/manufacture\/contact\/\" style=\"background-color:#f1ab1e\"><strong>PRENDRE RENDEZ-VOUS  &gt;<\/strong><\/a><\/div>\n<\/div>\n\n\n\n<p><\/p>\n<\/div>\n\n\n\n<div class=\"wp-block-jetpack-layout-grid-column wp-block-jetpack-layout-grid__padding-none\">\n<figure class=\"wp-block-image size-large\"><a href=\"https:\/\/www.corso-saunamanufaktur.com\/wp-content\/uploads\/2020\/08\/premium-sauna-glasfront-corso-1280x853.jpg\"><img decoding=\"async\" width=\"1280\" height=\"853\" src=\"https:\/\/www.corso-saunamanufaktur.com\/wp-content\/uploads\/2020\/08\/premium-sauna-glasfront-corso-1280x853.jpg\" alt=\"Sauna design lumineux avec fa\u00e7ade en verre et mur en pierre naturelle derri\u00e8re le po\u00eale de sauna\" class=\"wp-image-16693\" title=\"\" srcset=\"https:\/\/www.corso-saunamanufaktur.com\/wp-content\/uploads\/2020\/08\/premium-sauna-glasfront-corso-1280x853.jpg 1280w, https:\/\/www.corso-saunamanufaktur.com\/wp-content\/uploads\/2020\/08\/premium-sauna-glasfront-corso-480x320.jpg 480w, https:\/\/www.corso-saunamanufaktur.com\/wp-content\/uploads\/2020\/08\/premium-sauna-glasfront-corso-768x512.jpg 768w, https:\/\/www.corso-saunamanufaktur.com\/wp-content\/uploads\/2020\/08\/premium-sauna-glasfront-corso-1600x1067.jpg 1600w, https:\/\/www.corso-saunamanufaktur.com\/wp-content\/uploads\/2020\/08\/premium-sauna-glasfront-corso-1536x1024.jpg 1536w, https:\/\/www.corso-saunamanufaktur.com\/wp-content\/uploads\/2020\/08\/premium-sauna-glasfront-corso-640x427.jpg 640w, https:\/\/www.corso-saunamanufaktur.com\/wp-content\/uploads\/2020\/08\/premium-sauna-glasfront-corso-300x200.jpg 300w, https:\/\/www.corso-saunamanufaktur.com\/wp-content\/uploads\/2020\/08\/premium-sauna-glasfront-corso-1024x683.jpg 1024w, https:\/\/www.corso-saunamanufaktur.com\/wp-content\/uploads\/2020\/08\/premium-sauna-glasfront-corso.jpg 1800w\" sizes=\"(max-width: 1280px) 100vw, 1280px\" \/><\/a><\/figure>\n\n\n\n<p><\/p>\n<\/div>\n<\/div>\n\n\n\n<div class=\"wp-block-jetpack-layout-grid column1-desktop-grid__span-4 column1-desktop-grid__row-1 column2-desktop-grid__span-8 column2-desktop-grid__start-5 column2-desktop-grid__row-1 column1-tablet-grid__span-4 column1-tablet-grid__row-1 column2-tablet-grid__span-4 column2-tablet-grid__start-5 column2-tablet-grid__row-1 column1-mobile-grid__span-4 column1-mobile-grid__row-1 column2-mobile-grid__span-4 column2-mobile-grid__row-2 is-style-border\">\n<div class=\"wp-block-jetpack-layout-grid-column wp-block-jetpack-layout-grid__padding-none\">\n<figure class=\"wp-block-image size-full is-style-inline-svg\"><img decoding=\"async\" width=\"400\" height=\"200\" src=\"https:\/\/www.corso-saunamanufaktur.com\/wp-content\/uploads\/\/2020\/08\/CORSO-5013_beratung-weiss_sg.svg\" alt=\"\" class=\"wp-image-8332\" title=\"\"><\/figure>\n<\/div>\n\n\n\n<div class=\"wp-block-jetpack-layout-grid-column wp-block-jetpack-layout-grid__padding-none\">\n<h2 class=\"wp-block-heading\">Service complet dans tous les m\u00e9tiers<\/h2>\n\n\n\n<p>Votre avantage: En plus de conseils comp\u00e9tents, le Wellness-Manufaktur Hasenkamp offre un service de premi\u00e8re classe \u00ab\u00e0 partir d\u2019une source unique\u00bb: les experts de la salle de bain et du bien-\u00eatre s\u2019occupent de coordonner tous les m\u00e9tiers afin que vous puissiez vous asseoir et vous d\u00e9tendre d\u00e8s le d\u00e9but.<\/p>\n<\/div>\n<\/div>\n\n\n\n<div class=\"wp-block-jetpack-layout-grid column1-desktop-grid__span-8 column1-desktop-grid__row-1 column2-desktop-grid__span-4 column2-desktop-grid__start-9 column2-desktop-grid__row-1 column1-tablet-grid__span-4 column1-tablet-grid__row-1 column2-tablet-grid__span-4 column2-tablet-grid__start-5 column2-tablet-grid__row-1 column1-mobile-grid__span-4 column1-mobile-grid__row-1 column2-mobile-grid__span-4 column2-mobile-grid__row-2\">\n<div class=\"wp-block-jetpack-layout-grid-column wp-block-jetpack-layout-grid__padding-none\">\n<figure class=\"wp-block-image size-large\"><img decoding=\"async\" width=\"1280\" height=\"853\" src=\"https:\/\/www.corso-saunamanufaktur.com\/wp-content\/uploads\/2020\/06\/Heimsauna-Nische-Bad-corso-5-1280x853.jpg\" alt=\"Sauna \u00e0 la maison avec fa\u00e7ade en verre en tremble clair et thermo-tremble fonc\u00e9 pour la maison dans la salle de bain\" class=\"wp-image-6689\" title=\"\" srcset=\"https:\/\/www.corso-saunamanufaktur.com\/wp-content\/uploads\/2020\/06\/Heimsauna-Nische-Bad-corso-5-1280x853.jpg 1280w, https:\/\/www.corso-saunamanufaktur.com\/wp-content\/uploads\/2020\/06\/Heimsauna-Nische-Bad-corso-5-640x427.jpg 640w, https:\/\/www.corso-saunamanufaktur.com\/wp-content\/uploads\/2020\/06\/Heimsauna-Nische-Bad-corso-5-768x512.jpg 768w, https:\/\/www.corso-saunamanufaktur.com\/wp-content\/uploads\/2020\/06\/Heimsauna-Nische-Bad-corso-5-300x200.jpg 300w, https:\/\/www.corso-saunamanufaktur.com\/wp-content\/uploads\/2020\/06\/Heimsauna-Nische-Bad-corso-5-1024x682.jpg 1024w, https:\/\/www.corso-saunamanufaktur.com\/wp-content\/uploads\/2020\/06\/Heimsauna-Nische-Bad-corso-5.jpg 1400w\" sizes=\"(max-width: 1280px) 100vw, 1280px\" \/><\/figure>\n<\/div>\n\n\n\n<div class=\"wp-block-jetpack-layout-grid-column is-style-background-yellow wp-block-jetpack-layout-grid__padding-none\">\n<h3 class=\"wp-block-heading\">Exposition sauna Cologne<\/h3>\n\n\n\n<p>En tant que partenaire premium, votre projet de sauna sera mis en \u0153uvre dans la manufacture de bien-\u00eatre de A \u00e0 Z: en commen\u00e7ant par la g\u00e9n\u00e9ration d\u2019id\u00e9es et en passant par des conseils comp\u00e9tents jusqu\u2019\u00e0 l\u2019assemblage par des installateurs de sauna form\u00e9s. Laissez-nous vous convaincre par  <\/p>\n\n\n\n<ul class=\"wp-block-list\">\n<li>qualit\u00e9 sup\u00e9rieure<\/li>\n\n\n\n<li>produits individuels corso sur mesure<\/li>\n\n\n\n<li>\u00abMade in Germany\u00bb<\/li>\n<\/ul>\n\n\n\n<p><\/p>\n\n\n\n<div class=\"wp-block-buttons is-layout-flex wp-block-buttons-is-layout-flex\">\n<div class=\"wp-block-button\"><a class=\"wp-block-button__link has-very-dark-gray-color has-text-color has-background no-border-radius wp-element-button\" href=\"https:\/\/www.corso-saunamanufaktur.com\/fr\/manufacture\/contact\/\" style=\"background-color:#ffffff\"><strong>DEMANDE DE PROJET  &gt;<\/strong><\/a><\/div>\n<\/div>\n<\/div>\n<\/div>\n\n\n\n<div class=\"wp-block-jetpack-layout-grid column1-desktop-grid__span-12 column1-desktop-grid__row-1 column1-tablet-grid__span-8 column1-tablet-grid__row-1 column1-mobile-grid__span-4 column1-mobile-grid__row-1\">\n<div class=\"wp-block-jetpack-layout-grid-column wp-block-jetpack-layout-grid__padding-none\">\n<h2 class=\"wp-block-heading\">Autres sites: corso sauna expositions<\/h2>\n\n\n\n<div class=\"wp-block-jetpack-layout-grid column1-desktop-grid__span-6 column1-desktop-grid__row-1 column2-desktop-grid__span-6 column2-desktop-grid__start-7 column2-desktop-grid__row-1 column1-tablet-grid__span-4 column1-tablet-grid__row-1 column2-tablet-grid__span-4 column2-tablet-grid__start-5 column2-tablet-grid__row-1 column1-mobile-grid__span-4 column1-mobile-grid__row-1 column2-mobile-grid__span-4 column2-mobile-grid__row-2\">\n<div class=\"wp-block-jetpack-layout-grid-column wp-block-jetpack-layout-grid__padding-none\"><div id=\"crsx-mb-block-ee85ff9d-361a-4cae-92fa-d6f224a632a8\" class=\"crsx-image-button \">\n\t<img decoding=\"async\" class=\"img-back\" src=\"https:\/\/www.corso-saunamanufaktur.com\/wp-content\/uploads\/2020\/08\/sauna-ausstellung-corso-hamburg-1.jpg\" srcset=\"https:\/\/www.corso-saunamanufaktur.com\/wp-content\/uploads\/2020\/08\/sauna-ausstellung-corso-hamburg-1-480x324.jpg 480w, https:\/\/www.corso-saunamanufaktur.com\/wp-content\/uploads\/2020\/08\/sauna-ausstellung-corso-hamburg-1-768x519.jpg 768w, https:\/\/www.corso-saunamanufaktur.com\/wp-content\/uploads\/2020\/08\/sauna-ausstellung-corso-hamburg-1-640x432.jpg 640w, https:\/\/www.corso-saunamanufaktur.com\/wp-content\/uploads\/2020\/08\/sauna-ausstellung-corso-hamburg-1-300x203.jpg 300w, https:\/\/www.corso-saunamanufaktur.com\/wp-content\/uploads\/2020\/08\/sauna-ausstellung-corso-hamburg-1.jpg 945w\" alt=\"\" title=\"\">\n\t<div class=\"buttons\">\n\t\t<a class=\"btn-target\" href=\"https:\/\/www.corso-saunamanufaktur.com\/fr\/expositions-sauna\/exposition-siege-bramsche\/\"><span class=\"btn-title\">Si\u00e8ge \u00e0 Bramsche<\/span><span class=\"btn-subtitle\">Horaires d&#039;ouvertures + infos<\/span><\/a>\t<\/div>\n<\/div>\n<\/div>\n\n\n\n<div class=\"wp-block-jetpack-layout-grid-column wp-block-jetpack-layout-grid__padding-none\"><div id=\"crsx-mb-block-57fccc14-a8e3-4a00-ad4a-6a6320a6a5e6\" class=\"crsx-image-button \">\n\t<img decoding=\"async\" class=\"img-back\" src=\"https:\/\/www.corso-saunamanufaktur.com\/wp-content\/uploads\/2020\/06\/saunaausstellung-muenchen-corso-3.jpg\" srcset=\"https:\/\/www.corso-saunamanufaktur.com\/wp-content\/uploads\/2020\/06\/saunaausstellung-muenchen-corso-3-480x320.jpg 480w, https:\/\/www.corso-saunamanufaktur.com\/wp-content\/uploads\/2020\/06\/saunaausstellung-muenchen-corso-3-1280x853.jpg 1280w, https:\/\/www.corso-saunamanufaktur.com\/wp-content\/uploads\/2020\/06\/saunaausstellung-muenchen-corso-3-768x512.jpg 768w, https:\/\/www.corso-saunamanufaktur.com\/wp-content\/uploads\/2020\/06\/saunaausstellung-muenchen-corso-3-640x427.jpg 640w, https:\/\/www.corso-saunamanufaktur.com\/wp-content\/uploads\/2020\/06\/saunaausstellung-muenchen-corso-3-300x200.jpg 300w, https:\/\/www.corso-saunamanufaktur.com\/wp-content\/uploads\/2020\/06\/saunaausstellung-muenchen-corso-3-1024x682.jpg 1024w, https:\/\/www.corso-saunamanufaktur.com\/wp-content\/uploads\/2020\/06\/saunaausstellung-muenchen-corso-3.jpg 1400w\" alt=\"\" title=\"\">\n\t<div class=\"buttons\">\n\t\t<a class=\"btn-target\" href=\"https:\/\/www.corso-saunamanufaktur.com\/fr\/expositions-sauna\/sauna-exposition-munich\/\"><span class=\"btn-title\">Exposition \u00e0 Munich<\/span><span class=\"btn-subtitle\">Horaires d&#039;ouvertures + infos<\/span><\/a>\t<\/div>\n<\/div>\n\n\n\n<p><\/p>\n<\/div>\n<\/div>\n\n\n\n<p><\/p>\n<\/div>\n<\/div>\n","protected":false},"excerpt":{"rendered":"<p>Vous \u00eates actuellement en train de consulter le contenu d&rsquo;un espace r\u00e9serv\u00e9 de Google Maps. Pour acc\u00e9der au contenu r\u00e9el, cliquez sur le bouton ci-dessous. Veuillez noter que ce faisant, des donn\u00e9es seront partag\u00e9es avec des providers tiers. Plus d&rsquo;informations D\u00e9bloquer le contenu Accepter le service requis et d\u00e9bloquer les contenus HEURES D\u2019OUVERTUREDu lundi au &#8230; <a title=\"Exposition de sauna Cologne\" class=\"read-more\" href=\"https:\/\/www.corso-saunamanufaktur.com\/fr\/expositions-sauna\/exposition-sauna-cologne\/\" aria-label=\"En savoir plus sur Exposition de sauna Cologne\">Lire la suite<\/a><\/p>\n","protected":false},"author":5,"featured_media":16693,"parent":8259,"menu_order":0,"comment_status":"closed","ping_status":"closed","template":"","meta":{"om_disable_all_campaigns":false,"footnotes":""},"class_list":["post-17307","page","type-page","status-publish","has-post-thumbnail"],"_links":{"self":[{"href":"https:\/\/www.corso-saunamanufaktur.com\/fr\/wp-json\/wp\/v2\/pages\/17307","targetHints":{"allow":["GET"]}}],"collection":[{"href":"https:\/\/www.corso-saunamanufaktur.com\/fr\/wp-json\/wp\/v2\/pages"}],"about":[{"href":"https:\/\/www.corso-saunamanufaktur.com\/fr\/wp-json\/wp\/v2\/types\/page"}],"author":[{"embeddable":true,"href":"https:\/\/www.corso-saunamanufaktur.com\/fr\/wp-json\/wp\/v2\/users\/5"}],"replies":[{"embeddable":true,"href":"https:\/\/www.corso-saunamanufaktur.com\/fr\/wp-json\/wp\/v2\/comments?post=17307"}],"version-history":[{"count":0,"href":"https:\/\/www.corso-saunamanufaktur.com\/fr\/wp-json\/wp\/v2\/pages\/17307\/revisions"}],"up":[{"embeddable":true,"href":"https:\/\/www.corso-saunamanufaktur.com\/fr\/wp-json\/wp\/v2\/pages\/8259"}],"wp:featuredmedia":[{"embeddable":true,"href":"https:\/\/www.corso-saunamanufaktur.com\/fr\/wp-json\/wp\/v2\/media\/16693"}],"wp:attachment":[{"href":"https:\/\/www.corso-saunamanufaktur.com\/fr\/wp-json\/wp\/v2\/media?parent=17307"}],"curies":[{"name":"wp","href":"https:\/\/api.w.org\/{rel}","templated":true}]}}