{"id":16965,"date":"2022-03-22T10:11:08","date_gmt":"2022-03-22T10:11:08","guid":{"rendered":"https:\/\/www.corso-saunamanufaktur.com\/?page_id=16965"},"modified":"2022-12-13T09:28:18","modified_gmt":"2022-12-13T09:28:18","slug":"exposition-pres-de-stuttgart","status":"publish","type":"page","link":"https:\/\/www.corso-saunamanufaktur.com\/fr\/expositions-sauna\/exposition-pres-de-stuttgart\/","title":{"rendered":"Exposition pr\u00e8s de Stuttgart"},"content":{"rendered":"\n<div class=\"wp-block-jetpack-layout-grid column1-desktop-grid__span-8 column1-desktop-grid__row-1 column2-desktop-grid__span-4 column2-desktop-grid__start-9 column2-desktop-grid__row-1 column1-tablet-grid__span-4 column1-tablet-grid__row-1 column2-tablet-grid__span-4 column2-tablet-grid__start-5 column2-tablet-grid__row-1 column1-mobile-grid__span-4 column1-mobile-grid__row-1 column2-mobile-grid__span-4 column2-mobile-grid__row-2\">\n<div class=\"wp-block-jetpack-layout-grid-column wp-block-jetpack-layout-grid__padding-none\">\n <div class=\"brlbs-cmpnt-container brlbs-cmpnt-content-blocker brlbs-cmpnt-with-individual-styles\" data-borlabs-cookie-content-blocker-id=\"google-maps\" data-borlabs-cookie-content=\"PGlmcmFtZSBzcmM9Imh0dHBzOi8vd3d3Lmdvb2dsZS5jb20vbWFwcy9lbWJlZD9wYj0hMW0xNCExbTghMW0zITFkMTA1NDIuNjg3NTA5MzI5MjUhMmQ5LjQ1MDcyMTMhM2Q0OC42NTQzOTIhM20yITFpMTAyNCEyaTc2OCE0ZjEzLjEhM20zITFtMiExczB4MCUzQTB4OWJhNGNkNjg1MjEwZWJkNCEyc1BPT0wlMkJIT01FJTIwR21iSCE1ZTAhM20yITFzZGUhMnNkZSE0djE2NDMwMTc0NjYyNjIhNW0yITFzZGUhMnNkZSIgc3R5bGU9ImJvcmRlcjowOyIgYWxsb3dmdWxsc2NyZWVuPSIiIGxvYWRpbmc9ImxhenkiIHdpZHRoPSIxMDAlIiBoZWlnaHQ9IjEwMCUiPjwvaWZyYW1lPg==\"><div class=\"brlbs-cmpnt-cb-preset-b brlbs-cmpnt-cb-google-maps\"> <div class=\"brlbs-cmpnt-cb-thumbnail\" style=\"background-image: url('https:\/\/www.corso-saunamanufaktur.com\/wp-content\/uploads\/borlabs-cookie\/1\/brlbs-cb-google-maps-main.png')\"><\/div> <div class=\"brlbs-cmpnt-cb-main\"> <div class=\"brlbs-cmpnt-cb-content\"> <p class=\"brlbs-cmpnt-cb-description\">Vous \u00eates actuellement en train de consulter le contenu d&rsquo;un espace r\u00e9serv\u00e9 de <strong>Google Maps<\/strong>. Pour acc\u00e9der au contenu r\u00e9el, cliquez sur le bouton ci-dessous. Veuillez noter que ce faisant, des donn\u00e9es seront partag\u00e9es avec des providers tiers.<\/p> <a class=\"brlbs-cmpnt-cb-provider-toggle\" href=\"#\" data-borlabs-cookie-show-provider-information role=\"button\">Plus d&rsquo;informations<\/a> <\/div> <div class=\"brlbs-cmpnt-cb-buttons\"> <a class=\"brlbs-cmpnt-cb-btn\" href=\"#\" data-borlabs-cookie-unblock role=\"button\">D\u00e9bloquer le contenu<\/a> <a class=\"brlbs-cmpnt-cb-btn\" href=\"#\" data-borlabs-cookie-accept-service role=\"button\" style=\"display: inherit\">Accepter le service requis et d\u00e9bloquer les contenus<\/a> <\/div> <\/div> <\/div><\/div>\n<\/div>\n\n\n\n<div class=\"wp-block-jetpack-layout-grid-column is-style-border wp-block-jetpack-layout-grid__padding-none\">\n<p><strong>HEURES D\u2019OUVERTURE<\/strong><br>Du lundi au vendredi de 9 h \u00e0 12 h et de 14 h \u00e0 17 h, le samedi de 9 h \u00e0 12 h  <\/p>\n\n\n\n<p>CONSEIL DANS L&rsquo;EXPOSITION<br>Veuillez prendre rendez-vous afin que nous puissions vous consacrer suffisamment de temps. (Alternative : consultation par vid\u00e9o\/t\u00e9l\u00e9phone.)<\/p>\n\n\n\n<p><strong>ADRESSE<\/strong><br>Piscine + Home GmbH<br>Paradiesstra\u00dfe 74<br>D-73230 Kirchheim unter Teck<br>T\u00e9l\u00e9phone <strong>07021 736644-0<\/strong><\/p>\n\n\n\n<div class=\"wp-block-buttons is-layout-flex wp-block-buttons-is-layout-flex\">\n<div class=\"wp-block-button is-style-width-100\"><a class=\"wp-block-button__link has-very-dark-gray-color has-text-color has-background no-border-radius\" href=\"https:\/\/www.corso-saunamanufaktur.com\/fr\/manufacture\/contact\/\" style=\"background-color:#f1ab1e\"><strong>CONTACT &gt;<\/strong><\/a><\/div>\n<\/div>\n<\/div>\n<\/div>\n\n\n\n<div class=\"wp-block-jetpack-layout-grid column1-desktop-grid__span-4 column1-desktop-grid__row-1 column2-desktop-grid__span-8 column2-desktop-grid__start-5 column2-desktop-grid__row-1 column1-tablet-grid__span-4 column1-tablet-grid__row-1 column2-tablet-grid__span-4 column2-tablet-grid__start-5 column2-tablet-grid__row-1 column1-mobile-grid__span-4 column1-mobile-grid__row-1 column2-mobile-grid__span-4 column2-mobile-grid__row-2\">\n<div class=\"wp-block-jetpack-layout-grid-column wp-block-jetpack-layout-grid__padding-none\">\n<h3 class=\"wp-block-heading\">Exposition de sauna corso chez \u00abPool + Home\u00bb pr\u00e8s de Stuttgart<\/h3>\n\n\n\n<p>Vous r\u00eavez de votre propre sauna \u00e0 la maison? Alors, laissez le professionnel de la grande r\u00e9gion de Stuttgart vous conseiller: POOL+HOME vous aide \u00e0 choisir le sauna parfait. Ensemble, un concept pour votre sauna souhait\u00e9 sera d\u00e9velopp\u00e9 qui r\u00e9pond \u00e0 vos exigences. Dans l\u2019exposition unique \u00e0 Kirchheim unter Teck, deux saunas de design corso sont expos\u00e9s, que vous pouvez regarder en d\u00e9tail et \u00abessayer les bancs\u00bb.<\/p>\n\n\n\n<p>R\u00e9alisez votre r\u00eave de bien-\u00eatre avec un professionnel \u00e0 vos c\u00f4t\u00e9s: Dans la grande exposition de sauna, vous pouvez jeter un coup d\u2019\u0153il \u00e0 la vari\u00e9t\u00e9 de bien-\u00eatre en toute tranquillit\u00e9 et obtenir des conseils sur votre projet individuel: du sauna aux bains \u00e0 remous en passant par la piscine.  <\/p>\n\n\n\n<div class=\"wp-block-buttons is-layout-flex wp-block-buttons-is-layout-flex\">\n<div class=\"wp-block-button is-style-width-100\"><a class=\"wp-block-button__link has-very-dark-gray-color has-text-color has-background no-border-radius\" href=\"https:\/\/www.corso-saunamanufaktur.com\/fr\/manufacture\/contact\/\" style=\"background-color:#f1ab1e\"><strong>PRENDRE RENDEZ-VOUS  &gt;<\/strong><\/a><\/div>\n<\/div>\n\n\n\n<p><\/p>\n<\/div>\n\n\n\n<div class=\"wp-block-jetpack-layout-grid-column wp-block-jetpack-layout-grid__padding-none\">\n<figure class=\"wp-block-image size-large\"><a href=\"https:\/\/www.corso-saunamanufaktur.com\/wp-content\/uploads\/2022\/01\/sauna-ausstellung-stuttgart-1-1280x853.jpg\"><img decoding=\"async\" width=\"1280\" height=\"853\" src=\"https:\/\/www.corso-saunamanufaktur.com\/wp-content\/uploads\/2022\/01\/sauna-ausstellung-stuttgart-1-1280x853.jpg\" alt=\"Sauna Exhibition Stuttgart: Piscine + Maison \u00e0 Kirchheim unter Teck\" class=\"wp-image-16977\" title=\"\" srcset=\"https:\/\/www.corso-saunamanufaktur.com\/wp-content\/uploads\/2022\/01\/sauna-ausstellung-stuttgart-1-1280x853.jpg 1280w, https:\/\/www.corso-saunamanufaktur.com\/wp-content\/uploads\/2022\/01\/sauna-ausstellung-stuttgart-1-480x320.jpg 480w, https:\/\/www.corso-saunamanufaktur.com\/wp-content\/uploads\/2022\/01\/sauna-ausstellung-stuttgart-1-768x512.jpg 768w, https:\/\/www.corso-saunamanufaktur.com\/wp-content\/uploads\/2022\/01\/sauna-ausstellung-stuttgart-1.jpg 1400w\" sizes=\"(max-width: 1280px) 100vw, 1280px\" \/><\/a><\/figure>\n\n\n\n<p><\/p>\n<\/div>\n<\/div>\n\n\n\n<div class=\"wp-block-jetpack-layout-grid column1-desktop-grid__span-4 column1-desktop-grid__row-1 column2-desktop-grid__span-8 column2-desktop-grid__start-5 column2-desktop-grid__row-1 column1-tablet-grid__span-4 column1-tablet-grid__row-1 column2-tablet-grid__span-4 column2-tablet-grid__start-5 column2-tablet-grid__row-1 column1-mobile-grid__span-4 column1-mobile-grid__row-1 column2-mobile-grid__span-4 column2-mobile-grid__row-2 is-style-border\">\n<div class=\"wp-block-jetpack-layout-grid-column wp-block-jetpack-layout-grid__padding-none\">\n<figure class=\"wp-block-image size-full is-style-inline-svg\"><img decoding=\"async\" width=\"400\" height=\"200\" src=\"https:\/\/www.corso-saunamanufaktur.com\/wp-content\/uploads\/\/2020\/08\/CORSO-5013_beratung-weiss_sg.svg\" alt=\"\" class=\"wp-image-8332\" title=\"\"><\/figure>\n<\/div>\n\n\n\n<div class=\"wp-block-jetpack-layout-grid-column wp-block-jetpack-layout-grid__padding-none\">\n<h2 class=\"wp-block-heading\">Service complet \u00e0 partir d\u2019une source unique<\/h2>\n\n\n\n<p>Votre avantage: En plus de conseils comp\u00e9tents, Pool + Home vous offre un service de premi\u00e8re classe \u00ab\u00e0 partir d\u2019une source unique\u00bb pour l\u2019ensemble de votre projet: l\u2019\u00e9quipe d\u2019experts s\u2019occupe de coordonner tous les m\u00e9tiers afin que vous puissiez vous asseoir et vous d\u00e9tendre.<\/p>\n<\/div>\n<\/div>\n\n\n\n<div class=\"wp-block-jetpack-layout-grid column1-desktop-grid__span-8 column1-desktop-grid__row-1 column2-desktop-grid__span-4 column2-desktop-grid__start-9 column2-desktop-grid__row-1 column1-tablet-grid__span-4 column1-tablet-grid__row-1 column2-tablet-grid__span-4 column2-tablet-grid__start-5 column2-tablet-grid__row-1 column1-mobile-grid__span-4 column1-mobile-grid__row-1 column2-mobile-grid__span-4 column2-mobile-grid__row-2\">\n<div class=\"wp-block-jetpack-layout-grid-column wp-block-jetpack-layout-grid__padding-none\">\n<figure class=\"wp-block-image size-large\"><img decoding=\"async\" width=\"1280\" height=\"853\" src=\"https:\/\/www.corso-saunamanufaktur.com\/wp-content\/uploads\/2022\/01\/sauna-ausstellung-stuttgart-3-1280x853.jpg\" alt=\"Sauna Exhibition Stuttgart: Piscine + Maison \u00e0 Kirchheim unter Teck\" class=\"wp-image-16974\" title=\"\" srcset=\"https:\/\/www.corso-saunamanufaktur.com\/wp-content\/uploads\/2022\/01\/sauna-ausstellung-stuttgart-3-1280x853.jpg 1280w, https:\/\/www.corso-saunamanufaktur.com\/wp-content\/uploads\/2022\/01\/sauna-ausstellung-stuttgart-3-480x320.jpg 480w, https:\/\/www.corso-saunamanufaktur.com\/wp-content\/uploads\/2022\/01\/sauna-ausstellung-stuttgart-3-768x512.jpg 768w, https:\/\/www.corso-saunamanufaktur.com\/wp-content\/uploads\/2022\/01\/sauna-ausstellung-stuttgart-3.jpg 1400w\" sizes=\"(max-width: 1280px) 100vw, 1280px\" \/><\/figure>\n<\/div>\n\n\n\n<div class=\"wp-block-jetpack-layout-grid-column is-style-background-yellow wp-block-jetpack-layout-grid__padding-none\">\n<h3 class=\"wp-block-heading\">Exposition de sauna pr\u00e8s de Stuttgart: Inspiration pour votre sauna \u00e0 la maison<br><\/h3>\n\n\n\n<p>En tant que partenaire premium, votre projet de sauna chez Pool + Home sera mis en \u0153uvre de A \u00e0 Z : de l\u2019inspiration au conseil et du concept \u00e0 l\u2019installation. Les monteurs sont parfaitement form\u00e9s, de sorte que votre projet sera mis en place de mani\u00e8re experte et que vous pourrez bient\u00f4t vous d\u00e9tendre profond\u00e9ment dans votre sauna. B\u00e9n\u00e9ficiez de<\/p>\n\n\n\n<ul class=\"wp-block-list\"><li>haute qualit\u00e9<\/li><li>produits individuels sur mesure par corso<\/li><li>\u00abMade in Germany\u00bb<\/li><\/ul>\n\n\n\n<p>Attendez-le avec impatience, car il n\u2019y a gu\u00e8re de meilleure fa\u00e7on de faire quelque chose pour votre sant\u00e9&#8230;<\/p>\n\n\n\n<div class=\"wp-block-buttons is-layout-flex wp-block-buttons-is-layout-flex\">\n<div class=\"wp-block-button\"><a class=\"wp-block-button__link has-very-dark-gray-color has-text-color has-background no-border-radius\" href=\"https:\/\/www.corso-saunamanufaktur.com\/ihr-sauna-projekt\/\" style=\"background-color:#ffffff\"><strong>DEMANDE DE PROJET  &gt;<\/strong><\/a><\/div>\n<\/div>\n<\/div>\n<\/div>\n\n\n\n<div class=\"wp-block-jetpack-layout-grid column1-desktop-grid__span-12 column1-desktop-grid__row-1 column1-tablet-grid__span-8 column1-tablet-grid__row-1 column1-mobile-grid__span-4 column1-mobile-grid__row-1\">\n<div class=\"wp-block-jetpack-layout-grid-column wp-block-jetpack-layout-grid__padding-none\">\n<h2 class=\"wp-block-heading\">Autres sites : corso sauna expositions<\/h2>\n\n\n\n<div class=\"wp-block-jetpack-layout-grid column1-desktop-grid__span-6 column1-desktop-grid__row-1 column2-desktop-grid__span-6 column2-desktop-grid__start-7 column2-desktop-grid__row-1 column1-tablet-grid__span-4 column1-tablet-grid__row-1 column2-tablet-grid__span-4 column2-tablet-grid__start-5 column2-tablet-grid__row-1 column1-mobile-grid__span-4 column1-mobile-grid__row-1 column2-mobile-grid__span-4 column2-mobile-grid__row-2\">\n<div class=\"wp-block-jetpack-layout-grid-column wp-block-jetpack-layout-grid__padding-none\"><div id=\"crsx-mb-block-5207a4c8-df79-4b09-8f4e-be3be661fc1a\" class=\"crsx-image-button \">\n\t<img decoding=\"async\" class=\"img-back\" src=\"https:\/\/www.corso-saunamanufaktur.com\/wp-content\/uploads\/2020\/09\/ausstellungssauna-nussbaum-e1599730978719.jpg\" srcset=\"https:\/\/www.corso-saunamanufaktur.com\/wp-content\/uploads\/2020\/09\/ausstellungssauna-nussbaum-e1599730978719-480x319.jpg 480w, https:\/\/www.corso-saunamanufaktur.com\/wp-content\/uploads\/2020\/09\/ausstellungssauna-nussbaum-e1599730978719-768x510.jpg 768w, https:\/\/www.corso-saunamanufaktur.com\/wp-content\/uploads\/2020\/09\/ausstellungssauna-nussbaum-e1599730978719-640x425.jpg 640w, https:\/\/www.corso-saunamanufaktur.com\/wp-content\/uploads\/2020\/09\/ausstellungssauna-nussbaum-e1599730978719.jpg 950w\" alt=\"\" title=\"\">\n\t<div class=\"buttons\">\n\t\t<a class=\"btn-target\" href=\"https:\/\/www.corso-saunamanufaktur.com\/fr\/expositions-sauna\/exposition-siege-bramsche\/\"><span class=\"btn-title\">Si\u00e8ge \u00e0 Bramsche<\/span><span class=\"btn-subtitle\">Horaires d&#039;ouvertures + infos<\/span><\/a>\t<\/div>\n<\/div>\n<\/div>\n\n\n\n<div class=\"wp-block-jetpack-layout-grid-column wp-block-jetpack-layout-grid__padding-none\"><div id=\"crsx-mb-block-ded7289c-5e86-4a62-9eaf-99c706ed8072\" class=\"crsx-image-button \">\n\t<img decoding=\"async\" class=\"img-back\" src=\"https:\/\/www.corso-saunamanufaktur.com\/wp-content\/uploads\/2020\/06\/saunaausstellung-muenchen-corso-3.jpg\" srcset=\"https:\/\/www.corso-saunamanufaktur.com\/wp-content\/uploads\/2020\/06\/saunaausstellung-muenchen-corso-3-480x320.jpg 480w, https:\/\/www.corso-saunamanufaktur.com\/wp-content\/uploads\/2020\/06\/saunaausstellung-muenchen-corso-3-1280x853.jpg 1280w, https:\/\/www.corso-saunamanufaktur.com\/wp-content\/uploads\/2020\/06\/saunaausstellung-muenchen-corso-3-768x512.jpg 768w, https:\/\/www.corso-saunamanufaktur.com\/wp-content\/uploads\/2020\/06\/saunaausstellung-muenchen-corso-3-640x427.jpg 640w, https:\/\/www.corso-saunamanufaktur.com\/wp-content\/uploads\/2020\/06\/saunaausstellung-muenchen-corso-3-300x200.jpg 300w, https:\/\/www.corso-saunamanufaktur.com\/wp-content\/uploads\/2020\/06\/saunaausstellung-muenchen-corso-3-1024x682.jpg 1024w, https:\/\/www.corso-saunamanufaktur.com\/wp-content\/uploads\/2020\/06\/saunaausstellung-muenchen-corso-3.jpg 1400w\" alt=\"\" title=\"\">\n\t<div class=\"buttons\">\n\t\t<a class=\"btn-target\" href=\"https:\/\/www.corso-saunamanufaktur.com\/fr\/expositions-sauna\/sauna-exposition-munich\/\"><span class=\"btn-title\">Exposition \u00e0 Munich<\/span><span class=\"btn-subtitle\">Horaires d&#039;ouvertures + infos<\/span><\/a>\t<\/div>\n<\/div>\n\n\n\n<p><\/p>\n<\/div>\n<\/div>\n\n\n\n<p><\/p>\n<\/div>\n<\/div>\n","protected":false},"excerpt":{"rendered":"<p>Vous \u00eates actuellement en train de consulter le contenu d&rsquo;un espace r\u00e9serv\u00e9 de Google Maps. Pour acc\u00e9der au contenu r\u00e9el, cliquez sur le bouton ci-dessous. Veuillez noter que ce faisant, des donn\u00e9es seront partag\u00e9es avec des providers tiers. Plus d&rsquo;informations D\u00e9bloquer le contenu Accepter le service requis et d\u00e9bloquer les contenus HEURES D\u2019OUVERTUREDu lundi au &#8230; <a title=\"Exposition pr\u00e8s de Stuttgart\" class=\"read-more\" href=\"https:\/\/www.corso-saunamanufaktur.com\/fr\/expositions-sauna\/exposition-pres-de-stuttgart\/\" aria-label=\"En savoir plus sur Exposition pr\u00e8s de Stuttgart\">Lire la suite<\/a><\/p>\n","protected":false},"author":5,"featured_media":16971,"parent":8259,"menu_order":0,"comment_status":"closed","ping_status":"closed","template":"","meta":{"om_disable_all_campaigns":false,"footnotes":""},"class_list":["post-16965","page","type-page","status-publish","has-post-thumbnail"],"_links":{"self":[{"href":"https:\/\/www.corso-saunamanufaktur.com\/fr\/wp-json\/wp\/v2\/pages\/16965","targetHints":{"allow":["GET"]}}],"collection":[{"href":"https:\/\/www.corso-saunamanufaktur.com\/fr\/wp-json\/wp\/v2\/pages"}],"about":[{"href":"https:\/\/www.corso-saunamanufaktur.com\/fr\/wp-json\/wp\/v2\/types\/page"}],"author":[{"embeddable":true,"href":"https:\/\/www.corso-saunamanufaktur.com\/fr\/wp-json\/wp\/v2\/users\/5"}],"replies":[{"embeddable":true,"href":"https:\/\/www.corso-saunamanufaktur.com\/fr\/wp-json\/wp\/v2\/comments?post=16965"}],"version-history":[{"count":0,"href":"https:\/\/www.corso-saunamanufaktur.com\/fr\/wp-json\/wp\/v2\/pages\/16965\/revisions"}],"up":[{"embeddable":true,"href":"https:\/\/www.corso-saunamanufaktur.com\/fr\/wp-json\/wp\/v2\/pages\/8259"}],"wp:featuredmedia":[{"embeddable":true,"href":"https:\/\/www.corso-saunamanufaktur.com\/fr\/wp-json\/wp\/v2\/media\/16971"}],"wp:attachment":[{"href":"https:\/\/www.corso-saunamanufaktur.com\/fr\/wp-json\/wp\/v2\/media?parent=16965"}],"curies":[{"name":"wp","href":"https:\/\/api.w.org\/{rel}","templated":true}]}}