{"id":14753,"date":"2025-09-23T12:00:45","date_gmt":"2025-09-23T10:00:45","guid":{"rendered":"https:\/\/www.corso-saunamanufaktur.com\/pour-la-maison\/offres-de-sauna-dexposition\/"},"modified":"2025-09-23T12:00:47","modified_gmt":"2025-09-23T10:00:47","slug":"offres-de-sauna-dexposition","status":"publish","type":"page","link":"https:\/\/www.corso-saunamanufaktur.com\/fr\/pour-la-maison\/offres-de-sauna-dexposition\/","title":{"rendered":"Sauna en vente + Soldes de Sauna"},"content":{"rendered":"<div id=\"crsx-mb-block-9330e3d5-1c28-4fc3-8904-21bb374facc6\" class=\"page-hero crsx-header alignfull \">\n\n\t<img decoding=\"async\" class=\"img-back\" src=\"https:\/\/www.corso-saunamanufaktur.com\/wp-content\/uploads\/2020\/09\/ausstellungssauna-angebote-saunahersteller-corso.jpg\" srcset=\"https:\/\/www.corso-saunamanufaktur.com\/wp-content\/uploads\/2020\/09\/ausstellungssauna-angebote-saunahersteller-corso-480x320.jpg 480w, https:\/\/www.corso-saunamanufaktur.com\/wp-content\/uploads\/2020\/09\/ausstellungssauna-angebote-saunahersteller-corso-1280x854.jpg 1280w, https:\/\/www.corso-saunamanufaktur.com\/wp-content\/uploads\/2020\/09\/ausstellungssauna-angebote-saunahersteller-corso-768x512.jpg 768w, https:\/\/www.corso-saunamanufaktur.com\/wp-content\/uploads\/2020\/09\/ausstellungssauna-angebote-saunahersteller-corso-1600x1067.jpg 1600w, https:\/\/www.corso-saunamanufaktur.com\/wp-content\/uploads\/2020\/09\/ausstellungssauna-angebote-saunahersteller-corso-1536x1024.jpg 1536w, https:\/\/www.corso-saunamanufaktur.com\/wp-content\/uploads\/2020\/09\/ausstellungssauna-angebote-saunahersteller-corso-2048x1366.jpg 2048w, https:\/\/www.corso-saunamanufaktur.com\/wp-content\/uploads\/2020\/09\/ausstellungssauna-angebote-saunahersteller-corso-640x427.jpg 640w\" alt=\"\" title=\"\">\n\n\t<div class=\"header-content\">\n\t\t<h1 class=\"entry-title\">Sauna en vente + Soldes de sauna<\/h1>\n\t\t<div  class=\"entry-subtitle\">Saunas d&rsquo;exposition &#038; offres de saunas d\u00e9j\u00e0 planifi\u00e9s<\/div>\n\t\n\t\t\t<\/div>\n<\/div>\n\n\n\n<div class=\"wp-block-jetpack-layout-grid column1-desktop-grid__span-12 column1-desktop-grid__row-1 column1-tablet-grid__span-8 column1-tablet-grid__row-1 column1-mobile-grid__span-4 column1-mobile-grid__row-1\">\n<div class=\"wp-block-jetpack-layout-grid-column wp-block-jetpack-layout-grid__padding-none\">\n<h2 class=\"wp-block-heading\">Offres de sauna<\/h2>\n\n\n\n<p>Chez corso sauna manufacture, nous planifions chaque projet de sauna individuellement selon vos souhaits. Mais de temps en temps, un sauna que nous avons d\u00e9j\u00e0 planifi\u00e9 \u00abconvient\u00bb: afin que vous puissiez terminer la planification de votre projet plus rapidement. En outre, ces mod\u00e8les sont d\u00e9j\u00e0 calcul\u00e9s, c\u2019est-\u00e0-dire vous pouvez planifier directement avec le prix de l\u2019offre de sauna. Si vous \u00eates int\u00e9ress\u00e9, n\u2019h\u00e9sitez pas \u00e0 nous contacter afin que nous puissions vous conseiller sur l\u2019installation de saunas dans vos chambres!<\/p>\n<\/div>\n<\/div>\n\n\n\n<div class=\"wp-block-jetpack-layout-grid column1-desktop-grid__span-4 column1-desktop-grid__row-1 column2-desktop-grid__span-4 column2-desktop-grid__start-5 column2-desktop-grid__row-1 column3-desktop-grid__span-4 column3-desktop-grid__start-9 column3-desktop-grid__row-1 column1-tablet-grid__span-4 column1-tablet-grid__row-1 column2-tablet-grid__span-4 column2-tablet-grid__start-5 column2-tablet-grid__row-1 column3-tablet-grid__span-8 column3-tablet-grid__row-2 column1-mobile-grid__span-4 column1-mobile-grid__row-1 column2-mobile-grid__span-4 column2-mobile-grid__row-2 column3-mobile-grid__span-4 column3-mobile-grid__row-3 is-style-border-bottom\">\n<div class=\"wp-block-jetpack-layout-grid-column wp-block-jetpack-layout-grid__padding-none\">\n<figure class=\"wp-block-image size-large is-style-default\"><a href=\"https:\/\/www.corso-saunamanufaktur.com\/fr\/offres-sauna-sauna-classique\/\"><img decoding=\"async\" width=\"950\" height=\"660\" src=\"https:\/\/www.corso-saunamanufaktur.com\/wp-content\/uploads\/2020\/11\/ausstellungssauna-corso-fichte.jpg\" alt=\"Exposition sauna offre dans la vente sauna\" class=\"wp-image-12738\" title=\"\" srcset=\"https:\/\/www.corso-saunamanufaktur.com\/wp-content\/uploads\/2020\/11\/ausstellungssauna-corso-fichte.jpg 950w, https:\/\/www.corso-saunamanufaktur.com\/wp-content\/uploads\/2020\/11\/ausstellungssauna-corso-fichte-480x333.jpg 480w, https:\/\/www.corso-saunamanufaktur.com\/wp-content\/uploads\/2020\/11\/ausstellungssauna-corso-fichte-768x534.jpg 768w, https:\/\/www.corso-saunamanufaktur.com\/wp-content\/uploads\/2020\/11\/ausstellungssauna-corso-fichte-640x445.jpg 640w\" sizes=\"(max-width: 950px) 100vw, 950px\" \/><\/a><\/figure>\n\n\n\n<p>SAUNA PLANIFI\u00c9 &#8211; \u00abpr\u00eat \u00e0 commander\u00bb:<br><strong><a class=\"rank-math-link\" href=\"https:\/\/www.corso-saunamanufaktur.com\/fr\/offres-sauna-sauna-classique\/\">Sauna classique \u00e9pic\u00e9a + tremble [7.480 \u20ac] ><\/a><\/strong><\/p>\n<\/div>\n\n\n\n<div class=\"wp-block-jetpack-layout-grid-column wp-block-jetpack-layout-grid__padding-none\">\n<figure class=\"wp-block-image size-large\"><a href=\"https:\/\/www.corso-saunamanufaktur.com\/fr\/sauna-offre-design-en-tremble\/\"><img decoding=\"async\" width=\"950\" height=\"660\" src=\"https:\/\/www.corso-saunamanufaktur.com\/wp-content\/uploads\/2020\/09\/designsauna-angebot-espe-4.jpg\" alt=\"Sauna offre Aspen vente avec \u00e9clairage indirect et fa\u00e7ade partiellement vitr\u00e9e\" class=\"wp-image-5571\" title=\"\" srcset=\"https:\/\/www.corso-saunamanufaktur.com\/wp-content\/uploads\/2020\/09\/designsauna-angebot-espe-4.jpg 950w, https:\/\/www.corso-saunamanufaktur.com\/wp-content\/uploads\/2020\/09\/designsauna-angebot-espe-4-480x333.jpg 480w, https:\/\/www.corso-saunamanufaktur.com\/wp-content\/uploads\/2020\/09\/designsauna-angebot-espe-4-768x534.jpg 768w, https:\/\/www.corso-saunamanufaktur.com\/wp-content\/uploads\/2020\/09\/designsauna-angebot-espe-4-640x445.jpg 640w\" sizes=\"(max-width: 950px) 100vw, 950px\" \/><\/a><\/figure>\n\n\n\n<p>SAUNA PLANIFI\u00c9 &#8211; \u00abpr\u00eat \u00e0 commander\u00bb:<a class=\"rank-math-link\" href=\"https:\/\/www.corso-saunamanufaktur.com\/fr\/sauna-offre-design-en-tremble\/\">   <br><strong>Design Sauna Aspen [15.649 \u20ac] ><\/strong> <\/a><\/p>\n<\/div>\n\n\n\n<div class=\"wp-block-jetpack-layout-grid-column wp-block-jetpack-layout-grid__padding-none\">\n<figure class=\"wp-block-image size-large\"><a href=\"https:\/\/www.corso-saunamanufaktur.com\/fr\/offres-sauna-design-sauna-pure\/\"><img decoding=\"async\" width=\"950\" height=\"660\" src=\"https:\/\/www.corso-saunamanufaktur.com\/wp-content\/uploads\/2020\/09\/designsauna-angebot-b-1n.jpg\" alt=\"Design Sauna offre Pure avec fa\u00e7ade en verre et bancs en suspension en espe claire\" class=\"wp-image-5587\" title=\"\" srcset=\"https:\/\/www.corso-saunamanufaktur.com\/wp-content\/uploads\/2020\/09\/designsauna-angebot-b-1n.jpg 950w, https:\/\/www.corso-saunamanufaktur.com\/wp-content\/uploads\/2020\/09\/designsauna-angebot-b-1n-480x333.jpg 480w, https:\/\/www.corso-saunamanufaktur.com\/wp-content\/uploads\/2020\/09\/designsauna-angebot-b-1n-768x534.jpg 768w, https:\/\/www.corso-saunamanufaktur.com\/wp-content\/uploads\/2020\/09\/designsauna-angebot-b-1n-640x445.jpg 640w\" sizes=\"(max-width: 950px) 100vw, 950px\" \/><\/a><\/figure>\n\n\n\n<p>SAUNA PLANIFI\u00c9 &#8211; \u00abpr\u00eat \u00e0 commander\u00bb:<a class=\"rank-math-link\" href=\"https:\/\/www.corso-saunamanufaktur.com\/fr\/offres-sauna-design-sauna-pure\/\">   <br><strong>Design Sauna PURE [25.276 \u20ac] ><\/strong> <\/a><\/p>\n<\/div>\n<\/div>\n\n\n\n<div class=\"wp-block-jetpack-layout-grid column1-desktop-grid__span-12 column1-desktop-grid__row-1 column1-tablet-grid__span-8 column1-tablet-grid__row-1 column1-mobile-grid__span-4 column1-mobile-grid__row-1\">\n<div class=\"wp-block-jetpack-layout-grid-column wp-block-jetpack-layout-grid__padding-none\"><\/div>\n<\/div>\n\n\n\n<div class=\"wp-block-jetpack-layout-grid column1-desktop-grid__span-4 column1-desktop-grid__row-1 column2-desktop-grid__span-8 column2-desktop-grid__start-5 column2-desktop-grid__row-1 column1-tablet-grid__span-4 column1-tablet-grid__row-1 column2-tablet-grid__span-4 column2-tablet-grid__start-5 column2-tablet-grid__row-1 column1-mobile-grid__span-4 column1-mobile-grid__row-1 column2-mobile-grid__span-4 column2-mobile-grid__row-2 is-style-default\">\n<div class=\"wp-block-jetpack-layout-grid-column wp-block-jetpack-layout-grid__padding-none\"><div class=\"wp-block-image\">\n<figure class=\"aligncenter size-full is-resized\"><img decoding=\"async\" width=\"33\" height=\"22\" src=\"https:\/\/www.corso-saunamanufaktur.com\/wp-content\/uploads\/\/2020\/06\/CORSO-5013_w_ma-beratung.svg\" alt=\"\" class=\"wp-image-565\" style=\"width:223px;height:150px\" title=\"\"><\/figure><\/div><\/div>\n\n\n\n<div class=\"wp-block-jetpack-layout-grid-column wp-block-jetpack-layout-grid__padding-none\">\n<h2 class=\"wp-block-heading\"><a href=\"https:\/\/www.corso-saunamanufaktur.com\/fr\/types-de-sauna\/\" class=\"rank-math-link\">Quel sauna est le bon pour moi&#8230; ?<\/a><\/h2>\n\n\n\n<p>Quel type de sauna \u00eates-vous ? Vous trouverez ici toutes les informations sur les diff\u00e9rents types de saunas : sauna finlandais, sauna bio, cabine infrarouge, sauna infrarouge, hammam&#8230; <strong><a class=\"rank-math-link\" href=\"https:\/\/www.corso-saunamanufaktur.com\/sauna-arten\/\">DIFF\u00c9RENTS TYPES DE SAUNAS &gt;<\/a><\/strong><\/p>\n<\/div>\n<\/div>\n\n\n<div id=\"crsx-mb-block-1d41bf59-f530-47cd-a6c6-4a6582b45d82\" class=\"crsx-testimonnial-image is-style-alignfull\" style=\"background-image: url(https:\/\/www.corso-saunamanufaktur.com\/wp-content\/uploads\/2020\/06\/Corso-Zitate_Yoga_2000x600.jpg)\">\n\t\t<div class=\"icon\">\n\t\t<img decoding=\"async\" class=\"img-icon\" src=\"https:\/\/www.corso-saunamanufaktur.com\/wp-content\/uploads\/2020\/06\/award.svg\" alt=\"\" title=\"\">\n\t<\/div>\n\t\t<div class=\"panel\">\n\t\t<div class=\"intro\">Sauna et sant\u00e9<\/div>\n\t\t<blockquote class=\"quote\">Depuis que nous avons notre sauna corso, je suis beaucoup plus d\u00e9tendue.<\/blockquote>\n\t\t<div class=\"source\">Sabine Schneider<\/div>\n\t\t\t<\/div>\n<\/div>\n\n\n\n<div class=\"wp-block-jetpack-layout-grid column1-desktop-grid__span-12 column1-desktop-grid__row-1 column1-tablet-grid__span-8 column1-tablet-grid__row-1 column1-mobile-grid__span-4 column1-mobile-grid__row-1 is-style-default\">\n<div class=\"wp-block-jetpack-layout-grid-column wp-block-jetpack-layout-grid__padding-none\">\n<div class=\"wp-block-jetpack-layout-grid column1-desktop-grid__span-12 column1-desktop-grid__row-1 column1-tablet-grid__span-8 column1-tablet-grid__row-1 column1-mobile-grid__span-4 column1-mobile-grid__row-1 is-style-default\">\n<div class=\"wp-block-jetpack-layout-grid-column wp-block-jetpack-layout-grid__padding-none\">\n<h2 class=\"wp-block-heading\" id=\"warumcorso\">Beaucoup de sens pour le design.<\/h2>\n\n\n\n<p>Pourquoi corso\u2026? Parce que nous planifions et construisons votre projet avec tout notre coeur. [Made in Germany. Depuis plus de 50 ans.] Parlez avec nous et nous vous guiderons avec notre passion pour le sauna.<\/p>\n<\/div>\n<\/div>\n\n\n\n<div class=\"wp-block-columns is-layout-flex wp-container-core-columns-is-layout-9d6595d7 wp-block-columns-is-layout-flex\">\n<div class=\"wp-block-column is-layout-flow wp-block-column-is-layout-flow\"><div class=\"wp-block-image\">\n<figure class=\"aligncenter size-large is-resized\"><img decoding=\"async\" src=\"https:\/\/www.corso-saunamanufaktur.com\/wp-content\/uploads\/2020\/06\/Icon_Corso_w_messen.svg\" alt=\"\" class=\"wp-image-567\" width=\"150\" height=\"150\" title=\"\"><\/figure><\/div>\n\n\n<p class=\"has-text-align-center\">Pi\u00e8ces uniques sur mesure.<\/p>\n<\/div>\n\n\n\n<div class=\"wp-block-column is-layout-flow wp-block-column-is-layout-flow\"><div class=\"wp-block-image\">\n<figure class=\"aligncenter size-large is-resized\"><img decoding=\"async\" src=\"https:\/\/www.corso-saunamanufaktur.com\/wp-content\/uploads\/2020\/06\/Icon_Corso_w_design.svg\" alt=\"\" class=\"wp-image-553\" width=\"150\" height=\"150\" title=\"\"><\/figure><\/div>\n\n\n<p class=\"has-text-align-center\">Beaucoup de sens pour le design.<\/p>\n<\/div>\n\n\n\n<div class=\"wp-block-column is-layout-flow wp-block-column-is-layout-flow\"><div class=\"wp-block-image\">\n<figure class=\"aligncenter size-large is-resized\"><img decoding=\"async\" src=\"https:\/\/www.corso-saunamanufaktur.com\/wp-content\/uploads\/2020\/06\/Icon_Corso_w_like.svg\" alt=\"\" class=\"wp-image-564\" width=\"150\" height=\"150\" title=\"\"><\/figure><\/div>\n\n\n<p class=\"has-text-align-center\">Artisanat et passion.<\/p>\n<\/div>\n\n\n\n<div class=\"wp-block-column is-layout-flow wp-block-column-is-layout-flow\"><div class=\"wp-block-image\">\n<figure class=\"aligncenter size-large is-resized\"><img decoding=\"async\" src=\"https:\/\/www.corso-saunamanufaktur.com\/wp-content\/uploads\/2020\/06\/Icon_Corso_w_mitarbeiter.svg\" alt=\"\" class=\"wp-image-568\" width=\"150\" height=\"150\" title=\"\"><\/figure><\/div>\n\n\n<p class=\"has-text-align-center\">Service &amp; montage.<\/p>\n<\/div>\n\n\n\n<div class=\"wp-block-column is-layout-flow wp-block-column-is-layout-flow\"><div class=\"wp-block-image\">\n<figure class=\"aligncenter size-large is-resized\"><img decoding=\"async\" src=\"https:\/\/www.corso-saunamanufaktur.com\/wp-content\/uploads\/2020\/06\/Icon-Corso-w-empfehlung.svg\" alt=\"\" class=\"wp-image-555\" width=\"150\" height=\"150\" title=\"\"><\/figure><\/div>\n\n\n<p class=\"has-text-align-center\">Conseils personnels.<\/p>\n<\/div>\n\n\n\n<div class=\"wp-block-column is-layout-flow wp-block-column-is-layout-flow\"><div class=\"wp-block-image\">\n<figure class=\"aligncenter size-large is-resized\"><img decoding=\"async\" src=\"https:\/\/www.corso-saunamanufaktur.com\/wp-content\/uploads\/2020\/06\/Icon_Corso_w_holz.svg\" alt=\"\" class=\"wp-image-560\" width=\"150\" height=\"150\" title=\"\"><\/figure><\/div>\n\n\n<p class=\"has-text-align-center\">Les meilleurs bois pour sauna.<\/p>\n<\/div>\n<\/div>\n<\/div>\n<\/div>\n\n\n\n<div class=\"wp-block-jetpack-layout-grid column1-desktop-grid__span-12 column1-desktop-grid__row-1 column1-tablet-grid__span-8 column1-tablet-grid__row-1 column1-mobile-grid__span-4 column1-mobile-grid__row-1 is-style-default\">\n<div class=\"wp-block-jetpack-layout-grid-column wp-block-jetpack-layout-grid__padding-none\"><\/div>\n<\/div>\n\n\n\n<div class=\"wp-block-jetpack-layout-grid column1-desktop-grid__span-12 column1-desktop-grid__row-1 column1-tablet-grid__span-8 column1-tablet-grid__row-1 column1-mobile-grid__span-4 column1-mobile-grid__row-1\">\n<div class=\"wp-block-jetpack-layout-grid-column wp-block-jetpack-layout-grid__padding-none\"><\/div>\n<\/div>\n\n\n\n<div class=\"wp-block-jetpack-layout-grid column1-desktop-grid__span-6 column1-desktop-grid__row-1 column2-desktop-grid__span-6 column2-desktop-grid__start-7 column2-desktop-grid__row-1 column1-tablet-grid__span-4 column1-tablet-grid__row-1 column2-tablet-grid__span-4 column2-tablet-grid__start-5 column2-tablet-grid__row-1 column1-mobile-grid__span-4 column1-mobile-grid__row-1 column2-mobile-grid__span-4 column2-mobile-grid__row-2\">\n<div class=\"wp-block-jetpack-layout-grid-column wp-block-jetpack-layout-grid__padding-none\"><div id=\"crsx-mb-block-f47da0f8-290a-49d5-92f5-94a869229bca\" class=\"crsx-image-button \">\n\t<img decoding=\"async\" class=\"img-back\" src=\"https:\/\/www.corso-saunamanufaktur.com\/wp-content\/uploads\/2020\/08\/corso-sauna-manufaktur_Benedictus-Lingens-1.jpg\" srcset=\"https:\/\/www.corso-saunamanufaktur.com\/wp-content\/uploads\/2020\/08\/corso-sauna-manufaktur_Benedictus-Lingens-1-480x249.jpg 480w, https:\/\/www.corso-saunamanufaktur.com\/wp-content\/uploads\/2020\/08\/corso-sauna-manufaktur_Benedictus-Lingens-1-1280x664.jpg 1280w, https:\/\/www.corso-saunamanufaktur.com\/wp-content\/uploads\/2020\/08\/corso-sauna-manufaktur_Benedictus-Lingens-1-768x398.jpg 768w, https:\/\/www.corso-saunamanufaktur.com\/wp-content\/uploads\/2020\/08\/corso-sauna-manufaktur_Benedictus-Lingens-1-640x332.jpg 640w, https:\/\/www.corso-saunamanufaktur.com\/wp-content\/uploads\/2020\/08\/corso-sauna-manufaktur_Benedictus-Lingens-1.jpg 1400w\" alt=\"\" title=\"\">\n\t<div class=\"buttons\">\n\t\t<a class=\"btn-target\" href=\"https:\/\/www.corso-saunamanufaktur.com\/fr\/manufacture\/contact\/\"><span class=\"btn-title\">Consultation<\/span><span class=\"btn-subtitle\">Prendre rendez-vous<\/span><\/a>\t<\/div>\n<\/div>\n<\/div>\n\n\n\n<div class=\"wp-block-jetpack-layout-grid-column is-style-border wp-block-jetpack-layout-grid__padding-none\">\n<h2 class=\"wp-block-heading\">Conseil individuel<\/h2>\n\n\n\n<p>Vous avez une pi\u00e8ce inutilis\u00e9e et vous souhaitez installer un sauna int\u00e9rieur ? Ou remplacer un sauna d\u00e9j\u00e0 existant par un <a href=\"https:\/\/www.corso-saunamanufaktur.com\/fr\/sauna-inspirations-references\/\" class=\"rank-math-link\">design de sauna<\/a> plus \u00e9l\u00e9gant et nouveau ? <\/p>\n\n\n\n<p>Pas de probl\u00e8me! Nous trouverons le moyen id\u00e9al de parfaire votre exp\u00e9rience du sauna priv\u00e9.<\/p>\n<\/div>\n<\/div>\n","protected":false},"excerpt":{"rendered":"<p>Offres de sauna Chez corso sauna manufacture, nous planifions chaque projet de sauna individuellement selon vos souhaits. Mais de temps en temps, un sauna que nous avons d\u00e9j\u00e0 planifi\u00e9 \u00abconvient\u00bb: afin que vous puissiez terminer la planification de votre projet plus rapidement. En outre, ces mod\u00e8les sont d\u00e9j\u00e0 calcul\u00e9s, c\u2019est-\u00e0-dire vous pouvez planifier directement avec &#8230; <a title=\"Sauna en vente + Soldes de Sauna\" class=\"read-more\" href=\"https:\/\/www.corso-saunamanufaktur.com\/fr\/pour-la-maison\/offres-de-sauna-dexposition\/\" aria-label=\"En savoir plus sur Sauna en vente + Soldes de Sauna\">Lire la suite<\/a><\/p>\n","protected":false},"author":5,"featured_media":14767,"parent":6553,"menu_order":10,"comment_status":"closed","ping_status":"closed","template":"","meta":{"om_disable_all_campaigns":false,"footnotes":""},"class_list":["post-14753","page","type-page","status-publish","has-post-thumbnail"],"_links":{"self":[{"href":"https:\/\/www.corso-saunamanufaktur.com\/fr\/wp-json\/wp\/v2\/pages\/14753","targetHints":{"allow":["GET"]}}],"collection":[{"href":"https:\/\/www.corso-saunamanufaktur.com\/fr\/wp-json\/wp\/v2\/pages"}],"about":[{"href":"https:\/\/www.corso-saunamanufaktur.com\/fr\/wp-json\/wp\/v2\/types\/page"}],"author":[{"embeddable":true,"href":"https:\/\/www.corso-saunamanufaktur.com\/fr\/wp-json\/wp\/v2\/users\/5"}],"replies":[{"embeddable":true,"href":"https:\/\/www.corso-saunamanufaktur.com\/fr\/wp-json\/wp\/v2\/comments?post=14753"}],"version-history":[{"count":0,"href":"https:\/\/www.corso-saunamanufaktur.com\/fr\/wp-json\/wp\/v2\/pages\/14753\/revisions"}],"up":[{"embeddable":true,"href":"https:\/\/www.corso-saunamanufaktur.com\/fr\/wp-json\/wp\/v2\/pages\/6553"}],"wp:featuredmedia":[{"embeddable":true,"href":"https:\/\/www.corso-saunamanufaktur.com\/fr\/wp-json\/wp\/v2\/media\/14767"}],"wp:attachment":[{"href":"https:\/\/www.corso-saunamanufaktur.com\/fr\/wp-json\/wp\/v2\/media?parent=14753"}],"curies":[{"name":"wp","href":"https:\/\/api.w.org\/{rel}","templated":true}]}}