{"id":14228,"date":"2021-01-27T08:26:12","date_gmt":"2021-01-27T08:26:12","guid":{"rendered":"https:\/\/www.corso-saunamanufaktur.com\/?page_id=14228"},"modified":"2022-12-13T09:26:22","modified_gmt":"2022-12-13T09:26:22","slug":"expositions-sauna-france","status":"publish","type":"page","link":"https:\/\/www.corso-saunamanufaktur.com\/fr\/expositions-sauna\/expositions-sauna-france\/","title":{"rendered":"Expositions de saunas en France"},"content":{"rendered":"\n<p><\/p>\n\n\n\n<div class=\"wp-block-jetpack-layout-grid column1-desktop-grid__span-8 column1-desktop-grid__row-1 column2-desktop-grid__span-4 column2-desktop-grid__start-9 column2-desktop-grid__row-1 column1-tablet-grid__span-4 column1-tablet-grid__row-1 column2-tablet-grid__span-4 column2-tablet-grid__start-5 column2-tablet-grid__row-1 column1-mobile-grid__span-4 column1-mobile-grid__row-1 column2-mobile-grid__span-4 column2-mobile-grid__row-2\">\n<div class=\"wp-block-jetpack-layout-grid-column wp-block-jetpack-layout-grid__padding-none\">\n<figure class=\"wp-block-image size-large\"><img decoding=\"async\" width=\"1280\" height=\"853\" src=\"https:\/\/www.corso-saunamanufaktur.com\/wp-content\/uploads\/2021\/01\/expositions-sauna-france-1280x853.jpg\" alt=\"\" class=\"wp-image-14246\" title=\"\" srcset=\"https:\/\/www.corso-saunamanufaktur.com\/wp-content\/uploads\/2021\/01\/expositions-sauna-france-1280x853.jpg 1280w, https:\/\/www.corso-saunamanufaktur.com\/wp-content\/uploads\/2021\/01\/expositions-sauna-france-640x427.jpg 640w, https:\/\/www.corso-saunamanufaktur.com\/wp-content\/uploads\/2021\/01\/expositions-sauna-france-768x512.jpg 768w, https:\/\/www.corso-saunamanufaktur.com\/wp-content\/uploads\/2021\/01\/expositions-sauna-france.jpg 1400w\" sizes=\"(max-width: 1280px) 100vw, 1280px\" \/><\/figure>\n<\/div>\n\n\n\n<div class=\"wp-block-jetpack-layout-grid-column is-style-border wp-block-jetpack-layout-grid__padding-none\">\n<p><strong>CORSO EXPOSITIONS EN FRANCE<\/strong><br>Nous nous r\u00e9jouissons de vous fournir des conseils d&rsquo;experts sur votre projet de sauna. En France, nous travaillons avec des concessionnaires s\u00e9lectionn\u00e9s qui seront heureux de vous accueillir dans leurs salles d&rsquo;exposition.<\/p>\n\n\n\n<p><\/p>\n\n\n\n<p><\/p>\n\n\n\n<p><\/p>\n\n\n\n<p><strong>HEURES D&rsquo;OUVERTURES<\/strong><br>Pour des informations d\u00e9taill\u00e9es, veuillez vous r\u00e9f\u00e9rer aux pages d&rsquo;accueil respectives ci-dessous.<\/p>\n<\/div>\n<\/div>\n\n\n\n<div style=\"height:50px\" aria-hidden=\"true\" class=\"wp-block-spacer\"><\/div>\n\n\n\n<h2 class=\"wp-block-heading\">Distributeurs principals de saunas corso en France<\/h2>\n\n\n\n<div class=\"wp-block-jetpack-layout-grid column1-desktop-grid__span-4 column1-desktop-grid__row-1 column2-desktop-grid__span-4 column2-desktop-grid__start-5 column2-desktop-grid__row-1 column3-desktop-grid__span-4 column3-desktop-grid__start-9 column3-desktop-grid__row-1 column1-tablet-grid__span-4 column1-tablet-grid__row-1 column2-tablet-grid__span-4 column2-tablet-grid__start-5 column2-tablet-grid__row-1 column3-tablet-grid__span-8 column3-tablet-grid__row-2 column1-mobile-grid__span-4 column1-mobile-grid__row-1 column2-mobile-grid__span-4 column2-mobile-grid__row-2 column3-mobile-grid__span-4 column3-mobile-grid__row-3\">\n<div class=\"wp-block-jetpack-layout-grid-column wp-block-jetpack-layout-grid__padding-none\">\n<figure class=\"wp-block-image size-large\"><img decoding=\"async\" width=\"1280\" height=\"853\" src=\"https:\/\/www.corso-saunamanufaktur.com\/wp-content\/uploads\/2020\/06\/Sauna-zuhause-Design-Altholz-corso-4-1-1280x853.jpg\" alt=\"\" class=\"wp-image-13431\" title=\"\" srcset=\"https:\/\/www.corso-saunamanufaktur.com\/wp-content\/uploads\/2020\/06\/Sauna-zuhause-Design-Altholz-corso-4-1-1280x853.jpg 1280w, https:\/\/www.corso-saunamanufaktur.com\/wp-content\/uploads\/2020\/06\/Sauna-zuhause-Design-Altholz-corso-4-1-640x427.jpg 640w, https:\/\/www.corso-saunamanufaktur.com\/wp-content\/uploads\/2020\/06\/Sauna-zuhause-Design-Altholz-corso-4-1-768x512.jpg 768w, https:\/\/www.corso-saunamanufaktur.com\/wp-content\/uploads\/2020\/06\/Sauna-zuhause-Design-Altholz-corso-4-1-300x200.jpg 300w, https:\/\/www.corso-saunamanufaktur.com\/wp-content\/uploads\/2020\/06\/Sauna-zuhause-Design-Altholz-corso-4-1-1024x682.jpg 1024w, https:\/\/www.corso-saunamanufaktur.com\/wp-content\/uploads\/2020\/06\/Sauna-zuhause-Design-Altholz-corso-4-1.jpg 1400w\" sizes=\"(max-width: 1280px) 100vw, 1280px\" \/><\/figure>\n\n\n\n<div style=\"height:20px\" aria-hidden=\"true\" class=\"wp-block-spacer\"><\/div>\n\n\n\n<p><strong>THERMAE<br>Sauna Hammam &amp; Spa<\/strong><\/p>\n\n\n\n<p>2 Chemin Du Vieux Moulin, <br>69160 Tassin La Demi Lune<br>Tel. +33 (0)4 72 53 09 67<\/p>\n\n\n\n<p><a href=\"https:\/\/www.thermae-france.fr\/\" class=\"rank-math-link\" target=\"_blank\" rel=\"noopener\">https:\/\/www.thermae-france.fr\/<\/a><\/p>\n<\/div>\n\n\n\n<div class=\"wp-block-jetpack-layout-grid-column wp-block-jetpack-layout-grid__padding-none\">\n<figure class=\"wp-block-image size-large\"><img decoding=\"async\" width=\"1280\" height=\"853\" src=\"https:\/\/www.corso-saunamanufaktur.com\/wp-content\/uploads\/2020\/06\/corso-Designsauna-schwebende-Baenke-5-1280x853.jpg\" alt=\"\" class=\"wp-image-10996\" title=\"\" srcset=\"https:\/\/www.corso-saunamanufaktur.com\/wp-content\/uploads\/2020\/06\/corso-Designsauna-schwebende-Baenke-5-1280x853.jpg 1280w, https:\/\/www.corso-saunamanufaktur.com\/wp-content\/uploads\/2020\/06\/corso-Designsauna-schwebende-Baenke-5-640x427.jpg 640w, https:\/\/www.corso-saunamanufaktur.com\/wp-content\/uploads\/2020\/06\/corso-Designsauna-schwebende-Baenke-5-768x512.jpg 768w, https:\/\/www.corso-saunamanufaktur.com\/wp-content\/uploads\/2020\/06\/corso-Designsauna-schwebende-Baenke-5-300x200.jpg 300w, https:\/\/www.corso-saunamanufaktur.com\/wp-content\/uploads\/2020\/06\/corso-Designsauna-schwebende-Baenke-5-1024x682.jpg 1024w, https:\/\/www.corso-saunamanufaktur.com\/wp-content\/uploads\/2020\/06\/corso-Designsauna-schwebende-Baenke-5.jpg 1400w\" sizes=\"(max-width: 1280px) 100vw, 1280px\" \/><\/figure>\n\n\n\n<div style=\"height:20px\" aria-hidden=\"true\" class=\"wp-block-spacer\"><\/div>\n\n\n\n<p><strong>SOMETHY TECHNOLOGIE<br>Hydroth\u00e9rapie Thermale &amp; Medicale<\/strong><\/p>\n\n\n\n<p>90 rue L\u00e9on Morane<br>34130 Mauguio<br>Tel. +33 (0)4 67 22 36 62<br><br><a href=\"https:\/\/www.somethy-technologie.com\" target=\"_blank\" aria-label=\"https:\/\/www.somethy-technologie.com (opens in a new tab)\" rel=\"noreferrer noopener\" class=\"rank-math-link\">https:\/\/www.somethy-technologie.com<\/a> <\/p>\n<\/div>\n\n\n\n<div class=\"wp-block-jetpack-layout-grid-column wp-block-jetpack-layout-grid__padding-none\">\n<figure class=\"wp-block-image size-large\"><img decoding=\"async\" width=\"1280\" height=\"853\" src=\"https:\/\/www.corso-saunamanufaktur.com\/wp-content\/uploads\/2020\/06\/Nussbaum-Sauna-corso-1280x853.jpg\" alt=\"\" class=\"wp-image-11311\" title=\"\" srcset=\"https:\/\/www.corso-saunamanufaktur.com\/wp-content\/uploads\/2020\/06\/Nussbaum-Sauna-corso-1280x853.jpg 1280w, https:\/\/www.corso-saunamanufaktur.com\/wp-content\/uploads\/2020\/06\/Nussbaum-Sauna-corso-640x427.jpg 640w, https:\/\/www.corso-saunamanufaktur.com\/wp-content\/uploads\/2020\/06\/Nussbaum-Sauna-corso-768x512.jpg 768w, https:\/\/www.corso-saunamanufaktur.com\/wp-content\/uploads\/2020\/06\/Nussbaum-Sauna-corso-300x200.jpg 300w, https:\/\/www.corso-saunamanufaktur.com\/wp-content\/uploads\/2020\/06\/Nussbaum-Sauna-corso-1024x682.jpg 1024w, https:\/\/www.corso-saunamanufaktur.com\/wp-content\/uploads\/2020\/06\/Nussbaum-Sauna-corso.jpg 1400w\" sizes=\"(max-width: 1280px) 100vw, 1280px\" \/><\/figure>\n\n\n\n<div style=\"height:20px\" aria-hidden=\"true\" class=\"wp-block-spacer\"><\/div>\n\n\n\n<p><strong>EURO PISCINES<br>Services<\/strong><\/p>\n\n\n\n<p>Lieu-dit Les Fours<br>18120 Massay<br>Tel. +33 (0) 2 48 51 90 76<\/p>\n\n\n\n<p><a href=\"https:\/\/www.splash-de-verite.fr\" class=\"rank-math-link\" target=\"_blank\" rel=\"noopener\">https:\/\/www.splash-de-verite.fr<\/a><\/p>\n<\/div>\n<\/div>\n\n\n\n<div class=\"wp-block-jetpack-layout-grid column1-desktop-grid__span-4 column1-desktop-grid__row-1 column2-desktop-grid__span-4 column2-desktop-grid__start-5 column2-desktop-grid__row-1 column3-desktop-grid__span-4 column3-desktop-grid__start-9 column3-desktop-grid__row-1 column1-tablet-grid__span-4 column1-tablet-grid__row-1 column2-tablet-grid__span-4 column2-tablet-grid__start-5 column2-tablet-grid__row-1 column3-tablet-grid__span-8 column3-tablet-grid__row-2 column1-mobile-grid__span-4 column1-mobile-grid__row-1 column2-mobile-grid__span-4 column2-mobile-grid__row-2 column3-mobile-grid__span-4 column3-mobile-grid__row-3\">\n<div class=\"wp-block-jetpack-layout-grid-column wp-block-jetpack-layout-grid__padding-none\">\n<figure class=\"wp-block-image size-large\"><img decoding=\"async\" width=\"1280\" height=\"853\" src=\"https:\/\/www.corso-saunamanufaktur.com\/wp-content\/uploads\/2020\/06\/corso-Designsauna-schwebende-Baenke-2-1280x853.jpg\" alt=\"\" class=\"wp-image-11000\" title=\"\" srcset=\"https:\/\/www.corso-saunamanufaktur.com\/wp-content\/uploads\/2020\/06\/corso-Designsauna-schwebende-Baenke-2-1280x853.jpg 1280w, https:\/\/www.corso-saunamanufaktur.com\/wp-content\/uploads\/2020\/06\/corso-Designsauna-schwebende-Baenke-2-640x427.jpg 640w, https:\/\/www.corso-saunamanufaktur.com\/wp-content\/uploads\/2020\/06\/corso-Designsauna-schwebende-Baenke-2-768x512.jpg 768w, https:\/\/www.corso-saunamanufaktur.com\/wp-content\/uploads\/2020\/06\/corso-Designsauna-schwebende-Baenke-2-300x200.jpg 300w, https:\/\/www.corso-saunamanufaktur.com\/wp-content\/uploads\/2020\/06\/corso-Designsauna-schwebende-Baenke-2-1024x682.jpg 1024w, https:\/\/www.corso-saunamanufaktur.com\/wp-content\/uploads\/2020\/06\/corso-Designsauna-schwebende-Baenke-2.jpg 1400w\" sizes=\"(max-width: 1280px) 100vw, 1280px\" \/><\/figure>\n\n\n\n<div style=\"height:20px\" aria-hidden=\"true\" class=\"wp-block-spacer\"><\/div>\n\n\n\n<p><strong>PISCINE ET JARDIN<br>Source de bien-\u00eatre<\/strong><\/p>\n\n\n\n<p>5 Rue du Frenele, <br>59650 Villeneuve-d&rsquo;Ascq<br>Tel. +33 (0) 3 20 05 05 15<\/p>\n\n\n\n<p><a href=\"https:\/\/www.piscineetjardin.com\/\" target=\"_blank\" aria-label=\"https:\/\/www.piscineetjardin.com\/ (opens in a new tab)\" rel=\"noreferrer noopener\" class=\"rank-math-link\">https:\/\/www.piscineetjardin.com\/<\/a><\/p>\n<\/div>\n\n\n\n<div class=\"wp-block-jetpack-layout-grid-column wp-block-jetpack-layout-grid__padding-none\">\n<figure class=\"wp-block-image size-large\"><img decoding=\"async\" width=\"1280\" height=\"853\" src=\"https:\/\/www.corso-saunamanufaktur.com\/wp-content\/uploads\/2020\/06\/corso-designsauna-altholz-6-1280x853.jpg\" alt=\"Vieux bois sauna sous les rev\u00eatements de toit avec \u00e9clairage de dossier\" class=\"wp-image-11184\" title=\"\" srcset=\"https:\/\/www.corso-saunamanufaktur.com\/wp-content\/uploads\/2020\/06\/corso-designsauna-altholz-6-1280x853.jpg 1280w, https:\/\/www.corso-saunamanufaktur.com\/wp-content\/uploads\/2020\/06\/corso-designsauna-altholz-6-640x427.jpg 640w, https:\/\/www.corso-saunamanufaktur.com\/wp-content\/uploads\/2020\/06\/corso-designsauna-altholz-6-768x512.jpg 768w, https:\/\/www.corso-saunamanufaktur.com\/wp-content\/uploads\/2020\/06\/corso-designsauna-altholz-6-300x200.jpg 300w, https:\/\/www.corso-saunamanufaktur.com\/wp-content\/uploads\/2020\/06\/corso-designsauna-altholz-6-1024x682.jpg 1024w, https:\/\/www.corso-saunamanufaktur.com\/wp-content\/uploads\/2020\/06\/corso-designsauna-altholz-6.jpg 1400w\" sizes=\"(max-width: 1280px) 100vw, 1280px\" \/><\/figure>\n\n\n\n<div style=\"height:20px\" aria-hidden=\"true\" class=\"wp-block-spacer\"><\/div>\n\n\n\n<p><strong>SUNDANCE SPAS NANTES<br>La Marque Premium du Groupe Jacuzzi<\/strong><\/p>\n\n\n\n<p>15 avenue Jacques Cartier<br>44800 Saint-Herblain<br>Tel. +33 (0)2 40 94 61 40<br><br><a aria-label=\" (opens in a new tab)\" href=\"https:\/\/www.sundance-spas.fr\" target=\"_blank\" rel=\"noreferrer noopener\" class=\"rank-math-link\">https:\/\/www.sundance-spas.fr<\/a> <\/p>\n<\/div>\n\n\n\n<div class=\"wp-block-jetpack-layout-grid-column wp-block-jetpack-layout-grid__padding-none\">\n<figure class=\"wp-block-image size-large\"><img decoding=\"async\" width=\"1280\" height=\"853\" src=\"https:\/\/www.corso-saunamanufaktur.com\/wp-content\/uploads\/2020\/06\/Nussbaum-Sauna-corso-1280x853.jpg\" alt=\"\" class=\"wp-image-11311\" title=\"\" srcset=\"https:\/\/www.corso-saunamanufaktur.com\/wp-content\/uploads\/2020\/06\/Nussbaum-Sauna-corso-1280x853.jpg 1280w, https:\/\/www.corso-saunamanufaktur.com\/wp-content\/uploads\/2020\/06\/Nussbaum-Sauna-corso-640x427.jpg 640w, https:\/\/www.corso-saunamanufaktur.com\/wp-content\/uploads\/2020\/06\/Nussbaum-Sauna-corso-768x512.jpg 768w, https:\/\/www.corso-saunamanufaktur.com\/wp-content\/uploads\/2020\/06\/Nussbaum-Sauna-corso-300x200.jpg 300w, https:\/\/www.corso-saunamanufaktur.com\/wp-content\/uploads\/2020\/06\/Nussbaum-Sauna-corso-1024x682.jpg 1024w, https:\/\/www.corso-saunamanufaktur.com\/wp-content\/uploads\/2020\/06\/Nussbaum-Sauna-corso.jpg 1400w\" sizes=\"(max-width: 1280px) 100vw, 1280px\" \/><\/figure>\n\n\n\n<div style=\"height:20px\" aria-hidden=\"true\" class=\"wp-block-spacer\"><\/div>\n\n\n\n<p><strong>SUNDANCE SPAS PARIS<\/strong><br><strong>La Marque Premium du Groupe Jacuzzi<\/strong><\/p>\n\n\n\n<p>1 Route de Saint-Germain<br>78430 Louveciennes<br>Tel. +33 (0) 1 39 10 61 58<\/p>\n\n\n\n<p><a aria-label=\" (opens in a new tab)\" href=\"https:\/\/www.sundance-spas.fr\" target=\"_blank\" rel=\"noreferrer noopener\" class=\"rank-math-link\"><\/a><a href=\"https:\/\/www.splash-de-verite.fr\" class=\"rank-math-link\" target=\"_blank\" rel=\"noopener\"><\/a><a href=\"https:\/\/www.sundance-spas.fr\" class=\"rank-math-link\" target=\"_blank\" rel=\"noopener\">https:\/\/www.sundance-spas.fr<\/a><\/p>\n<\/div>\n<\/div>\n\n\n\n<div class=\"wp-block-jetpack-layout-grid column1-desktop-grid__span-4 column1-desktop-grid__row-1 column2-desktop-grid__span-8 column2-desktop-grid__start-5 column2-desktop-grid__row-1 column1-tablet-grid__span-4 column1-tablet-grid__row-1 column2-tablet-grid__span-4 column2-tablet-grid__start-5 column2-tablet-grid__row-1 column1-mobile-grid__span-4 column1-mobile-grid__row-1 column2-mobile-grid__span-4 column2-mobile-grid__row-2 is-style-border\">\n<div class=\"wp-block-jetpack-layout-grid-column wp-block-jetpack-layout-grid__padding-none\">\n<figure class=\"wp-block-image size-full is-style-inline-svg\"><img decoding=\"async\" width=\"400\" height=\"200\" src=\"https:\/\/www.corso-saunamanufaktur.com\/wp-content\/uploads\/\/2020\/08\/CORSO-5013_beratung-weiss_sg.svg\" alt=\"\" class=\"wp-image-8332\" title=\"\"><\/figure>\n<\/div>\n\n\n\n<div class=\"wp-block-jetpack-layout-grid-column wp-block-jetpack-layout-grid__padding-none\">\n<h2 class=\"wp-block-heading\">Conseil sp\u00e9cialis\u00e9 pour votre projet sauna<\/h2>\n\n\n\n<p>Les expositions de saunas de la soci\u00e9t\u00e9 Corso Saunas se trouvent dans le nord, le centre et le sud de la France. V\u00e9ritables experts du sauna, les consultants qui y travaillent sont sur la route depuis de nombreuses ann\u00e9es pour vous conseiller dans votre projet. Nous planifions votre sauna sur mesure!<\/p>\n<\/div>\n<\/div>\n\n\n\n<div class=\"wp-block-jetpack-layout-grid column1-desktop-grid__span-8 column1-desktop-grid__row-1 column2-desktop-grid__span-4 column2-desktop-grid__start-9 column2-desktop-grid__row-1 column1-tablet-grid__span-4 column1-tablet-grid__row-1 column2-tablet-grid__span-4 column2-tablet-grid__start-5 column2-tablet-grid__row-1 column1-mobile-grid__span-4 column1-mobile-grid__row-1 column2-mobile-grid__span-4 column2-mobile-grid__row-2\">\n<div class=\"wp-block-jetpack-layout-grid-column wp-block-jetpack-layout-grid__padding-none\">\n<figure class=\"wp-block-image size-full\"><img decoding=\"async\" width=\"950\" height=\"660\" src=\"https:\/\/www.corso-saunamanufaktur.com\/wp-content\/uploads\/2020\/12\/bois-de-sauna-apercu.jpg\" alt=\"\" class=\"wp-image-13966\" title=\"\" srcset=\"https:\/\/www.corso-saunamanufaktur.com\/wp-content\/uploads\/2020\/12\/bois-de-sauna-apercu.jpg 950w, https:\/\/www.corso-saunamanufaktur.com\/wp-content\/uploads\/2020\/12\/bois-de-sauna-apercu-640x445.jpg 640w, https:\/\/www.corso-saunamanufaktur.com\/wp-content\/uploads\/2020\/12\/bois-de-sauna-apercu-768x534.jpg 768w\" sizes=\"(max-width: 950px) 100vw, 950px\" \/><\/figure>\n<\/div>\n\n\n\n<div class=\"wp-block-jetpack-layout-grid-column is-style-background-yellow wp-block-jetpack-layout-grid__padding-none\">\n<h3 class=\"wp-block-heading\">Conseil professionnel<br><\/h3>\n\n\n\n<p>Dans l\u2019exposition, vous trouverez diff\u00e9rentes variantes de saunas: un sauna pour le bain, un sauna avec fa\u00e7ade en verre, sauna classique&#8230; Dans un entretien personnel, nous vous conseillons de choisir le bon sauna pour vos besoins et d\u00e9sirs. Pour tous les saunas corso:<\/p>\n\n\n\n<ul class=\"wp-block-list\"><li>Haute qualit\u00e9<\/li><li>Sur mesure selon votre souhait<\/li><li>\u00abMade in Germany\u00bb<\/li><\/ul>\n\n\n\n<p>Nous vous donnons tout pour que vous ayez de longues ann\u00e9es de plaisir dans votre sauna ! Bient\u00f4t, la premi\u00e8re infusion pourrait siffler sur les pierres de votre sauna et un agr\u00e9able parfum pourrait apporter une relaxation absolue. Il n\u2019y a pas de plus belle fa\u00e7on d&rsquo;enchanter son corps et sa sant\u00e9&#8230;<\/p>\n\n\n\n<div class=\"wp-block-buttons is-layout-flex wp-block-buttons-is-layout-flex\">\n<div class=\"wp-block-button\"><a class=\"wp-block-button__link has-very-dark-gray-color has-text-color has-background\" href=\"https:\/\/www.corso-saunamanufaktur.com\/fr\/manufacture\/contact\/\" style=\"border-radius:0px;background-color:#ffffff\"><strong>DEMANDEZ MAINTENANT  &gt;<\/strong><\/a><\/div>\n<\/div>\n<\/div>\n<\/div>\n\n\n\n<div class=\"wp-block-jetpack-layout-grid column1-desktop-grid__span-12 column1-desktop-grid__row-1 column1-tablet-grid__span-8 column1-tablet-grid__row-1 column1-mobile-grid__span-4 column1-mobile-grid__row-1\">\n<div class=\"wp-block-jetpack-layout-grid-column wp-block-jetpack-layout-grid__padding-none\">\n<h2 class=\"wp-block-heading\">Autres endroits: expositions de saunas corso<\/h2>\n\n\n\n<div class=\"wp-block-jetpack-layout-grid column1-desktop-grid__span-6 column1-desktop-grid__row-1 column2-desktop-grid__span-6 column2-desktop-grid__start-7 column2-desktop-grid__row-1 column1-tablet-grid__span-4 column1-tablet-grid__row-1 column2-tablet-grid__span-4 column2-tablet-grid__start-5 column2-tablet-grid__row-1 column1-mobile-grid__span-4 column1-mobile-grid__row-1 column2-mobile-grid__span-4 column2-mobile-grid__row-2\">\n<div class=\"wp-block-jetpack-layout-grid-column wp-block-jetpack-layout-grid__padding-none\"><div id=\"crsx-mb-block-892e4ee3-2436-4774-9702-2b193edd1d2d\" class=\"crsx-image-button \">\n\t<img decoding=\"async\" class=\"img-back\" src=\"https:\/\/www.corso-saunamanufaktur.com\/wp-content\/uploads\/2020\/06\/Sauna-Ausstellung-corso-2.jpg\" srcset=\"https:\/\/www.corso-saunamanufaktur.com\/wp-content\/uploads\/2020\/06\/Sauna-Ausstellung-corso-2-640x426.jpg 640w, https:\/\/www.corso-saunamanufaktur.com\/wp-content\/uploads\/2020\/06\/Sauna-Ausstellung-corso-2-1280x851.jpg 1280w, https:\/\/www.corso-saunamanufaktur.com\/wp-content\/uploads\/2020\/06\/Sauna-Ausstellung-corso-2-768x511.jpg 768w, https:\/\/www.corso-saunamanufaktur.com\/wp-content\/uploads\/2020\/06\/Sauna-Ausstellung-corso-2-300x200.jpg 300w, https:\/\/www.corso-saunamanufaktur.com\/wp-content\/uploads\/2020\/06\/Sauna-Ausstellung-corso-2-1024x681.jpg 1024w, https:\/\/www.corso-saunamanufaktur.com\/wp-content\/uploads\/2020\/06\/Sauna-Ausstellung-corso-2.jpg 1400w\" alt=\"\" title=\"\">\n\t<div class=\"buttons\">\n\t\t<a class=\"btn-target\" href=\"https:\/\/www.corso-saunamanufaktur.com\/fr\/expositions-sauna\/exposition-siege-bramsche\/\"><span class=\"btn-title\">Si\u00e8ge \u00e0 Bramsche<\/span><span class=\"btn-subtitle\">Horaires d&#039;ouvertures + infos<\/span><\/a>\t<\/div>\n<\/div>\n<\/div>\n\n\n\n<div class=\"wp-block-jetpack-layout-grid-column wp-block-jetpack-layout-grid__padding-none\"><div id=\"crsx-mb-block-9daa503d-49cc-476a-89fd-55a76e34cf29\" class=\"crsx-image-button \">\n\t<img decoding=\"async\" class=\"img-back\" src=\"https:\/\/www.corso-saunamanufaktur.com\/wp-content\/uploads\/2020\/06\/saunaausstellung-muenchen-corso-4.jpg\" srcset=\"https:\/\/www.corso-saunamanufaktur.com\/wp-content\/uploads\/2020\/06\/saunaausstellung-muenchen-corso-4-640x427.jpg 640w, https:\/\/www.corso-saunamanufaktur.com\/wp-content\/uploads\/2020\/06\/saunaausstellung-muenchen-corso-4-1280x853.jpg 1280w, https:\/\/www.corso-saunamanufaktur.com\/wp-content\/uploads\/2020\/06\/saunaausstellung-muenchen-corso-4-768x512.jpg 768w, https:\/\/www.corso-saunamanufaktur.com\/wp-content\/uploads\/2020\/06\/saunaausstellung-muenchen-corso-4-300x200.jpg 300w, https:\/\/www.corso-saunamanufaktur.com\/wp-content\/uploads\/2020\/06\/saunaausstellung-muenchen-corso-4-1024x682.jpg 1024w, https:\/\/www.corso-saunamanufaktur.com\/wp-content\/uploads\/2020\/06\/saunaausstellung-muenchen-corso-4.jpg 1400w\" alt=\"\" title=\"\">\n\t<div class=\"buttons\">\n\t\t<a class=\"btn-target\" href=\"https:\/\/www.corso-saunamanufaktur.com\/fr\/expositions-sauna\/sauna-exposition-munich\/\"><span class=\"btn-title\">Exposition \u00e0 Munich<\/span><span class=\"btn-subtitle\">Horaires d&#039;ouvertures + infos<\/span><\/a>\t<\/div>\n<\/div>\n\n\n\n<p><\/p>\n<\/div>\n<\/div>\n\n\n\n<p><\/p>\n<\/div>\n<\/div>\n","protected":false},"excerpt":{"rendered":"<p>CORSO EXPOSITIONS EN FRANCENous nous r\u00e9jouissons de vous fournir des conseils d&rsquo;experts sur votre projet de sauna. En France, nous travaillons avec des concessionnaires s\u00e9lectionn\u00e9s qui seront heureux de vous accueillir dans leurs salles d&rsquo;exposition. HEURES D&rsquo;OUVERTURESPour des informations d\u00e9taill\u00e9es, veuillez vous r\u00e9f\u00e9rer aux pages d&rsquo;accueil respectives ci-dessous. Distributeurs principals de saunas corso en France &#8230; <a title=\"Expositions de saunas en France\" class=\"read-more\" href=\"https:\/\/www.corso-saunamanufaktur.com\/fr\/expositions-sauna\/expositions-sauna-france\/\" aria-label=\"En savoir plus sur Expositions de saunas en France\">Lire la suite<\/a><\/p>\n","protected":false},"author":5,"featured_media":14246,"parent":8259,"menu_order":0,"comment_status":"closed","ping_status":"closed","template":"","meta":{"om_disable_all_campaigns":false,"footnotes":""},"class_list":["post-14228","page","type-page","status-publish","has-post-thumbnail"],"_links":{"self":[{"href":"https:\/\/www.corso-saunamanufaktur.com\/fr\/wp-json\/wp\/v2\/pages\/14228","targetHints":{"allow":["GET"]}}],"collection":[{"href":"https:\/\/www.corso-saunamanufaktur.com\/fr\/wp-json\/wp\/v2\/pages"}],"about":[{"href":"https:\/\/www.corso-saunamanufaktur.com\/fr\/wp-json\/wp\/v2\/types\/page"}],"author":[{"embeddable":true,"href":"https:\/\/www.corso-saunamanufaktur.com\/fr\/wp-json\/wp\/v2\/users\/5"}],"replies":[{"embeddable":true,"href":"https:\/\/www.corso-saunamanufaktur.com\/fr\/wp-json\/wp\/v2\/comments?post=14228"}],"version-history":[{"count":0,"href":"https:\/\/www.corso-saunamanufaktur.com\/fr\/wp-json\/wp\/v2\/pages\/14228\/revisions"}],"up":[{"embeddable":true,"href":"https:\/\/www.corso-saunamanufaktur.com\/fr\/wp-json\/wp\/v2\/pages\/8259"}],"wp:featuredmedia":[{"embeddable":true,"href":"https:\/\/www.corso-saunamanufaktur.com\/fr\/wp-json\/wp\/v2\/media\/14246"}],"wp:attachment":[{"href":"https:\/\/www.corso-saunamanufaktur.com\/fr\/wp-json\/wp\/v2\/media?parent=14228"}],"curies":[{"name":"wp","href":"https:\/\/api.w.org\/{rel}","templated":true}]}}