{"id":9182,"date":"2024-12-16T14:24:33","date_gmt":"2024-12-16T14:24:33","guid":{"rendered":"https:\/\/www.corso-saunamanufaktur.com\/impressum\/"},"modified":"2026-01-08T11:47:59","modified_gmt":"2026-01-08T10:47:59","slug":"imprint","status":"publish","type":"page","link":"https:\/\/www.corso-saunamanufaktur.com\/en\/imprint\/","title":{"rendered":"Imprint"},"content":{"rendered":"\n<div class=\"wp-block-jetpack-layout-grid column1-desktop-grid__span-12 column1-desktop-grid__row-1 column1-tablet-grid__span-8 column1-tablet-grid__row-1 column1-mobile-grid__span-4 column1-mobile-grid__row-1\">\n<div class=\"wp-block-jetpack-layout-grid-column wp-block-jetpack-layout-grid__padding-none\"><div  class=\"agb_content agb_imprint  notranslate\"><div>corso sauna manufaktur GmbH<br \/>\nIndustriestra&szlig;e 37<br \/>\n49565 Bramsche<br \/>\nGermany<br \/>\n<br \/>\nPhone.: 05461 60 399-0<br \/>\nFax: 05461 60 399-29<br \/>\ne-mail: info@corso-saunamanufaktur.com<br \/>\n<br \/>\nRegister court: Osnabr&uuml;ck Local Court<br \/>\nRegister number: HRB 206396<br \/>\n<br \/>\nManaging Director: Max Lingens, Benedictus Lingens<br \/>\n<br \/>\nSales tax identification number: DE283594549<br \/>\n<br \/>\nResponsible party within the meaning of &sect; 18 para. 2 MStV:<br \/>\nTina Gaden, Industriestra&szlig;e 37, D-49565 Bramsche, info@corso-saunamanufaktur.com<br \/>\n<br \/>\nCompetent supervisory authority for the provision of audiovisual media services:<br \/>\nNieders&auml;chsische Landesmedienanstalt (NLM), Seelhorststra&szlig;e 18, 30175 Hanover, Germany<br \/>\n<br \/>\nWe are neither obliged nor willing to participate in dispute resolution proceedings before a consumer arbitration board.<br \/>\n<br \/>\nPhoto rights:<br \/>\n&copy; corso sauna manufaktur gmbh<br \/>\n&copy; Arnt Haug | Arnt Haug Fotografie<br \/>\n&copy; Christa Henke | Alfsee GmbH<br \/>\n&copy; Christa Henke | Haus H&ouml;pcke<br \/>\n&copy; B&uuml;ro Montana | Detlev Schmidt | Peter Gl&ouml;ckner Architektur<br \/>\n&copy; Dresdner B&auml;der GmbH<br \/>\n&copy; el_r1010 &ndash; Fotolia.com<br \/>\n&copy; GaloResort Galomar Madeira<br \/>\n&copy; G&uuml;nter Standl, guenterstandl.de<br \/>\n&copy; HOFQUARTIER Taufkirchen<br \/>\n&copy; Jeans<br \/>\n&copy; Leader Spa<br \/>\n&copy; Leifhelm | Fairmont Vier Jahreszeiten Hotel Hamburg<br \/>\n&copy; Pixabay<br \/>\n&copy; Ralph Orange | immoshots<br \/>\n&copy; Romantik Hotel Reichshof Norden<br \/>\n&copy; Sommerhuber GmbH<\/div><div id=\"itkanzlei_txt_copyright\" style=\"font-size: 12px; margin-top: 8em;\"><div style=\"display: inline-block; vertical-align: top; margin-left: 5px; float: right; white-space: nowrap;\">Version: 28.03.2026, 17:41:58<\/div><div style=\"clear: right;\"><\/div><\/div><\/div>\n\n\n<div id=\"crsx-mb-block-f7a3d489-d56e-4a2c-bed3-e3a18757838e\" class=\"crsx-testimonnial-image \" style=\"background-image: url(https:\/\/www.corso-saunamanufaktur.com\/wp-content\/uploads\/2020\/06\/Corso-Zitate_Yoga_2000x600.jpg)\">\n\t\t<div class=\"icon\">\n\t\t<img decoding=\"async\" class=\"img-icon\" src=\"https:\/\/www.corso-saunamanufaktur.com\/wp-content\/uploads\/2020\/06\/CORSO-5013_s_empfehlung.svg\" alt=\"\" title=\"\">\n\t<\/div>\n\t\t<div class=\"panel\">\n\t\t<div class=\"intro\">Zufriedene Kunden<\/div>\n\t\t<blockquote class=\"quote\">Herzlichen Dank und gro\u00dfes Lob an euer gesamtes Team f\u00fcr unsere wundersch\u00f6ne Sauna.<\/blockquote>\n\t\t<div class=\"source\">Alexander K.<\/div>\n\t\t\t\t\t<a class=\"btn-target\" href=\"https:\/\/www.corso-saunamanufaktur.com\/en\/sauna-experiences-satisfied-customers\/\">Weitere Kunden-Meinungen<\/a>\n\t\t\t<\/div>\n<\/div>\n<\/div>\n<\/div>\n","protected":false},"excerpt":{"rendered":"","protected":false},"author":5,"featured_media":6057,"parent":0,"menu_order":0,"comment_status":"closed","ping_status":"closed","template":"","meta":{"om_disable_all_campaigns":false,"footnotes":""},"class_list":["post-9182","page","type-page","status-publish","has-post-thumbnail"],"_links":{"self":[{"href":"https:\/\/www.corso-saunamanufaktur.com\/en\/wp-json\/wp\/v2\/pages\/9182","targetHints":{"allow":["GET"]}}],"collection":[{"href":"https:\/\/www.corso-saunamanufaktur.com\/en\/wp-json\/wp\/v2\/pages"}],"about":[{"href":"https:\/\/www.corso-saunamanufaktur.com\/en\/wp-json\/wp\/v2\/types\/page"}],"author":[{"embeddable":true,"href":"https:\/\/www.corso-saunamanufaktur.com\/en\/wp-json\/wp\/v2\/users\/5"}],"replies":[{"embeddable":true,"href":"https:\/\/www.corso-saunamanufaktur.com\/en\/wp-json\/wp\/v2\/comments?post=9182"}],"version-history":[{"count":0,"href":"https:\/\/www.corso-saunamanufaktur.com\/en\/wp-json\/wp\/v2\/pages\/9182\/revisions"}],"wp:featuredmedia":[{"embeddable":true,"href":"https:\/\/www.corso-saunamanufaktur.com\/en\/wp-json\/wp\/v2\/media\/6057"}],"wp:attachment":[{"href":"https:\/\/www.corso-saunamanufaktur.com\/en\/wp-json\/wp\/v2\/media?parent=9182"}],"curies":[{"name":"wp","href":"https:\/\/api.w.org\/{rel}","templated":true}]}}