{"id":17306,"date":"2022-03-22T10:20:08","date_gmt":"2022-03-22T10:20:08","guid":{"rendered":"https:\/\/www.corso-saunamanufaktur.com\/?page_id=17306"},"modified":"2025-06-30T07:33:22","modified_gmt":"2025-06-30T05:33:22","slug":"sauna-exhibition-cologne","status":"publish","type":"page","link":"https:\/\/www.corso-saunamanufaktur.com\/en\/showrooms\/sauna-exhibition-cologne\/","title":{"rendered":"Sauna exhibition Cologne"},"content":{"rendered":"\n<div class=\"wp-block-jetpack-layout-grid column1-desktop-grid__span-8 column1-desktop-grid__row-1 column2-desktop-grid__span-4 column2-desktop-grid__start-9 column2-desktop-grid__row-1 column1-tablet-grid__span-4 column1-tablet-grid__row-1 column2-tablet-grid__span-4 column2-tablet-grid__start-5 column2-tablet-grid__row-1 column1-mobile-grid__span-4 column1-mobile-grid__row-1 column2-mobile-grid__span-4 column2-mobile-grid__row-2\">\n<div class=\"wp-block-jetpack-layout-grid-column wp-block-jetpack-layout-grid__padding-none\">\n <div class=\"brlbs-cmpnt-container brlbs-cmpnt-content-blocker brlbs-cmpnt-with-individual-styles\" data-borlabs-cookie-content-blocker-id=\"google-maps\" data-borlabs-cookie-content=\"PGlmcmFtZSBzcmM9Imh0dHBzOi8vd3d3Lmdvb2dsZS5jb20vbWFwcy9lbWJlZD9wYj0hMW0xOCExbTEyITFtMyExZDI1MTQuMTc2OTAzNzY3MzgwMyEyZDYuOTUxODQyMDUxNzE3NjY3ITNkNTAuOTM4OTQxMzc5NDQ1MjYhMm0zITFmMCEyZjAhM2YwITNtMiExaTEwMjQhMmk3NjghNGYxMy4xITNtMyExbTIhMXMweDQ3YmYyNWJiMzdhMTc1YzklM0EweGY0OGI2MzA3ODQxZTkyZTUhMnNIYXNlbmthbXAlMjBCYWRhdXNzdGVsbHVuZyUyMEJhZCUyME9hc2UlMjAoTmllZGVybGFzc3VuZyUyMEslQzMlQjZsbikhNWUwITNtMiExc2RlITJzZGUhNHYxNjQ3NDI1NDQwNjU2ITVtMiExc2RlITJzZGUiIHN0eWxlPSJib3JkZXI6MDsiIGFsbG93ZnVsbHNjcmVlbj0iIiBsb2FkaW5nPSJsYXp5IiB3aWR0aD0iMTAwJSIgaGVpZ2h0PSIxMDAlIj48L2lmcmFtZT4=\"><div class=\"brlbs-cmpnt-cb-preset-b brlbs-cmpnt-cb-google-maps\"> <div class=\"brlbs-cmpnt-cb-thumbnail\" style=\"background-image: url('https:\/\/www.corso-saunamanufaktur.com\/wp-content\/uploads\/borlabs-cookie\/1\/brlbs-cb-google-maps-main.png')\"><\/div> <div class=\"brlbs-cmpnt-cb-main\"> <div class=\"brlbs-cmpnt-cb-content\"> <p class=\"brlbs-cmpnt-cb-description\">You are currently viewing a placeholder content from <strong>Google Maps<\/strong>. To access the actual content, click the button below. Please note that doing so will share data with third-party providers.<\/p> <a class=\"brlbs-cmpnt-cb-provider-toggle\" href=\"#\" data-borlabs-cookie-show-provider-information role=\"button\">More Information<\/a> <\/div> <div class=\"brlbs-cmpnt-cb-buttons\"> <a class=\"brlbs-cmpnt-cb-btn\" href=\"#\" data-borlabs-cookie-unblock role=\"button\">Unblock content<\/a> <a class=\"brlbs-cmpnt-cb-btn\" href=\"#\" data-borlabs-cookie-accept-service role=\"button\" style=\"display: inherit\">Accept required service and unblock content<\/a> <\/div> <\/div> <\/div><\/div>\n<\/div>\n\n\n\n<div class=\"wp-block-jetpack-layout-grid-column is-style-border wp-block-jetpack-layout-grid__padding-none\">\n<p><strong>Opening hours<\/strong><br>Monday to Friday 11 am \u2013 6 pm<br>Saturday 11 am \u2013 3 pm<\/p>\n\n\n\n<p>CONSULTATION IN THE EXHIBITION<br>Please make an appointment so that we can devote sufficient time to you. (Alternatively: video\/telephone consultation.)<\/p>\n\n\n\n<p><\/p>\n\n\n\n<p><strong>Address<\/strong><br>Wellness Manufaktur Hasenkamp<br>Kolumbastrasse 10<br>50667 Cologne<br>Phone <strong>0221 83790335<\/strong><br>Parking: Multi-storey car park Br\u00fcckenstra\u00dfe (Ludwigstra\u00dfe 4, 50667 Cologne)<\/p>\n\n\n\n<div class=\"wp-block-buttons is-layout-flex wp-block-buttons-is-layout-flex\">\n<div class=\"wp-block-button is-style-width-100\"><a class=\"wp-block-button__link has-very-dark-gray-color has-text-color has-background no-border-radius wp-element-button\" href=\"https:\/\/www.corso-saunamanufaktur.com\/en\/manufactory\/contact\/\" style=\"background-color:#f1ab1e\"><strong>CONTACT  &gt;<\/strong><\/a><\/div>\n<\/div>\n<\/div>\n<\/div>\n\n\n\n<div class=\"wp-block-jetpack-layout-grid column1-desktop-grid__span-4 column1-desktop-grid__row-1 column2-desktop-grid__span-8 column2-desktop-grid__start-5 column2-desktop-grid__row-1 column1-tablet-grid__span-4 column1-tablet-grid__row-1 column2-tablet-grid__span-4 column2-tablet-grid__start-5 column2-tablet-grid__row-1 column1-mobile-grid__span-4 column1-mobile-grid__row-1 column2-mobile-grid__span-4 column2-mobile-grid__row-2\">\n<div class=\"wp-block-jetpack-layout-grid-column wp-block-jetpack-layout-grid__padding-none\">\n<h3 class=\"wp-block-heading\">corso Sauna Exhibition Cologne at &#8220;Wellness-Manufaktur Hasenkamp&#8221;<\/h3>\n\n\n\n<p>Your own sauna does not have to remain a dream&#8230;! The Wellness-Manufaktur Hasenkamp is your contact for individual saunas, steam baths, infrared cabins, whirlpools and dream baths for the private or commercial sector. In the heart of Cologne&#8217;s old town, you will find four design saunas and numerous bathroom ideas on over 450 square meters of exhibition space.<\/p>\n\n\n\n<h3 class=\"wp-block-heading\">Competent advice directly in the sauna exhibition Cologne:<\/h3>\n\n\n\n<p>From planning to assembly to maintenance, the Hasenkamp master craftsman offers all trade services from a single source across all trades \u2013 with a fixed price and deadline guarantee. Together with you, the bathroom design team develops your individual and holistic wellness solution. Let yourself be inspired in the beautiful wellness manufactory and advised by the sauna professionals \u2013 &#8220;test seating&#8221; included.<\/p>\n\n\n\n<p><\/p>\n\n\n\n<div class=\"wp-block-buttons is-layout-flex wp-block-buttons-is-layout-flex\">\n<div class=\"wp-block-button is-style-width-100\"><a class=\"wp-block-button__link has-very-dark-gray-color has-text-color has-background no-border-radius wp-element-button\" href=\"https:\/\/www.corso-saunamanufaktur.com\/en\/manufactory\/contact\/\" style=\"background-color:#f1ab1e\"><strong>MAKE AN APPOINTMENT  &gt;<\/strong><\/a><\/div>\n<\/div>\n\n\n\n<p><\/p>\n<\/div>\n\n\n\n<div class=\"wp-block-jetpack-layout-grid-column wp-block-jetpack-layout-grid__padding-none\">\n<figure class=\"wp-block-image size-large\"><a href=\"https:\/\/www.corso-saunamanufaktur.com\/wp-content\/uploads\/2020\/08\/premium-sauna-glasfront-corso-1280x853.jpg\"><img decoding=\"async\" width=\"1280\" height=\"853\" src=\"https:\/\/www.corso-saunamanufaktur.com\/wp-content\/uploads\/2020\/08\/premium-sauna-glasfront-corso-1280x853.jpg\" alt=\"Bright design sauna with glass front and natural stone wall behind the sauna heater\" class=\"wp-image-16692\" title=\"\" srcset=\"https:\/\/www.corso-saunamanufaktur.com\/wp-content\/uploads\/2020\/08\/premium-sauna-glasfront-corso-1280x853.jpg 1280w, https:\/\/www.corso-saunamanufaktur.com\/wp-content\/uploads\/2020\/08\/premium-sauna-glasfront-corso-480x320.jpg 480w, https:\/\/www.corso-saunamanufaktur.com\/wp-content\/uploads\/2020\/08\/premium-sauna-glasfront-corso-768x512.jpg 768w, https:\/\/www.corso-saunamanufaktur.com\/wp-content\/uploads\/2020\/08\/premium-sauna-glasfront-corso-1600x1067.jpg 1600w, https:\/\/www.corso-saunamanufaktur.com\/wp-content\/uploads\/2020\/08\/premium-sauna-glasfront-corso-1536x1024.jpg 1536w, https:\/\/www.corso-saunamanufaktur.com\/wp-content\/uploads\/2020\/08\/premium-sauna-glasfront-corso-640x427.jpg 640w, https:\/\/www.corso-saunamanufaktur.com\/wp-content\/uploads\/2020\/08\/premium-sauna-glasfront-corso-300x200.jpg 300w, https:\/\/www.corso-saunamanufaktur.com\/wp-content\/uploads\/2020\/08\/premium-sauna-glasfront-corso-1024x683.jpg 1024w, https:\/\/www.corso-saunamanufaktur.com\/wp-content\/uploads\/2020\/08\/premium-sauna-glasfront-corso.jpg 1800w\" sizes=\"(max-width: 1280px) 100vw, 1280px\" \/><\/a><\/figure>\n\n\n\n<p><\/p>\n<\/div>\n<\/div>\n\n\n\n<div class=\"wp-block-jetpack-layout-grid column1-desktop-grid__span-4 column1-desktop-grid__row-1 column2-desktop-grid__span-8 column2-desktop-grid__start-5 column2-desktop-grid__row-1 column1-tablet-grid__span-4 column1-tablet-grid__row-1 column2-tablet-grid__span-4 column2-tablet-grid__start-5 column2-tablet-grid__row-1 column1-mobile-grid__span-4 column1-mobile-grid__row-1 column2-mobile-grid__span-4 column2-mobile-grid__row-2 is-style-border\">\n<div class=\"wp-block-jetpack-layout-grid-column wp-block-jetpack-layout-grid__padding-none\">\n<figure class=\"wp-block-image size-full is-style-inline-svg\"><img decoding=\"async\" width=\"400\" height=\"200\" src=\"https:\/\/www.corso-saunamanufaktur.com\/wp-content\/uploads\/\/2020\/08\/CORSO-5013_beratung-weiss_sg.svg\" alt=\"\" class=\"wp-image-8330\" title=\"\"><\/figure>\n<\/div>\n\n\n\n<div class=\"wp-block-jetpack-layout-grid-column wp-block-jetpack-layout-grid__padding-none\">\n<h2 class=\"wp-block-heading\">Complete service across all trades<\/h2>\n\n\n\n<p>Your advantage: In addition to competent advice, the Wellness-Manufaktur Hasenkamp offers first-class service &#8220;from a single source&#8221;: the bathroom and wellness experts take care of coordinating all trades so that you can sit back and relax right from the start.<\/p>\n<\/div>\n<\/div>\n\n\n\n<div class=\"wp-block-jetpack-layout-grid column1-desktop-grid__span-8 column1-desktop-grid__row-1 column2-desktop-grid__span-4 column2-desktop-grid__start-9 column2-desktop-grid__row-1 column1-tablet-grid__span-4 column1-tablet-grid__row-1 column2-tablet-grid__span-4 column2-tablet-grid__start-5 column2-tablet-grid__row-1 column1-mobile-grid__span-4 column1-mobile-grid__row-1 column2-mobile-grid__span-4 column2-mobile-grid__row-2\">\n<div class=\"wp-block-jetpack-layout-grid-column wp-block-jetpack-layout-grid__padding-none\">\n<figure class=\"wp-block-image size-large\"><img decoding=\"async\" width=\"1280\" height=\"853\" src=\"https:\/\/www.corso-saunamanufaktur.com\/wp-content\/uploads\/2020\/06\/Heimsauna-Nische-Bad-corso-5-1280x853.jpg\" alt=\"Home sauna with glass front in light aspen and dark thermo-aspen for home in the bathroom\" class=\"wp-image-6625\" title=\"\" srcset=\"https:\/\/www.corso-saunamanufaktur.com\/wp-content\/uploads\/2020\/06\/Heimsauna-Nische-Bad-corso-5-1280x853.jpg 1280w, https:\/\/www.corso-saunamanufaktur.com\/wp-content\/uploads\/2020\/06\/Heimsauna-Nische-Bad-corso-5-640x427.jpg 640w, https:\/\/www.corso-saunamanufaktur.com\/wp-content\/uploads\/2020\/06\/Heimsauna-Nische-Bad-corso-5-768x512.jpg 768w, https:\/\/www.corso-saunamanufaktur.com\/wp-content\/uploads\/2020\/06\/Heimsauna-Nische-Bad-corso-5-300x200.jpg 300w, https:\/\/www.corso-saunamanufaktur.com\/wp-content\/uploads\/2020\/06\/Heimsauna-Nische-Bad-corso-5-1024x682.jpg 1024w, https:\/\/www.corso-saunamanufaktur.com\/wp-content\/uploads\/2020\/06\/Heimsauna-Nische-Bad-corso-5.jpg 1400w\" sizes=\"(max-width: 1280px) 100vw, 1280px\" \/><\/figure>\n<\/div>\n\n\n\n<div class=\"wp-block-jetpack-layout-grid-column is-style-background-yellow wp-block-jetpack-layout-grid__padding-none\">\n<h3 class=\"wp-block-heading\">Sauna Exhibition Cologne<\/h3>\n\n\n\n<p>As a premium partner, your sauna project will be implemented in the wellness manufactory from A to Z: starting with the idea generation and through competent advice to assembly by trained sauna fitters. Let us convince you by  <\/p>\n\n\n\n<ul class=\"wp-block-list\">\n<li>high quality<\/li>\n\n\n\n<li>individual corso custom-made products<\/li>\n\n\n\n<li>&#8220;Made in Germany&#8221;<\/li>\n<\/ul>\n\n\n\n<p><\/p>\n\n\n\n<div class=\"wp-block-buttons is-layout-flex wp-block-buttons-is-layout-flex\">\n<div class=\"wp-block-button\"><a class=\"wp-block-button__link has-very-dark-gray-color has-text-color has-background no-border-radius wp-element-button\" href=\"https:\/\/www.corso-saunamanufaktur.com\/en\/manufactory\/contact\/\" style=\"background-color:#ffffff\"><strong>GET IN TOUCH  &gt;<\/strong><\/a><\/div>\n<\/div>\n<\/div>\n<\/div>\n\n\n\n<div class=\"wp-block-jetpack-layout-grid column1-desktop-grid__span-12 column1-desktop-grid__row-1 column1-tablet-grid__span-8 column1-tablet-grid__row-1 column1-mobile-grid__span-4 column1-mobile-grid__row-1\">\n<div class=\"wp-block-jetpack-layout-grid-column wp-block-jetpack-layout-grid__padding-none\">\n<h2 class=\"wp-block-heading\">Other locations: corso sauna exhibitions<\/h2>\n\n\n\n<div class=\"wp-block-jetpack-layout-grid column1-desktop-grid__span-6 column1-desktop-grid__row-1 column2-desktop-grid__span-6 column2-desktop-grid__start-7 column2-desktop-grid__row-1 column1-tablet-grid__span-4 column1-tablet-grid__row-1 column2-tablet-grid__span-4 column2-tablet-grid__start-5 column2-tablet-grid__row-1 column1-mobile-grid__span-4 column1-mobile-grid__row-1 column2-mobile-grid__span-4 column2-mobile-grid__row-2\">\n<div class=\"wp-block-jetpack-layout-grid-column wp-block-jetpack-layout-grid__padding-none\"><div id=\"crsx-mb-block-c16cbe54-bb31-4ff6-a51b-d68b2533b80c\" class=\"crsx-image-button \">\n\t<img decoding=\"async\" class=\"img-back\" src=\"https:\/\/www.corso-saunamanufaktur.com\/wp-content\/uploads\/2020\/09\/ausstellungssauna-nussbaum-e1599730978719.jpg\" srcset=\"https:\/\/www.corso-saunamanufaktur.com\/wp-content\/uploads\/2020\/09\/ausstellungssauna-nussbaum-e1599730978719-480x319.jpg 480w, https:\/\/www.corso-saunamanufaktur.com\/wp-content\/uploads\/2020\/09\/ausstellungssauna-nussbaum-e1599730978719-768x510.jpg 768w, https:\/\/www.corso-saunamanufaktur.com\/wp-content\/uploads\/2020\/09\/ausstellungssauna-nussbaum-e1599730978719-640x425.jpg 640w, https:\/\/www.corso-saunamanufaktur.com\/wp-content\/uploads\/2020\/09\/ausstellungssauna-nussbaum-e1599730978719.jpg 950w\" alt=\"\" title=\"\">\n\t<div class=\"buttons\">\n\t\t<a class=\"btn-target\" href=\"https:\/\/www.corso-saunamanufaktur.com\/en\/showrooms\/headquarter\/\"><span class=\"btn-title\">Headquarter near Osnabr\u00fcck<\/span><span class=\"btn-subtitle\">Address &amp; business hours<\/span><\/a>\t<\/div>\n<\/div>\n<\/div>\n\n\n\n<div class=\"wp-block-jetpack-layout-grid-column wp-block-jetpack-layout-grid__padding-none\"><div id=\"crsx-mb-block-6ecb066f-834d-48ab-97b7-bb021ad37511\" class=\"crsx-image-button \">\n\t<img decoding=\"async\" class=\"img-back\" src=\"https:\/\/www.corso-saunamanufaktur.com\/wp-content\/uploads\/2020\/06\/saunaausstellung-muenchen-corso-3.jpg\" srcset=\"https:\/\/www.corso-saunamanufaktur.com\/wp-content\/uploads\/2020\/06\/saunaausstellung-muenchen-corso-3-480x320.jpg 480w, https:\/\/www.corso-saunamanufaktur.com\/wp-content\/uploads\/2020\/06\/saunaausstellung-muenchen-corso-3-1280x853.jpg 1280w, https:\/\/www.corso-saunamanufaktur.com\/wp-content\/uploads\/2020\/06\/saunaausstellung-muenchen-corso-3-768x512.jpg 768w, https:\/\/www.corso-saunamanufaktur.com\/wp-content\/uploads\/2020\/06\/saunaausstellung-muenchen-corso-3-640x427.jpg 640w, https:\/\/www.corso-saunamanufaktur.com\/wp-content\/uploads\/2020\/06\/saunaausstellung-muenchen-corso-3-300x200.jpg 300w, https:\/\/www.corso-saunamanufaktur.com\/wp-content\/uploads\/2020\/06\/saunaausstellung-muenchen-corso-3-1024x682.jpg 1024w, https:\/\/www.corso-saunamanufaktur.com\/wp-content\/uploads\/2020\/06\/saunaausstellung-muenchen-corso-3.jpg 1400w\" alt=\"\" title=\"\">\n\t<div class=\"buttons\">\n\t\t<a class=\"btn-target\" href=\"https:\/\/www.corso-saunamanufaktur.com\/en\/showrooms\/showroom-munich\/\"><span class=\"btn-title\">Showroom Munich<\/span><span class=\"btn-subtitle\">Address &amp; business hours<\/span><\/a>\t<\/div>\n<\/div>\n\n\n\n<p><\/p>\n<\/div>\n<\/div>\n\n\n\n<p><\/p>\n<\/div>\n<\/div>\n","protected":false},"excerpt":{"rendered":"<p>You are currently viewing a placeholder content from Google Maps. To access the actual content, click the button below. Please note that doing so will share data with third-party providers. More Information Unblock content Accept required service and unblock content Opening hoursMonday to Friday 11 am \u2013 6 pmSaturday 11 am \u2013 3 pm CONSULTATION &#8230; <a title=\"Sauna exhibition Cologne\" class=\"read-more\" href=\"https:\/\/www.corso-saunamanufaktur.com\/en\/showrooms\/sauna-exhibition-cologne\/\" aria-label=\"Read more about Sauna exhibition Cologne\">Read more<\/a><\/p>\n","protected":false},"author":5,"featured_media":16692,"parent":8257,"menu_order":0,"comment_status":"closed","ping_status":"closed","template":"","meta":{"om_disable_all_campaigns":false,"footnotes":""},"class_list":["post-17306","page","type-page","status-publish","has-post-thumbnail"],"_links":{"self":[{"href":"https:\/\/www.corso-saunamanufaktur.com\/en\/wp-json\/wp\/v2\/pages\/17306","targetHints":{"allow":["GET"]}}],"collection":[{"href":"https:\/\/www.corso-saunamanufaktur.com\/en\/wp-json\/wp\/v2\/pages"}],"about":[{"href":"https:\/\/www.corso-saunamanufaktur.com\/en\/wp-json\/wp\/v2\/types\/page"}],"author":[{"embeddable":true,"href":"https:\/\/www.corso-saunamanufaktur.com\/en\/wp-json\/wp\/v2\/users\/5"}],"replies":[{"embeddable":true,"href":"https:\/\/www.corso-saunamanufaktur.com\/en\/wp-json\/wp\/v2\/comments?post=17306"}],"version-history":[{"count":0,"href":"https:\/\/www.corso-saunamanufaktur.com\/en\/wp-json\/wp\/v2\/pages\/17306\/revisions"}],"up":[{"embeddable":true,"href":"https:\/\/www.corso-saunamanufaktur.com\/en\/wp-json\/wp\/v2\/pages\/8257"}],"wp:featuredmedia":[{"embeddable":true,"href":"https:\/\/www.corso-saunamanufaktur.com\/en\/wp-json\/wp\/v2\/media\/16692"}],"wp:attachment":[{"href":"https:\/\/www.corso-saunamanufaktur.com\/en\/wp-json\/wp\/v2\/media?parent=17306"}],"curies":[{"name":"wp","href":"https:\/\/api.w.org\/{rel}","templated":true}]}}